{"id":98,"date":"2019-05-08T16:56:39","date_gmt":"2019-05-08T14:56:39","guid":{"rendered":"http:\/\/silvermotel.ms.decms.eu\/?page_id=98"},"modified":"2019-08-09T11:54:19","modified_gmt":"2019-08-09T09:54:19","slug":"servicios","status":"publish","type":"page","link":"https:\/\/www.motelsilver.it\/es\/servicios\/","title":{"rendered":"Servicios"},"content":{"rendered":"<p>Motel Silver pone a tu disposici\u00f3n los mejores servicios cerca de Mil\u00e1n. El hotel cuenta con un <strong>excelente servicio de habitaciones<\/strong> con una amplia variedad de platos de h 12.00 a 22.00.<\/p>\n<p>Entre las 17:00 y las 22:00, horario en que nuestro Chef est\u00e1 presente, puedes tambi\u00e9n probar su exquisita cocina preparada al momento. Adem\u00e1s, el restaurante, abierto de lunes a s\u00e1bado de 19:00 a 22:00, est\u00e1 listo para darte la bienvenida y disfrutar de una rom\u00e1ntica cena a la luz de las velas. Tambi\u00e9n puedes degustar un rico y variado desayuno buf\u00e9 continentale de 07:00 a 10:00.<\/p>\n<p>Conf\u00eda en nosotros, nuestro personal estar\u00e1 a tu completa disposici\u00f3n para cualquier petici\u00f3n especial. No dudes en ponerte en contacto con nosotros y estaremos encantados de ayudarte en organizar tu <strong>noche especial<\/strong>: flores, champ\u00e1n, p\u00e9talos de rosa y pastel es solo una peque\u00f1a parte de lo que podemos ofrecer.<\/p>\n","protected":false},"excerpt":{"rendered":"<p>Motel Silver pone a tu disposici\u00f3n los mejores servicios cerca de Mil\u00e1n. El hotel cuenta con un excelente servicio de habitaciones con una amplia variedad de platos de h 12.00 a 22.00. Entre las 17:00 y las 22:00, horario en que nuestro Chef est\u00e1 presente, puedes tambi\u00e9n probar su exquisita cocina preparada al momento. Adem\u00e1s, [&hellip;]<\/p>\n","protected":false},"author":3,"featured_media":0,"parent":0,"menu_order":3,"comment_status":"closed","ping_status":"closed","template":"","meta":{"footnotes":""},"class_list":["post-98","page","type-page","status-publish","hentry"],"yoast_head":"<!-- This site is optimized with the Yoast SEO plugin v26.9 - https:\/\/yoast.com\/product\/yoast-seo-wordpress\/ -->\n<title>Servicios - Silver Motel<\/title>\n<meta name=\"robots\" content=\"index, follow, max-snippet:-1, max-image-preview:large, max-video-preview:-1\" \/>\n<link rel=\"canonical\" href=\"https:\/\/www.motelsilver.it\/es\/servicios\/\" \/>\n<meta property=\"og:locale\" content=\"es_ES\" \/>\n<meta property=\"og:type\" content=\"article\" \/>\n<meta property=\"og:title\" content=\"Servicios - Silver Motel\" \/>\n<meta property=\"og:description\" content=\"Motel Silver pone a tu disposici\u00f3n los mejores servicios cerca de Mil\u00e1n. El hotel cuenta con un excelente servicio de habitaciones con una amplia variedad de platos de h 12.00 a 22.00. Entre las 17:00 y las 22:00, horario en que nuestro Chef est\u00e1 presente, puedes tambi\u00e9n probar su exquisita cocina preparada al momento. Adem\u00e1s, [&hellip;]\" \/>\n<meta property=\"og:url\" content=\"https:\/\/www.motelsilver.it\/es\/servicios\/\" \/>\n<meta property=\"og:site_name\" content=\"Silver Motel\" \/>\n<meta property=\"article:modified_time\" content=\"2019-08-09T09:54:19+00:00\" \/>\n<meta name=\"twitter:card\" content=\"summary_large_image\" \/>\n<meta name=\"twitter:label1\" content=\"Tiempo de lectura\" \/>\n\t<meta name=\"twitter:data1\" content=\"1 minuto\" \/>\n<script type=\"application\/ld+json\" class=\"yoast-schema-graph\">{\"@context\":\"https:\/\/schema.org\",\"@graph\":[{\"@type\":\"WebPage\",\"@id\":\"https:\/\/www.motelsilver.it\/es\/servicios\/\",\"url\":\"https:\/\/www.motelsilver.it\/es\/servicios\/\",\"name\":\"Servicios - Silver Motel\",\"isPartOf\":{\"@id\":\"https:\/\/www.motelsilver.it\/es\/#website\"},\"datePublished\":\"2019-05-08T14:56:39+00:00\",\"dateModified\":\"2019-08-09T09:54:19+00:00\",\"breadcrumb\":{\"@id\":\"https:\/\/www.motelsilver.it\/es\/servicios\/#breadcrumb\"},\"inLanguage\":\"es\",\"potentialAction\":[{\"@type\":\"ReadAction\",\"target\":[\"https:\/\/www.motelsilver.it\/es\/servicios\/\"]}]},{\"@type\":\"BreadcrumbList\",\"@id\":\"https:\/\/www.motelsilver.it\/es\/servicios\/#breadcrumb\",\"itemListElement\":[{\"@type\":\"ListItem\",\"position\":1,\"name\":\"Home\",\"item\":\"https:\/\/www.motelsilver.it\/es\/\"},{\"@type\":\"ListItem\",\"position\":2,\"name\":\"Servicios\"}]},{\"@type\":\"WebSite\",\"@id\":\"https:\/\/www.motelsilver.it\/es\/#website\",\"url\":\"https:\/\/www.motelsilver.it\/es\/\",\"name\":\"Silver Motel\",\"description\":\"Ecco un altro sito ms.decms.eu\",\"potentialAction\":[{\"@type\":\"SearchAction\",\"target\":{\"@type\":\"EntryPoint\",\"urlTemplate\":\"https:\/\/www.motelsilver.it\/es\/?s={search_term_string}\"},\"query-input\":{\"@type\":\"PropertyValueSpecification\",\"valueRequired\":true,\"valueName\":\"search_term_string\"}}],\"inLanguage\":\"es\"}]}<\/script>\n<!-- \/ Yoast SEO plugin. -->","yoast_head_json":{"title":"Servicios - Silver Motel","robots":{"index":"index","follow":"follow","max-snippet":"max-snippet:-1","max-image-preview":"max-image-preview:large","max-video-preview":"max-video-preview:-1"},"canonical":"https:\/\/www.motelsilver.it\/es\/servicios\/","og_locale":"es_ES","og_type":"article","og_title":"Servicios - Silver Motel","og_description":"Motel Silver pone a tu disposici\u00f3n los mejores servicios cerca de Mil\u00e1n. El hotel cuenta con un excelente servicio de habitaciones con una amplia variedad de platos de h 12.00 a 22.00. Entre las 17:00 y las 22:00, horario en que nuestro Chef est\u00e1 presente, puedes tambi\u00e9n probar su exquisita cocina preparada al momento. Adem\u00e1s, [&hellip;]","og_url":"https:\/\/www.motelsilver.it\/es\/servicios\/","og_site_name":"Silver Motel","article_modified_time":"2019-08-09T09:54:19+00:00","twitter_card":"summary_large_image","twitter_misc":{"Tiempo de lectura":"1 minuto"},"schema":{"@context":"https:\/\/schema.org","@graph":[{"@type":"WebPage","@id":"https:\/\/www.motelsilver.it\/es\/servicios\/","url":"https:\/\/www.motelsilver.it\/es\/servicios\/","name":"Servicios - Silver Motel","isPartOf":{"@id":"https:\/\/www.motelsilver.it\/es\/#website"},"datePublished":"2019-05-08T14:56:39+00:00","dateModified":"2019-08-09T09:54:19+00:00","breadcrumb":{"@id":"https:\/\/www.motelsilver.it\/es\/servicios\/#breadcrumb"},"inLanguage":"es","potentialAction":[{"@type":"ReadAction","target":["https:\/\/www.motelsilver.it\/es\/servicios\/"]}]},{"@type":"BreadcrumbList","@id":"https:\/\/www.motelsilver.it\/es\/servicios\/#breadcrumb","itemListElement":[{"@type":"ListItem","position":1,"name":"Home","item":"https:\/\/www.motelsilver.it\/es\/"},{"@type":"ListItem","position":2,"name":"Servicios"}]},{"@type":"WebSite","@id":"https:\/\/www.motelsilver.it\/es\/#website","url":"https:\/\/www.motelsilver.it\/es\/","name":"Silver Motel","description":"Ecco un altro sito ms.decms.eu","potentialAction":[{"@type":"SearchAction","target":{"@type":"EntryPoint","urlTemplate":"https:\/\/www.motelsilver.it\/es\/?s={search_term_string}"},"query-input":{"@type":"PropertyValueSpecification","valueRequired":true,"valueName":"search_term_string"}}],"inLanguage":"es"}]}},"acf":[],"_links":{"self":[{"href":"https:\/\/www.motelsilver.it\/es\/wp-json\/wp\/v2\/pages\/98","targetHints":{"allow":["GET"]}}],"collection":[{"href":"https:\/\/www.motelsilver.it\/es\/wp-json\/wp\/v2\/pages"}],"about":[{"href":"https:\/\/www.motelsilver.it\/es\/wp-json\/wp\/v2\/types\/page"}],"author":[{"embeddable":true,"href":"https:\/\/www.motelsilver.it\/es\/wp-json\/wp\/v2\/users\/3"}],"replies":[{"embeddable":true,"href":"https:\/\/www.motelsilver.it\/es\/wp-json\/wp\/v2\/comments?post=98"}],"version-history":[{"count":0,"href":"https:\/\/www.motelsilver.it\/es\/wp-json\/wp\/v2\/pages\/98\/revisions"}],"wp:attachment":[{"href":"https:\/\/www.motelsilver.it\/es\/wp-json\/wp\/v2\/media?parent=98"}],"curies":[{"name":"wp","href":"https:\/\/api.w.org\/{rel}","templated":true}]}}