{"id":95,"date":"2019-05-08T16:54:54","date_gmt":"2019-05-08T14:54:54","guid":{"rendered":"http:\/\/silvermotel.ms.decms.eu\/?page_id=95"},"modified":"2024-02-29T10:49:28","modified_gmt":"2024-02-29T09:49:28","slug":"suite-bambu-africa-69","status":"publish","type":"page","link":"https:\/\/www.motelsilver.it\/es\/habitaciones\/suite-bambu-africa-69\/","title":{"rendered":"Suite Bamb\u00fa \u00c1frica 69"},"content":{"rendered":"<p>Nuestra suite Africa Bamboo con espejos e hidromasaje est\u00e1 hecha con un estilo totalmente \u00e9tnico y es \u00fanica. Se caracteriza, de hecho, por la cama que descansa sobre una base de ca\u00f1as de bamb\u00fa, coronada por un gran espejo. El estilo \u00e9tnico caracteriza cada mueble de esta original suite: desde las l\u00e1mparas de mesa de hierro forjado con motivos t\u00edpicos de la sabana, pasando por el escritorio, pasando por las cortinas y la colcha en tejido animalier de cebra, hasta los armarios: cada detalle de la suite evoca un viaje evocador en la atm\u00f3sfera m\u00e1gica del continente africano. Para completar el mobiliario de la sala de estar, en la zona de relajaci\u00f3n hay un c\u00f3modo sof\u00e1 de cuero y un televisor LCD de 50 \u00abmuy moderno.<\/p>\n<p>La suite tambi\u00e9n est\u00e1 equipada con una gran ba\u00f1era de hidromasaje, totalmente de piedra con luces integradas y completada por una ducha doble situada detr\u00e1s de la ba\u00f1era.<\/p>\n<p><strong>4 horas 150\u20ac<br \/>\n6 horas 180\u20ac<br \/>\nPernoctaci\u00f3n 280\u20ac <span class=\"Y2IQFc\" lang=\"es\">(la tarifa puede variar en caso de alta ocupaci\u00f3n)<\/span><br \/>\n<\/strong><\/p>\n<p>Para el pasaje de 4 o 6 horas en la Suite Africa Bamboo con espejos e hidromasaje, puede reservar por tel\u00e9fono, llamando una hora antes de la hora prevista de llegada, o puede acudir directamente al motel sin reserva previa.<\/p>\n<p><a href=\"https:\/\/www.motelsilver.it\/es\/contactos\/\"><strong>Cont\u00e1ctenos ahora<\/strong><\/a> para solicitar informaci\u00f3n o si desea reservar una noche de estad\u00eda en esta habitaci\u00f3n.<\/p>\n","protected":false},"excerpt":{"rendered":"<p>Nuestra suite Africa Bamboo con espejos e hidromasaje est\u00e1 hecha con un estilo totalmente \u00e9tnico y es \u00fanica. Se caracteriza, de hecho, por la cama que descansa sobre una base de ca\u00f1as de bamb\u00fa, coronada por un gran espejo. El estilo \u00e9tnico caracteriza cada mueble de esta original suite: desde las l\u00e1mparas de mesa de [&hellip;]<\/p>\n","protected":false},"author":3,"featured_media":0,"parent":85,"menu_order":11,"comment_status":"closed","ping_status":"closed","template":"template-single-room.php","meta":{"footnotes":""},"class_list":["post-95","page","type-page","status-publish","hentry"],"yoast_head":"<!-- This site is optimized with the Yoast SEO plugin v26.9 - https:\/\/yoast.com\/product\/yoast-seo-wordpress\/ -->\n<title>Suite Bamb\u00fa \u00c1frica 69 - Silver Motel<\/title>\n<meta name=\"robots\" content=\"index, follow, max-snippet:-1, max-image-preview:large, max-video-preview:-1\" \/>\n<link rel=\"canonical\" href=\"https:\/\/www.motelsilver.it\/es\/habitaciones\/suite-bambu-africa-69\/\" \/>\n<meta property=\"og:locale\" content=\"es_ES\" \/>\n<meta property=\"og:type\" content=\"article\" \/>\n<meta property=\"og:title\" content=\"Suite Bamb\u00fa \u00c1frica 69 - Silver Motel\" \/>\n<meta property=\"og:description\" content=\"Nuestra suite Africa Bamboo con espejos e hidromasaje est\u00e1 hecha con un estilo totalmente \u00e9tnico y es \u00fanica. Se caracteriza, de hecho, por la cama que descansa sobre una base de ca\u00f1as de bamb\u00fa, coronada por un gran espejo. El estilo \u00e9tnico caracteriza cada mueble de esta original suite: desde las l\u00e1mparas de mesa de [&hellip;]\" \/>\n<meta property=\"og:url\" content=\"https:\/\/www.motelsilver.it\/es\/habitaciones\/suite-bambu-africa-69\/\" \/>\n<meta property=\"og:site_name\" content=\"Silver Motel\" \/>\n<meta property=\"article:modified_time\" content=\"2024-02-29T09:49:28+00:00\" \/>\n<meta name=\"twitter:card\" content=\"summary_large_image\" \/>\n<meta name=\"twitter:label1\" content=\"Tiempo de lectura\" \/>\n\t<meta name=\"twitter:data1\" content=\"1 minuto\" \/>\n<script type=\"application\/ld+json\" class=\"yoast-schema-graph\">{\"@context\":\"https:\/\/schema.org\",\"@graph\":[{\"@type\":\"WebPage\",\"@id\":\"https:\/\/www.motelsilver.it\/es\/habitaciones\/suite-bambu-africa-69\/\",\"url\":\"https:\/\/www.motelsilver.it\/es\/habitaciones\/suite-bambu-africa-69\/\",\"name\":\"Suite Bamb\u00fa \u00c1frica 69 - Silver Motel\",\"isPartOf\":{\"@id\":\"https:\/\/www.motelsilver.it\/es\/#website\"},\"datePublished\":\"2019-05-08T14:54:54+00:00\",\"dateModified\":\"2024-02-29T09:49:28+00:00\",\"breadcrumb\":{\"@id\":\"https:\/\/www.motelsilver.it\/es\/habitaciones\/suite-bambu-africa-69\/#breadcrumb\"},\"inLanguage\":\"es\",\"potentialAction\":[{\"@type\":\"ReadAction\",\"target\":[\"https:\/\/www.motelsilver.it\/es\/habitaciones\/suite-bambu-africa-69\/\"]}]},{\"@type\":\"BreadcrumbList\",\"@id\":\"https:\/\/www.motelsilver.it\/es\/habitaciones\/suite-bambu-africa-69\/#breadcrumb\",\"itemListElement\":[{\"@type\":\"ListItem\",\"position\":1,\"name\":\"Home\",\"item\":\"https:\/\/www.motelsilver.it\/es\/\"},{\"@type\":\"ListItem\",\"position\":2,\"name\":\"Habitaciones\",\"item\":\"https:\/\/www.motelsilver.it\/es\/habitaciones\/\"},{\"@type\":\"ListItem\",\"position\":3,\"name\":\"Suite Bamb\u00fa \u00c1frica 69\"}]},{\"@type\":\"WebSite\",\"@id\":\"https:\/\/www.motelsilver.it\/es\/#website\",\"url\":\"https:\/\/www.motelsilver.it\/es\/\",\"name\":\"Silver Motel\",\"description\":\"Ecco un altro sito ms.decms.eu\",\"potentialAction\":[{\"@type\":\"SearchAction\",\"target\":{\"@type\":\"EntryPoint\",\"urlTemplate\":\"https:\/\/www.motelsilver.it\/es\/?s={search_term_string}\"},\"query-input\":{\"@type\":\"PropertyValueSpecification\",\"valueRequired\":true,\"valueName\":\"search_term_string\"}}],\"inLanguage\":\"es\"}]}<\/script>\n<!-- \/ Yoast SEO plugin. -->","yoast_head_json":{"title":"Suite Bamb\u00fa \u00c1frica 69 - Silver Motel","robots":{"index":"index","follow":"follow","max-snippet":"max-snippet:-1","max-image-preview":"max-image-preview:large","max-video-preview":"max-video-preview:-1"},"canonical":"https:\/\/www.motelsilver.it\/es\/habitaciones\/suite-bambu-africa-69\/","og_locale":"es_ES","og_type":"article","og_title":"Suite Bamb\u00fa \u00c1frica 69 - Silver Motel","og_description":"Nuestra suite Africa Bamboo con espejos e hidromasaje est\u00e1 hecha con un estilo totalmente \u00e9tnico y es \u00fanica. Se caracteriza, de hecho, por la cama que descansa sobre una base de ca\u00f1as de bamb\u00fa, coronada por un gran espejo. El estilo \u00e9tnico caracteriza cada mueble de esta original suite: desde las l\u00e1mparas de mesa de [&hellip;]","og_url":"https:\/\/www.motelsilver.it\/es\/habitaciones\/suite-bambu-africa-69\/","og_site_name":"Silver Motel","article_modified_time":"2024-02-29T09:49:28+00:00","twitter_card":"summary_large_image","twitter_misc":{"Tiempo de lectura":"1 minuto"},"schema":{"@context":"https:\/\/schema.org","@graph":[{"@type":"WebPage","@id":"https:\/\/www.motelsilver.it\/es\/habitaciones\/suite-bambu-africa-69\/","url":"https:\/\/www.motelsilver.it\/es\/habitaciones\/suite-bambu-africa-69\/","name":"Suite Bamb\u00fa \u00c1frica 69 - Silver Motel","isPartOf":{"@id":"https:\/\/www.motelsilver.it\/es\/#website"},"datePublished":"2019-05-08T14:54:54+00:00","dateModified":"2024-02-29T09:49:28+00:00","breadcrumb":{"@id":"https:\/\/www.motelsilver.it\/es\/habitaciones\/suite-bambu-africa-69\/#breadcrumb"},"inLanguage":"es","potentialAction":[{"@type":"ReadAction","target":["https:\/\/www.motelsilver.it\/es\/habitaciones\/suite-bambu-africa-69\/"]}]},{"@type":"BreadcrumbList","@id":"https:\/\/www.motelsilver.it\/es\/habitaciones\/suite-bambu-africa-69\/#breadcrumb","itemListElement":[{"@type":"ListItem","position":1,"name":"Home","item":"https:\/\/www.motelsilver.it\/es\/"},{"@type":"ListItem","position":2,"name":"Habitaciones","item":"https:\/\/www.motelsilver.it\/es\/habitaciones\/"},{"@type":"ListItem","position":3,"name":"Suite Bamb\u00fa \u00c1frica 69"}]},{"@type":"WebSite","@id":"https:\/\/www.motelsilver.it\/es\/#website","url":"https:\/\/www.motelsilver.it\/es\/","name":"Silver Motel","description":"Ecco un altro sito ms.decms.eu","potentialAction":[{"@type":"SearchAction","target":{"@type":"EntryPoint","urlTemplate":"https:\/\/www.motelsilver.it\/es\/?s={search_term_string}"},"query-input":{"@type":"PropertyValueSpecification","valueRequired":true,"valueName":"search_term_string"}}],"inLanguage":"es"}]}},"acf":[],"_links":{"self":[{"href":"https:\/\/www.motelsilver.it\/es\/wp-json\/wp\/v2\/pages\/95","targetHints":{"allow":["GET"]}}],"collection":[{"href":"https:\/\/www.motelsilver.it\/es\/wp-json\/wp\/v2\/pages"}],"about":[{"href":"https:\/\/www.motelsilver.it\/es\/wp-json\/wp\/v2\/types\/page"}],"author":[{"embeddable":true,"href":"https:\/\/www.motelsilver.it\/es\/wp-json\/wp\/v2\/users\/3"}],"replies":[{"embeddable":true,"href":"https:\/\/www.motelsilver.it\/es\/wp-json\/wp\/v2\/comments?post=95"}],"version-history":[{"count":0,"href":"https:\/\/www.motelsilver.it\/es\/wp-json\/wp\/v2\/pages\/95\/revisions"}],"up":[{"embeddable":true,"href":"https:\/\/www.motelsilver.it\/es\/wp-json\/wp\/v2\/pages\/85"}],"wp:attachment":[{"href":"https:\/\/www.motelsilver.it\/es\/wp-json\/wp\/v2\/media?parent=95"}],"curies":[{"name":"wp","href":"https:\/\/api.w.org\/{rel}","templated":true}]}}