{"id":94,"date":"2019-05-08T16:54:21","date_gmt":"2019-05-08T14:54:21","guid":{"rendered":"http:\/\/silvermotel.ms.decms.eu\/?page_id=94"},"modified":"2024-02-29T10:48:50","modified_gmt":"2024-02-29T09:48:50","slug":"junior-suite-murano","status":"publish","type":"page","link":"https:\/\/www.motelsilver.it\/es\/habitaciones\/junior-suite-murano\/","title":{"rendered":"Junior Suite Murano"},"content":{"rendered":"<p>La Junior Suite Murano con cama redonda es el lugar donde los juegos de luces y espejos se mezclan con las variedades crom\u00e1ticas de los cristales que rodean la cama.<\/p>\n<p>El nombre de la habitaci\u00f3n evoca la atm\u00f3sfera nost\u00e1lgica de las fascinantes cristaler\u00edas de Murano: de hecho, la pared del cabecero de la cama redonda est\u00e1 presidida por un original mosaico, compuesto por baldosas de vidrio de varios colores, que se adaptan bien para favorecer los juegos de luz reflejada. en el espejo del techo.<\/p>\n<p>La Junior Suite Murano solo est\u00e1 disponible con ba\u00f1era de hidromasaje.<\/p>\n<p>4 horas 85\u20ac<br \/>\n6 horas 100\u20ac<br \/>\nToda la noche 170\u20ac\u00a0 <strong><span class=\"Y2IQFc\" lang=\"es\">(la tarifa puede variar en caso de alta ocupaci\u00f3n)<\/span><\/strong><\/p>\n<p>Para el paso de 4 o 6 horas en la Murano Junior Suite, puede realizar una reserva telef\u00f3nica, llamando una hora antes de la hora prevista de llegada, o puede acudir directamente al motel sin reserva previa.<\/p>\n<p><a href=\"https:\/\/www.motelsilver.it\/es\/contactos\/\"><strong>Cont\u00e1ctenos ahora<\/strong><\/a> para solicitar informaci\u00f3n o si desea reservar una noche de estad\u00eda en esta habitaci\u00f3n.<\/p>\n","protected":false},"excerpt":{"rendered":"<p>La Junior Suite Murano con cama redonda es el lugar donde los juegos de luces y espejos se mezclan con las variedades crom\u00e1ticas de los cristales que rodean la cama. El nombre de la habitaci\u00f3n evoca la atm\u00f3sfera nost\u00e1lgica de las fascinantes cristaler\u00edas de Murano: de hecho, la pared del cabecero de la cama redonda [&hellip;]<\/p>\n","protected":false},"author":3,"featured_media":0,"parent":85,"menu_order":7,"comment_status":"closed","ping_status":"closed","template":"template-single-room.php","meta":{"footnotes":""},"class_list":["post-94","page","type-page","status-publish","hentry"],"yoast_head":"<!-- This site is optimized with the Yoast SEO plugin v26.9 - https:\/\/yoast.com\/product\/yoast-seo-wordpress\/ -->\n<title>Junior Suite Murano - Silver Motel<\/title>\n<meta name=\"robots\" content=\"index, follow, max-snippet:-1, max-image-preview:large, max-video-preview:-1\" \/>\n<link rel=\"canonical\" href=\"https:\/\/www.motelsilver.it\/es\/habitaciones\/junior-suite-murano\/\" \/>\n<meta property=\"og:locale\" content=\"es_ES\" \/>\n<meta property=\"og:type\" content=\"article\" \/>\n<meta property=\"og:title\" content=\"Junior Suite Murano - Silver Motel\" \/>\n<meta property=\"og:description\" content=\"La Junior Suite Murano con cama redonda es el lugar donde los juegos de luces y espejos se mezclan con las variedades crom\u00e1ticas de los cristales que rodean la cama. El nombre de la habitaci\u00f3n evoca la atm\u00f3sfera nost\u00e1lgica de las fascinantes cristaler\u00edas de Murano: de hecho, la pared del cabecero de la cama redonda [&hellip;]\" \/>\n<meta property=\"og:url\" content=\"https:\/\/www.motelsilver.it\/es\/habitaciones\/junior-suite-murano\/\" \/>\n<meta property=\"og:site_name\" content=\"Silver Motel\" \/>\n<meta property=\"article:modified_time\" content=\"2024-02-29T09:48:50+00:00\" \/>\n<meta name=\"twitter:card\" content=\"summary_large_image\" \/>\n<meta name=\"twitter:label1\" content=\"Tiempo de lectura\" \/>\n\t<meta name=\"twitter:data1\" content=\"1 minuto\" \/>\n<script type=\"application\/ld+json\" class=\"yoast-schema-graph\">{\"@context\":\"https:\/\/schema.org\",\"@graph\":[{\"@type\":\"WebPage\",\"@id\":\"https:\/\/www.motelsilver.it\/es\/habitaciones\/junior-suite-murano\/\",\"url\":\"https:\/\/www.motelsilver.it\/es\/habitaciones\/junior-suite-murano\/\",\"name\":\"Junior Suite Murano - Silver Motel\",\"isPartOf\":{\"@id\":\"https:\/\/www.motelsilver.it\/es\/#website\"},\"datePublished\":\"2019-05-08T14:54:21+00:00\",\"dateModified\":\"2024-02-29T09:48:50+00:00\",\"breadcrumb\":{\"@id\":\"https:\/\/www.motelsilver.it\/es\/habitaciones\/junior-suite-murano\/#breadcrumb\"},\"inLanguage\":\"es\",\"potentialAction\":[{\"@type\":\"ReadAction\",\"target\":[\"https:\/\/www.motelsilver.it\/es\/habitaciones\/junior-suite-murano\/\"]}]},{\"@type\":\"BreadcrumbList\",\"@id\":\"https:\/\/www.motelsilver.it\/es\/habitaciones\/junior-suite-murano\/#breadcrumb\",\"itemListElement\":[{\"@type\":\"ListItem\",\"position\":1,\"name\":\"Home\",\"item\":\"https:\/\/www.motelsilver.it\/es\/\"},{\"@type\":\"ListItem\",\"position\":2,\"name\":\"Habitaciones\",\"item\":\"https:\/\/www.motelsilver.it\/es\/habitaciones\/\"},{\"@type\":\"ListItem\",\"position\":3,\"name\":\"Junior Suite Murano\"}]},{\"@type\":\"WebSite\",\"@id\":\"https:\/\/www.motelsilver.it\/es\/#website\",\"url\":\"https:\/\/www.motelsilver.it\/es\/\",\"name\":\"Silver Motel\",\"description\":\"Ecco un altro sito ms.decms.eu\",\"potentialAction\":[{\"@type\":\"SearchAction\",\"target\":{\"@type\":\"EntryPoint\",\"urlTemplate\":\"https:\/\/www.motelsilver.it\/es\/?s={search_term_string}\"},\"query-input\":{\"@type\":\"PropertyValueSpecification\",\"valueRequired\":true,\"valueName\":\"search_term_string\"}}],\"inLanguage\":\"es\"}]}<\/script>\n<!-- \/ Yoast SEO plugin. -->","yoast_head_json":{"title":"Junior Suite Murano - Silver Motel","robots":{"index":"index","follow":"follow","max-snippet":"max-snippet:-1","max-image-preview":"max-image-preview:large","max-video-preview":"max-video-preview:-1"},"canonical":"https:\/\/www.motelsilver.it\/es\/habitaciones\/junior-suite-murano\/","og_locale":"es_ES","og_type":"article","og_title":"Junior Suite Murano - Silver Motel","og_description":"La Junior Suite Murano con cama redonda es el lugar donde los juegos de luces y espejos se mezclan con las variedades crom\u00e1ticas de los cristales que rodean la cama. El nombre de la habitaci\u00f3n evoca la atm\u00f3sfera nost\u00e1lgica de las fascinantes cristaler\u00edas de Murano: de hecho, la pared del cabecero de la cama redonda [&hellip;]","og_url":"https:\/\/www.motelsilver.it\/es\/habitaciones\/junior-suite-murano\/","og_site_name":"Silver Motel","article_modified_time":"2024-02-29T09:48:50+00:00","twitter_card":"summary_large_image","twitter_misc":{"Tiempo de lectura":"1 minuto"},"schema":{"@context":"https:\/\/schema.org","@graph":[{"@type":"WebPage","@id":"https:\/\/www.motelsilver.it\/es\/habitaciones\/junior-suite-murano\/","url":"https:\/\/www.motelsilver.it\/es\/habitaciones\/junior-suite-murano\/","name":"Junior Suite Murano - Silver Motel","isPartOf":{"@id":"https:\/\/www.motelsilver.it\/es\/#website"},"datePublished":"2019-05-08T14:54:21+00:00","dateModified":"2024-02-29T09:48:50+00:00","breadcrumb":{"@id":"https:\/\/www.motelsilver.it\/es\/habitaciones\/junior-suite-murano\/#breadcrumb"},"inLanguage":"es","potentialAction":[{"@type":"ReadAction","target":["https:\/\/www.motelsilver.it\/es\/habitaciones\/junior-suite-murano\/"]}]},{"@type":"BreadcrumbList","@id":"https:\/\/www.motelsilver.it\/es\/habitaciones\/junior-suite-murano\/#breadcrumb","itemListElement":[{"@type":"ListItem","position":1,"name":"Home","item":"https:\/\/www.motelsilver.it\/es\/"},{"@type":"ListItem","position":2,"name":"Habitaciones","item":"https:\/\/www.motelsilver.it\/es\/habitaciones\/"},{"@type":"ListItem","position":3,"name":"Junior Suite Murano"}]},{"@type":"WebSite","@id":"https:\/\/www.motelsilver.it\/es\/#website","url":"https:\/\/www.motelsilver.it\/es\/","name":"Silver Motel","description":"Ecco un altro sito ms.decms.eu","potentialAction":[{"@type":"SearchAction","target":{"@type":"EntryPoint","urlTemplate":"https:\/\/www.motelsilver.it\/es\/?s={search_term_string}"},"query-input":{"@type":"PropertyValueSpecification","valueRequired":true,"valueName":"search_term_string"}}],"inLanguage":"es"}]}},"acf":[],"_links":{"self":[{"href":"https:\/\/www.motelsilver.it\/es\/wp-json\/wp\/v2\/pages\/94","targetHints":{"allow":["GET"]}}],"collection":[{"href":"https:\/\/www.motelsilver.it\/es\/wp-json\/wp\/v2\/pages"}],"about":[{"href":"https:\/\/www.motelsilver.it\/es\/wp-json\/wp\/v2\/types\/page"}],"author":[{"embeddable":true,"href":"https:\/\/www.motelsilver.it\/es\/wp-json\/wp\/v2\/users\/3"}],"replies":[{"embeddable":true,"href":"https:\/\/www.motelsilver.it\/es\/wp-json\/wp\/v2\/comments?post=94"}],"version-history":[{"count":0,"href":"https:\/\/www.motelsilver.it\/es\/wp-json\/wp\/v2\/pages\/94\/revisions"}],"up":[{"embeddable":true,"href":"https:\/\/www.motelsilver.it\/es\/wp-json\/wp\/v2\/pages\/85"}],"wp:attachment":[{"href":"https:\/\/www.motelsilver.it\/es\/wp-json\/wp\/v2\/media?parent=94"}],"curies":[{"name":"wp","href":"https:\/\/api.w.org\/{rel}","templated":true}]}}