{"id":93,"date":"2019-05-08T16:53:45","date_gmt":"2019-05-08T14:53:45","guid":{"rendered":"http:\/\/silvermotel.ms.decms.eu\/?page_id=93"},"modified":"2024-02-29T10:49:04","modified_gmt":"2024-02-29T09:49:04","slug":"suite-bambu-africa-38","status":"publish","type":"page","link":"https:\/\/www.motelsilver.it\/es\/habitaciones\/suite-bambu-africa-38\/","title":{"rendered":"Suite Bamb\u00fa \u00c1frica 38"},"content":{"rendered":"<p>Nuestra Africa Bamboo Suite con gruta e hidromasaje est\u00e1 construida con un estilo t\u00edpicamente \u00e9tnico, caracterizado por colores en tonos marrones y gris t\u00f3rtola, La habitaci\u00f3n recuerda el ambiente m\u00e1gico y c\u00e1lido de los pa\u00edses africanos, est\u00e1 equipada con una espectacular cama doble, completamente hecha de bamb\u00fa. El gran ba\u00f1o alberga una ba\u00f1era de hidromasaje, realizada en piedra con la representaci\u00f3n de una cueva.<\/p>\n<p>Para completar el sensacional mobiliario de esta sensacional suite con gruta e hidromasaje, hay tejidos animalier para las cortinas y la colcha, as\u00ed como una muy c\u00f3moda chaise longue en piel blanca, perfecta para relajarse en compa\u00f1\u00eda frente a la TV LCD de 50&#8243;. Se proporciona la suite.<\/p>\n<p><strong>4 horas 140\u20ac<br \/>\n6 horas 170\u20ac<br \/>\nToda la noche 280\u20ac <span class=\"Y2IQFc\" lang=\"es\">(la tarifa puede variar en caso de alta ocupaci\u00f3n)<\/span><br \/>\n<\/strong><\/p>\n<p>Para el pasaje de 4 o 6 horas en la Suite \u00c1frica Bamb\u00fa con gruta e hidromasaje, puede reservar por tel\u00e9fono, llamando una hora antes de la hora prevista de llegada, o puede acudir directamente al motel sin reserva previa.<\/p>\n<p><a href=\"https:\/\/www.motelsilver.it\/es\/contactos\/\"><strong>Cont\u00e1ctenos ahora<\/strong><\/a> para solicitar informaci\u00f3n o si desea reservar una noche de estad\u00eda en esta habitaci\u00f3n.<\/p>\n","protected":false},"excerpt":{"rendered":"<p>Nuestra Africa Bamboo Suite con gruta e hidromasaje est\u00e1 construida con un estilo t\u00edpicamente \u00e9tnico, caracterizado por colores en tonos marrones y gris t\u00f3rtola, La habitaci\u00f3n recuerda el ambiente m\u00e1gico y c\u00e1lido de los pa\u00edses africanos, est\u00e1 equipada con una espectacular cama doble, completamente hecha de bamb\u00fa. El gran ba\u00f1o alberga una ba\u00f1era de hidromasaje, [&hellip;]<\/p>\n","protected":false},"author":3,"featured_media":0,"parent":85,"menu_order":9,"comment_status":"closed","ping_status":"closed","template":"template-single-room.php","meta":{"footnotes":""},"class_list":["post-93","page","type-page","status-publish","hentry"],"yoast_head":"<!-- This site is optimized with the Yoast SEO plugin v26.9 - https:\/\/yoast.com\/product\/yoast-seo-wordpress\/ -->\n<title>Suite Bamb\u00fa \u00c1frica 38 - Silver Motel<\/title>\n<meta name=\"robots\" content=\"index, follow, max-snippet:-1, max-image-preview:large, max-video-preview:-1\" \/>\n<link rel=\"canonical\" href=\"https:\/\/www.motelsilver.it\/es\/habitaciones\/suite-bambu-africa-38\/\" \/>\n<meta property=\"og:locale\" content=\"es_ES\" \/>\n<meta property=\"og:type\" content=\"article\" \/>\n<meta property=\"og:title\" content=\"Suite Bamb\u00fa \u00c1frica 38 - Silver Motel\" \/>\n<meta property=\"og:description\" content=\"Nuestra Africa Bamboo Suite con gruta e hidromasaje est\u00e1 construida con un estilo t\u00edpicamente \u00e9tnico, caracterizado por colores en tonos marrones y gris t\u00f3rtola, La habitaci\u00f3n recuerda el ambiente m\u00e1gico y c\u00e1lido de los pa\u00edses africanos, est\u00e1 equipada con una espectacular cama doble, completamente hecha de bamb\u00fa. El gran ba\u00f1o alberga una ba\u00f1era de hidromasaje, [&hellip;]\" \/>\n<meta property=\"og:url\" content=\"https:\/\/www.motelsilver.it\/es\/habitaciones\/suite-bambu-africa-38\/\" \/>\n<meta property=\"og:site_name\" content=\"Silver Motel\" \/>\n<meta property=\"article:modified_time\" content=\"2024-02-29T09:49:04+00:00\" \/>\n<meta name=\"twitter:card\" content=\"summary_large_image\" \/>\n<meta name=\"twitter:label1\" content=\"Tiempo de lectura\" \/>\n\t<meta name=\"twitter:data1\" content=\"1 minuto\" \/>\n<script type=\"application\/ld+json\" class=\"yoast-schema-graph\">{\"@context\":\"https:\/\/schema.org\",\"@graph\":[{\"@type\":\"WebPage\",\"@id\":\"https:\/\/www.motelsilver.it\/es\/habitaciones\/suite-bambu-africa-38\/\",\"url\":\"https:\/\/www.motelsilver.it\/es\/habitaciones\/suite-bambu-africa-38\/\",\"name\":\"Suite Bamb\u00fa \u00c1frica 38 - Silver Motel\",\"isPartOf\":{\"@id\":\"https:\/\/www.motelsilver.it\/es\/#website\"},\"datePublished\":\"2019-05-08T14:53:45+00:00\",\"dateModified\":\"2024-02-29T09:49:04+00:00\",\"breadcrumb\":{\"@id\":\"https:\/\/www.motelsilver.it\/es\/habitaciones\/suite-bambu-africa-38\/#breadcrumb\"},\"inLanguage\":\"es\",\"potentialAction\":[{\"@type\":\"ReadAction\",\"target\":[\"https:\/\/www.motelsilver.it\/es\/habitaciones\/suite-bambu-africa-38\/\"]}]},{\"@type\":\"BreadcrumbList\",\"@id\":\"https:\/\/www.motelsilver.it\/es\/habitaciones\/suite-bambu-africa-38\/#breadcrumb\",\"itemListElement\":[{\"@type\":\"ListItem\",\"position\":1,\"name\":\"Home\",\"item\":\"https:\/\/www.motelsilver.it\/es\/\"},{\"@type\":\"ListItem\",\"position\":2,\"name\":\"Habitaciones\",\"item\":\"https:\/\/www.motelsilver.it\/es\/habitaciones\/\"},{\"@type\":\"ListItem\",\"position\":3,\"name\":\"Suite Bamb\u00fa \u00c1frica 38\"}]},{\"@type\":\"WebSite\",\"@id\":\"https:\/\/www.motelsilver.it\/es\/#website\",\"url\":\"https:\/\/www.motelsilver.it\/es\/\",\"name\":\"Silver Motel\",\"description\":\"Ecco un altro sito ms.decms.eu\",\"potentialAction\":[{\"@type\":\"SearchAction\",\"target\":{\"@type\":\"EntryPoint\",\"urlTemplate\":\"https:\/\/www.motelsilver.it\/es\/?s={search_term_string}\"},\"query-input\":{\"@type\":\"PropertyValueSpecification\",\"valueRequired\":true,\"valueName\":\"search_term_string\"}}],\"inLanguage\":\"es\"}]}<\/script>\n<!-- \/ Yoast SEO plugin. -->","yoast_head_json":{"title":"Suite Bamb\u00fa \u00c1frica 38 - Silver Motel","robots":{"index":"index","follow":"follow","max-snippet":"max-snippet:-1","max-image-preview":"max-image-preview:large","max-video-preview":"max-video-preview:-1"},"canonical":"https:\/\/www.motelsilver.it\/es\/habitaciones\/suite-bambu-africa-38\/","og_locale":"es_ES","og_type":"article","og_title":"Suite Bamb\u00fa \u00c1frica 38 - Silver Motel","og_description":"Nuestra Africa Bamboo Suite con gruta e hidromasaje est\u00e1 construida con un estilo t\u00edpicamente \u00e9tnico, caracterizado por colores en tonos marrones y gris t\u00f3rtola, La habitaci\u00f3n recuerda el ambiente m\u00e1gico y c\u00e1lido de los pa\u00edses africanos, est\u00e1 equipada con una espectacular cama doble, completamente hecha de bamb\u00fa. El gran ba\u00f1o alberga una ba\u00f1era de hidromasaje, [&hellip;]","og_url":"https:\/\/www.motelsilver.it\/es\/habitaciones\/suite-bambu-africa-38\/","og_site_name":"Silver Motel","article_modified_time":"2024-02-29T09:49:04+00:00","twitter_card":"summary_large_image","twitter_misc":{"Tiempo de lectura":"1 minuto"},"schema":{"@context":"https:\/\/schema.org","@graph":[{"@type":"WebPage","@id":"https:\/\/www.motelsilver.it\/es\/habitaciones\/suite-bambu-africa-38\/","url":"https:\/\/www.motelsilver.it\/es\/habitaciones\/suite-bambu-africa-38\/","name":"Suite Bamb\u00fa \u00c1frica 38 - Silver Motel","isPartOf":{"@id":"https:\/\/www.motelsilver.it\/es\/#website"},"datePublished":"2019-05-08T14:53:45+00:00","dateModified":"2024-02-29T09:49:04+00:00","breadcrumb":{"@id":"https:\/\/www.motelsilver.it\/es\/habitaciones\/suite-bambu-africa-38\/#breadcrumb"},"inLanguage":"es","potentialAction":[{"@type":"ReadAction","target":["https:\/\/www.motelsilver.it\/es\/habitaciones\/suite-bambu-africa-38\/"]}]},{"@type":"BreadcrumbList","@id":"https:\/\/www.motelsilver.it\/es\/habitaciones\/suite-bambu-africa-38\/#breadcrumb","itemListElement":[{"@type":"ListItem","position":1,"name":"Home","item":"https:\/\/www.motelsilver.it\/es\/"},{"@type":"ListItem","position":2,"name":"Habitaciones","item":"https:\/\/www.motelsilver.it\/es\/habitaciones\/"},{"@type":"ListItem","position":3,"name":"Suite Bamb\u00fa \u00c1frica 38"}]},{"@type":"WebSite","@id":"https:\/\/www.motelsilver.it\/es\/#website","url":"https:\/\/www.motelsilver.it\/es\/","name":"Silver Motel","description":"Ecco un altro sito ms.decms.eu","potentialAction":[{"@type":"SearchAction","target":{"@type":"EntryPoint","urlTemplate":"https:\/\/www.motelsilver.it\/es\/?s={search_term_string}"},"query-input":{"@type":"PropertyValueSpecification","valueRequired":true,"valueName":"search_term_string"}}],"inLanguage":"es"}]}},"acf":[],"_links":{"self":[{"href":"https:\/\/www.motelsilver.it\/es\/wp-json\/wp\/v2\/pages\/93","targetHints":{"allow":["GET"]}}],"collection":[{"href":"https:\/\/www.motelsilver.it\/es\/wp-json\/wp\/v2\/pages"}],"about":[{"href":"https:\/\/www.motelsilver.it\/es\/wp-json\/wp\/v2\/types\/page"}],"author":[{"embeddable":true,"href":"https:\/\/www.motelsilver.it\/es\/wp-json\/wp\/v2\/users\/3"}],"replies":[{"embeddable":true,"href":"https:\/\/www.motelsilver.it\/es\/wp-json\/wp\/v2\/comments?post=93"}],"version-history":[{"count":0,"href":"https:\/\/www.motelsilver.it\/es\/wp-json\/wp\/v2\/pages\/93\/revisions"}],"up":[{"embeddable":true,"href":"https:\/\/www.motelsilver.it\/es\/wp-json\/wp\/v2\/pages\/85"}],"wp:attachment":[{"href":"https:\/\/www.motelsilver.it\/es\/wp-json\/wp\/v2\/media?parent=93"}],"curies":[{"name":"wp","href":"https:\/\/api.w.org\/{rel}","templated":true}]}}