{"id":92,"date":"2019-05-08T16:53:09","date_gmt":"2019-05-08T14:53:09","guid":{"rendered":"http:\/\/silvermotel.ms.decms.eu\/?page_id=92"},"modified":"2024-02-29T10:49:16","modified_gmt":"2024-02-29T09:49:16","slug":"suite-pool-30","status":"publish","type":"page","link":"https:\/\/www.motelsilver.it\/es\/habitaciones\/suite-pool-30\/","title":{"rendered":"Suite Pool 30"},"content":{"rendered":"<p>Suite Pool 30: la suite con piscina de hidromasaje.<\/p>\n<p>Realizada en un estilo cl\u00e1sico, la suite se caracteriza por la elegancia y refinamiento de los muebles y tejidos bien armonizados en colores envolventes; la cama con dosel de madera \u00abking size\u00bb es la estrella indiscutible de esta habitaci\u00f3n, que tambi\u00e9n se ve reforzada por una sala de estar compuesta por una sala de estar privada con sof\u00e1s y sillones y un televisor LDC de pantalla plana de 50 \u2033. Otro valor a\u00f1adido de esta fant\u00e1stica suite es, sin duda, la mini piscina con hidromasaje, \u00fanica en su g\u00e9nero.<\/p>\n<p>La Suite Pool 30 es una aut\u00e9ntica joya de la colecci\u00f3n hotelera de plata, ideal para pasar una velada inolvidable en pareja.<\/p>\n<p><strong>4 horas: 150 euros<\/strong><br \/>\n<strong>6 horas: 180 euros<\/strong><br \/>\n<strong>Noche: 280 euros <span class=\"Y2IQFc\" lang=\"es\">(la tarifa puede variar en caso de alta ocupaci\u00f3n)<\/span><br \/>\n<\/strong><\/p>\n<p>Para el pasaje de 4 o 6 horas en Suite Pool 30, puede reservar por tel\u00e9fono, llamando una hora antes de la hora prevista de llegada, o puede ir directamente al motel sin reserva previa.<\/p>\n<p><a href=\"https:\/\/www.motelsilver.it\/es\/contactos\/\"><strong>Cont\u00e1ctenos ahora<\/strong><\/a> para solicitar informaci\u00f3n o si desea reservar una noche de estad\u00eda en esta habitaci\u00f3n.<\/p>\n","protected":false},"excerpt":{"rendered":"<p>Suite Pool 30: la suite con piscina de hidromasaje. Realizada en un estilo cl\u00e1sico, la suite se caracteriza por la elegancia y refinamiento de los muebles y tejidos bien armonizados en colores envolventes; la cama con dosel de madera \u00abking size\u00bb es la estrella indiscutible de esta habitaci\u00f3n, que tambi\u00e9n se ve reforzada por una [&hellip;]<\/p>\n","protected":false},"author":3,"featured_media":0,"parent":85,"menu_order":9,"comment_status":"closed","ping_status":"closed","template":"template-single-room.php","meta":{"footnotes":""},"class_list":["post-92","page","type-page","status-publish","hentry"],"yoast_head":"<!-- This site is optimized with the Yoast SEO plugin v26.9 - https:\/\/yoast.com\/product\/yoast-seo-wordpress\/ -->\n<title>Suite Pool 30 - Silver Motel<\/title>\n<meta name=\"robots\" content=\"index, follow, max-snippet:-1, max-image-preview:large, max-video-preview:-1\" \/>\n<link rel=\"canonical\" href=\"https:\/\/www.motelsilver.it\/es\/habitaciones\/suite-pool-30\/\" \/>\n<meta property=\"og:locale\" content=\"es_ES\" \/>\n<meta property=\"og:type\" content=\"article\" \/>\n<meta property=\"og:title\" content=\"Suite Pool 30 - Silver Motel\" \/>\n<meta property=\"og:description\" content=\"Suite Pool 30: la suite con piscina de hidromasaje. Realizada en un estilo cl\u00e1sico, la suite se caracteriza por la elegancia y refinamiento de los muebles y tejidos bien armonizados en colores envolventes; la cama con dosel de madera \u00abking size\u00bb es la estrella indiscutible de esta habitaci\u00f3n, que tambi\u00e9n se ve reforzada por una [&hellip;]\" \/>\n<meta property=\"og:url\" content=\"https:\/\/www.motelsilver.it\/es\/habitaciones\/suite-pool-30\/\" \/>\n<meta property=\"og:site_name\" content=\"Silver Motel\" \/>\n<meta property=\"article:modified_time\" content=\"2024-02-29T09:49:16+00:00\" \/>\n<meta name=\"twitter:card\" content=\"summary_large_image\" \/>\n<meta name=\"twitter:label1\" content=\"Tiempo de lectura\" \/>\n\t<meta name=\"twitter:data1\" content=\"1 minuto\" \/>\n<script type=\"application\/ld+json\" class=\"yoast-schema-graph\">{\"@context\":\"https:\/\/schema.org\",\"@graph\":[{\"@type\":\"WebPage\",\"@id\":\"https:\/\/www.motelsilver.it\/es\/habitaciones\/suite-pool-30\/\",\"url\":\"https:\/\/www.motelsilver.it\/es\/habitaciones\/suite-pool-30\/\",\"name\":\"Suite Pool 30 - Silver Motel\",\"isPartOf\":{\"@id\":\"https:\/\/www.motelsilver.it\/es\/#website\"},\"datePublished\":\"2019-05-08T14:53:09+00:00\",\"dateModified\":\"2024-02-29T09:49:16+00:00\",\"breadcrumb\":{\"@id\":\"https:\/\/www.motelsilver.it\/es\/habitaciones\/suite-pool-30\/#breadcrumb\"},\"inLanguage\":\"es\",\"potentialAction\":[{\"@type\":\"ReadAction\",\"target\":[\"https:\/\/www.motelsilver.it\/es\/habitaciones\/suite-pool-30\/\"]}]},{\"@type\":\"BreadcrumbList\",\"@id\":\"https:\/\/www.motelsilver.it\/es\/habitaciones\/suite-pool-30\/#breadcrumb\",\"itemListElement\":[{\"@type\":\"ListItem\",\"position\":1,\"name\":\"Home\",\"item\":\"https:\/\/www.motelsilver.it\/es\/\"},{\"@type\":\"ListItem\",\"position\":2,\"name\":\"Habitaciones\",\"item\":\"https:\/\/www.motelsilver.it\/es\/habitaciones\/\"},{\"@type\":\"ListItem\",\"position\":3,\"name\":\"Suite Pool 30\"}]},{\"@type\":\"WebSite\",\"@id\":\"https:\/\/www.motelsilver.it\/es\/#website\",\"url\":\"https:\/\/www.motelsilver.it\/es\/\",\"name\":\"Silver Motel\",\"description\":\"Ecco un altro sito ms.decms.eu\",\"potentialAction\":[{\"@type\":\"SearchAction\",\"target\":{\"@type\":\"EntryPoint\",\"urlTemplate\":\"https:\/\/www.motelsilver.it\/es\/?s={search_term_string}\"},\"query-input\":{\"@type\":\"PropertyValueSpecification\",\"valueRequired\":true,\"valueName\":\"search_term_string\"}}],\"inLanguage\":\"es\"}]}<\/script>\n<!-- \/ Yoast SEO plugin. -->","yoast_head_json":{"title":"Suite Pool 30 - Silver Motel","robots":{"index":"index","follow":"follow","max-snippet":"max-snippet:-1","max-image-preview":"max-image-preview:large","max-video-preview":"max-video-preview:-1"},"canonical":"https:\/\/www.motelsilver.it\/es\/habitaciones\/suite-pool-30\/","og_locale":"es_ES","og_type":"article","og_title":"Suite Pool 30 - Silver Motel","og_description":"Suite Pool 30: la suite con piscina de hidromasaje. Realizada en un estilo cl\u00e1sico, la suite se caracteriza por la elegancia y refinamiento de los muebles y tejidos bien armonizados en colores envolventes; la cama con dosel de madera \u00abking size\u00bb es la estrella indiscutible de esta habitaci\u00f3n, que tambi\u00e9n se ve reforzada por una [&hellip;]","og_url":"https:\/\/www.motelsilver.it\/es\/habitaciones\/suite-pool-30\/","og_site_name":"Silver Motel","article_modified_time":"2024-02-29T09:49:16+00:00","twitter_card":"summary_large_image","twitter_misc":{"Tiempo de lectura":"1 minuto"},"schema":{"@context":"https:\/\/schema.org","@graph":[{"@type":"WebPage","@id":"https:\/\/www.motelsilver.it\/es\/habitaciones\/suite-pool-30\/","url":"https:\/\/www.motelsilver.it\/es\/habitaciones\/suite-pool-30\/","name":"Suite Pool 30 - Silver Motel","isPartOf":{"@id":"https:\/\/www.motelsilver.it\/es\/#website"},"datePublished":"2019-05-08T14:53:09+00:00","dateModified":"2024-02-29T09:49:16+00:00","breadcrumb":{"@id":"https:\/\/www.motelsilver.it\/es\/habitaciones\/suite-pool-30\/#breadcrumb"},"inLanguage":"es","potentialAction":[{"@type":"ReadAction","target":["https:\/\/www.motelsilver.it\/es\/habitaciones\/suite-pool-30\/"]}]},{"@type":"BreadcrumbList","@id":"https:\/\/www.motelsilver.it\/es\/habitaciones\/suite-pool-30\/#breadcrumb","itemListElement":[{"@type":"ListItem","position":1,"name":"Home","item":"https:\/\/www.motelsilver.it\/es\/"},{"@type":"ListItem","position":2,"name":"Habitaciones","item":"https:\/\/www.motelsilver.it\/es\/habitaciones\/"},{"@type":"ListItem","position":3,"name":"Suite Pool 30"}]},{"@type":"WebSite","@id":"https:\/\/www.motelsilver.it\/es\/#website","url":"https:\/\/www.motelsilver.it\/es\/","name":"Silver Motel","description":"Ecco un altro sito ms.decms.eu","potentialAction":[{"@type":"SearchAction","target":{"@type":"EntryPoint","urlTemplate":"https:\/\/www.motelsilver.it\/es\/?s={search_term_string}"},"query-input":{"@type":"PropertyValueSpecification","valueRequired":true,"valueName":"search_term_string"}}],"inLanguage":"es"}]}},"acf":[],"_links":{"self":[{"href":"https:\/\/www.motelsilver.it\/es\/wp-json\/wp\/v2\/pages\/92","targetHints":{"allow":["GET"]}}],"collection":[{"href":"https:\/\/www.motelsilver.it\/es\/wp-json\/wp\/v2\/pages"}],"about":[{"href":"https:\/\/www.motelsilver.it\/es\/wp-json\/wp\/v2\/types\/page"}],"author":[{"embeddable":true,"href":"https:\/\/www.motelsilver.it\/es\/wp-json\/wp\/v2\/users\/3"}],"replies":[{"embeddable":true,"href":"https:\/\/www.motelsilver.it\/es\/wp-json\/wp\/v2\/comments?post=92"}],"version-history":[{"count":0,"href":"https:\/\/www.motelsilver.it\/es\/wp-json\/wp\/v2\/pages\/92\/revisions"}],"up":[{"embeddable":true,"href":"https:\/\/www.motelsilver.it\/es\/wp-json\/wp\/v2\/pages\/85"}],"wp:attachment":[{"href":"https:\/\/www.motelsilver.it\/es\/wp-json\/wp\/v2\/media?parent=92"}],"curies":[{"name":"wp","href":"https:\/\/api.w.org\/{rel}","templated":true}]}}