{"id":90,"date":"2019-05-08T16:51:56","date_gmt":"2019-05-08T14:51:56","guid":{"rendered":"http:\/\/silvermotel.ms.decms.eu\/?page_id=90"},"modified":"2024-02-29T10:48:10","modified_gmt":"2024-02-29T09:48:10","slug":"habitacion-africa","status":"publish","type":"page","link":"https:\/\/www.motelsilver.it\/es\/habitaciones\/habitacion-africa\/","title":{"rendered":"Habitaci\u00f3n \u00c1frica"},"content":{"rendered":"<p>\u00a1La habitaci\u00f3n \u00c1frica es la mejor manera de pasar unas horas en un continente diferente!<br \/>\nLa cama con dosel en hierro forjado, los tejidos de las cortinas con motivos \u00abanimalier\u00bb en estampado de cebra o leopardo, el mobiliario \u00e9tnico, los colores c\u00e1lidos de las paredes y los cuadros, ayudan a recrear las atm\u00f3sferas m\u00e1gicas y el encanto de la sabana y tierras africanas.<br \/>\nLa habitaci\u00f3n \u00c1frica est\u00e1 disponible tanto en la versi\u00f3n est\u00e1ndar con ducha tradicional como en la versi\u00f3n con ba\u00f1era de hidromasaje.<\/p>\n<p><strong>\u00c1frica est\u00e1ndar<\/strong>:<\/p>\n<p>4 horas 67\u20ac<br \/>\n6 horas 80\u20ac<br \/>\nToda la noche 130\u20ac\u00a0 <strong><span class=\"Y2IQFc\" lang=\"es\">(la tarifa puede variar en caso de alta ocupaci\u00f3n)<\/span><\/strong><\/p>\n<p><strong>\u00c1frica con hidromasaje<\/strong>:<\/p>\n<p>4 horas 80\u20ac<br \/>\n6 horas 95\u20ac<br \/>\nToda la noche 150\u20ac\u00a0 <strong><span class=\"Y2IQFc\" lang=\"es\">(la tarifa puede variar en caso de alta ocupaci\u00f3n)<\/span><\/strong><\/p>\n<p>Para el pasaje de 4 o 6 horas en la habitaci\u00f3n \u00c1frica, puede hacer una reserva telef\u00f3nica, llamando una hora antes de la hora prevista de llegada, o puede ir directamente al motel sin reserva.<\/p>\n<p><a href=\"https:\/\/www.motelsilver.it\/es\/contactos\/\"><strong>Cont\u00e1ctenos ahora<\/strong><\/a> para solicitar informaci\u00f3n o si desea reservar una noche en esta habitaci\u00f3n<\/p>\n","protected":false},"excerpt":{"rendered":"<p>\u00a1La habitaci\u00f3n \u00c1frica es la mejor manera de pasar unas horas en un continente diferente! La cama con dosel en hierro forjado, los tejidos de las cortinas con motivos \u00abanimalier\u00bb en estampado de cebra o leopardo, el mobiliario \u00e9tnico, los colores c\u00e1lidos de las paredes y los cuadros, ayudan a recrear las atm\u00f3sferas m\u00e1gicas y [&hellip;]<\/p>\n","protected":false},"author":3,"featured_media":0,"parent":85,"menu_order":5,"comment_status":"closed","ping_status":"closed","template":"template-single-room.php","meta":{"footnotes":""},"class_list":["post-90","page","type-page","status-publish","hentry"],"yoast_head":"<!-- This site is optimized with the Yoast SEO plugin v26.9 - https:\/\/yoast.com\/product\/yoast-seo-wordpress\/ -->\n<title>Habitaci\u00f3n \u00c1frica - Silver Motel<\/title>\n<meta name=\"robots\" content=\"index, follow, max-snippet:-1, max-image-preview:large, max-video-preview:-1\" \/>\n<link rel=\"canonical\" href=\"https:\/\/www.motelsilver.it\/es\/habitaciones\/habitacion-africa\/\" \/>\n<meta property=\"og:locale\" content=\"es_ES\" \/>\n<meta property=\"og:type\" content=\"article\" \/>\n<meta property=\"og:title\" content=\"Habitaci\u00f3n \u00c1frica - Silver Motel\" \/>\n<meta property=\"og:description\" content=\"\u00a1La habitaci\u00f3n \u00c1frica es la mejor manera de pasar unas horas en un continente diferente! La cama con dosel en hierro forjado, los tejidos de las cortinas con motivos \u00abanimalier\u00bb en estampado de cebra o leopardo, el mobiliario \u00e9tnico, los colores c\u00e1lidos de las paredes y los cuadros, ayudan a recrear las atm\u00f3sferas m\u00e1gicas y [&hellip;]\" \/>\n<meta property=\"og:url\" content=\"https:\/\/www.motelsilver.it\/es\/habitaciones\/habitacion-africa\/\" \/>\n<meta property=\"og:site_name\" content=\"Silver Motel\" \/>\n<meta property=\"article:modified_time\" content=\"2024-02-29T09:48:10+00:00\" \/>\n<meta name=\"twitter:card\" content=\"summary_large_image\" \/>\n<meta name=\"twitter:label1\" content=\"Tiempo de lectura\" \/>\n\t<meta name=\"twitter:data1\" content=\"1 minuto\" \/>\n<script type=\"application\/ld+json\" class=\"yoast-schema-graph\">{\"@context\":\"https:\/\/schema.org\",\"@graph\":[{\"@type\":\"WebPage\",\"@id\":\"https:\/\/www.motelsilver.it\/es\/habitaciones\/habitacion-africa\/\",\"url\":\"https:\/\/www.motelsilver.it\/es\/habitaciones\/habitacion-africa\/\",\"name\":\"Habitaci\u00f3n \u00c1frica - Silver Motel\",\"isPartOf\":{\"@id\":\"https:\/\/www.motelsilver.it\/es\/#website\"},\"datePublished\":\"2019-05-08T14:51:56+00:00\",\"dateModified\":\"2024-02-29T09:48:10+00:00\",\"breadcrumb\":{\"@id\":\"https:\/\/www.motelsilver.it\/es\/habitaciones\/habitacion-africa\/#breadcrumb\"},\"inLanguage\":\"es\",\"potentialAction\":[{\"@type\":\"ReadAction\",\"target\":[\"https:\/\/www.motelsilver.it\/es\/habitaciones\/habitacion-africa\/\"]}]},{\"@type\":\"BreadcrumbList\",\"@id\":\"https:\/\/www.motelsilver.it\/es\/habitaciones\/habitacion-africa\/#breadcrumb\",\"itemListElement\":[{\"@type\":\"ListItem\",\"position\":1,\"name\":\"Home\",\"item\":\"https:\/\/www.motelsilver.it\/es\/\"},{\"@type\":\"ListItem\",\"position\":2,\"name\":\"Habitaciones\",\"item\":\"https:\/\/www.motelsilver.it\/es\/habitaciones\/\"},{\"@type\":\"ListItem\",\"position\":3,\"name\":\"Habitaci\u00f3n \u00c1frica\"}]},{\"@type\":\"WebSite\",\"@id\":\"https:\/\/www.motelsilver.it\/es\/#website\",\"url\":\"https:\/\/www.motelsilver.it\/es\/\",\"name\":\"Silver Motel\",\"description\":\"Ecco un altro sito ms.decms.eu\",\"potentialAction\":[{\"@type\":\"SearchAction\",\"target\":{\"@type\":\"EntryPoint\",\"urlTemplate\":\"https:\/\/www.motelsilver.it\/es\/?s={search_term_string}\"},\"query-input\":{\"@type\":\"PropertyValueSpecification\",\"valueRequired\":true,\"valueName\":\"search_term_string\"}}],\"inLanguage\":\"es\"}]}<\/script>\n<!-- \/ Yoast SEO plugin. -->","yoast_head_json":{"title":"Habitaci\u00f3n \u00c1frica - Silver Motel","robots":{"index":"index","follow":"follow","max-snippet":"max-snippet:-1","max-image-preview":"max-image-preview:large","max-video-preview":"max-video-preview:-1"},"canonical":"https:\/\/www.motelsilver.it\/es\/habitaciones\/habitacion-africa\/","og_locale":"es_ES","og_type":"article","og_title":"Habitaci\u00f3n \u00c1frica - Silver Motel","og_description":"\u00a1La habitaci\u00f3n \u00c1frica es la mejor manera de pasar unas horas en un continente diferente! La cama con dosel en hierro forjado, los tejidos de las cortinas con motivos \u00abanimalier\u00bb en estampado de cebra o leopardo, el mobiliario \u00e9tnico, los colores c\u00e1lidos de las paredes y los cuadros, ayudan a recrear las atm\u00f3sferas m\u00e1gicas y [&hellip;]","og_url":"https:\/\/www.motelsilver.it\/es\/habitaciones\/habitacion-africa\/","og_site_name":"Silver Motel","article_modified_time":"2024-02-29T09:48:10+00:00","twitter_card":"summary_large_image","twitter_misc":{"Tiempo de lectura":"1 minuto"},"schema":{"@context":"https:\/\/schema.org","@graph":[{"@type":"WebPage","@id":"https:\/\/www.motelsilver.it\/es\/habitaciones\/habitacion-africa\/","url":"https:\/\/www.motelsilver.it\/es\/habitaciones\/habitacion-africa\/","name":"Habitaci\u00f3n \u00c1frica - Silver Motel","isPartOf":{"@id":"https:\/\/www.motelsilver.it\/es\/#website"},"datePublished":"2019-05-08T14:51:56+00:00","dateModified":"2024-02-29T09:48:10+00:00","breadcrumb":{"@id":"https:\/\/www.motelsilver.it\/es\/habitaciones\/habitacion-africa\/#breadcrumb"},"inLanguage":"es","potentialAction":[{"@type":"ReadAction","target":["https:\/\/www.motelsilver.it\/es\/habitaciones\/habitacion-africa\/"]}]},{"@type":"BreadcrumbList","@id":"https:\/\/www.motelsilver.it\/es\/habitaciones\/habitacion-africa\/#breadcrumb","itemListElement":[{"@type":"ListItem","position":1,"name":"Home","item":"https:\/\/www.motelsilver.it\/es\/"},{"@type":"ListItem","position":2,"name":"Habitaciones","item":"https:\/\/www.motelsilver.it\/es\/habitaciones\/"},{"@type":"ListItem","position":3,"name":"Habitaci\u00f3n \u00c1frica"}]},{"@type":"WebSite","@id":"https:\/\/www.motelsilver.it\/es\/#website","url":"https:\/\/www.motelsilver.it\/es\/","name":"Silver Motel","description":"Ecco un altro sito ms.decms.eu","potentialAction":[{"@type":"SearchAction","target":{"@type":"EntryPoint","urlTemplate":"https:\/\/www.motelsilver.it\/es\/?s={search_term_string}"},"query-input":{"@type":"PropertyValueSpecification","valueRequired":true,"valueName":"search_term_string"}}],"inLanguage":"es"}]}},"acf":[],"_links":{"self":[{"href":"https:\/\/www.motelsilver.it\/es\/wp-json\/wp\/v2\/pages\/90","targetHints":{"allow":["GET"]}}],"collection":[{"href":"https:\/\/www.motelsilver.it\/es\/wp-json\/wp\/v2\/pages"}],"about":[{"href":"https:\/\/www.motelsilver.it\/es\/wp-json\/wp\/v2\/types\/page"}],"author":[{"embeddable":true,"href":"https:\/\/www.motelsilver.it\/es\/wp-json\/wp\/v2\/users\/3"}],"replies":[{"embeddable":true,"href":"https:\/\/www.motelsilver.it\/es\/wp-json\/wp\/v2\/comments?post=90"}],"version-history":[{"count":0,"href":"https:\/\/www.motelsilver.it\/es\/wp-json\/wp\/v2\/pages\/90\/revisions"}],"up":[{"embeddable":true,"href":"https:\/\/www.motelsilver.it\/es\/wp-json\/wp\/v2\/pages\/85"}],"wp:attachment":[{"href":"https:\/\/www.motelsilver.it\/es\/wp-json\/wp\/v2\/media?parent=90"}],"curies":[{"name":"wp","href":"https:\/\/api.w.org\/{rel}","templated":true}]}}