{"id":88,"date":"2019-05-08T16:50:34","date_gmt":"2019-05-08T14:50:34","guid":{"rendered":"http:\/\/silvermotel.ms.decms.eu\/?page_id=88"},"modified":"2024-02-29T10:47:35","modified_gmt":"2024-02-29T09:47:35","slug":"habitacion-kyoto","status":"publish","type":"page","link":"https:\/\/www.motelsilver.it\/es\/habitaciones\/habitacion-kyoto\/","title":{"rendered":"Habitaci\u00f3n Kyoto"},"content":{"rendered":"<p>En la habitaci\u00f3n Kyoto se respira la refinada atm\u00f3sfera de Oriente y la originalidad del mobiliario, en un ambiente dise\u00f1ado para hacer de la estancia una experiencia especial.<br \/>\nLa habitaci\u00f3n recuerda el estilo japon\u00e9s, es decir, el estilo sobrio y minimalista que fusiona la elegancia atemporal propia de la est\u00e9tica japonesa con el estilo escandinavo moderno. Los elementos de sobria sofisticaci\u00f3n de este estilo son evocados por la cama baja en madera oscura, en contraste con el cabecero color crema que recuerda el encanto atemporal de la cama fut\u00f3n. Las pinturas que representan im\u00e1genes de gheishas japonesas seductoras y refinadas ayudan a crear la m\u00e1gica atm\u00f3sfera oriental. El ambiente se vuelve m\u00e1s intrigante y transgresor por el gran espejo en el techo y la gran ventana de vidrio que separa la ba\u00f1era de hidromasaje o la ducha, con vista directa a la habitaci\u00f3n.<br \/>\nLa habitaci\u00f3n Kyoto est\u00e1 disponible en la versi\u00f3n est\u00e1ndar con ba\u00f1era normal o en la versi\u00f3n con ba\u00f1era de hidromasaje.<\/p>\n<p><strong>Kyoto Standard<\/strong>:<\/p>\n<p>4 horas 65\u20ac<br \/>\n6 horas 80\u20ac<br \/>\nToda la noche 130\u20ac <strong><span class=\"Y2IQFc\" lang=\"es\">(la tarifa puede variar en caso de alta ocupaci\u00f3n)<\/span><\/strong><\/p>\n<p><strong>Kyoto con hidromasaje<\/strong>:<\/p>\n<p>4 horas 80\u20ac<br \/>\n6 horas 90\u20ac<br \/>\nToda la noche 150\u20ac <strong><span class=\"Y2IQFc\" lang=\"es\">(la tarifa puede variar en caso de alta ocupaci\u00f3n)<\/span><\/strong><\/p>\n<p>Para el paso de 4 o 6 horas en la habitaci\u00f3n Kyoto, puede hacer una reserva telef\u00f3nica, llamando una hora antes de la hora prevista de llegada, o puede ir directamente al motel sin reserva.<\/p>\n<p><a href=\"https:\/\/www.motelsilver.it\/es\/habitaciones\/habitacion-kyoto\/\"><strong>Cont\u00e1ctenos ahora<\/strong><\/a> para solicitar informaci\u00f3n o si desea reservar una noche en esta habitaci\u00f3n<\/p>\n","protected":false},"excerpt":{"rendered":"<p>En la habitaci\u00f3n Kyoto se respira la refinada atm\u00f3sfera de Oriente y la originalidad del mobiliario, en un ambiente dise\u00f1ado para hacer de la estancia una experiencia especial. La habitaci\u00f3n recuerda el estilo japon\u00e9s, es decir, el estilo sobrio y minimalista que fusiona la elegancia atemporal propia de la est\u00e9tica japonesa con el estilo escandinavo [&hellip;]<\/p>\n","protected":false},"author":3,"featured_media":0,"parent":85,"menu_order":3,"comment_status":"closed","ping_status":"closed","template":"template-single-room.php","meta":{"footnotes":""},"class_list":["post-88","page","type-page","status-publish","hentry"],"yoast_head":"<!-- This site is optimized with the Yoast SEO plugin v26.9 - https:\/\/yoast.com\/product\/yoast-seo-wordpress\/ -->\n<title>Habitaci\u00f3n Kyoto - Silver Motel<\/title>\n<meta name=\"robots\" content=\"index, follow, max-snippet:-1, max-image-preview:large, max-video-preview:-1\" \/>\n<link rel=\"canonical\" href=\"https:\/\/www.motelsilver.it\/es\/habitaciones\/habitacion-kyoto\/\" \/>\n<meta property=\"og:locale\" content=\"es_ES\" \/>\n<meta property=\"og:type\" content=\"article\" \/>\n<meta property=\"og:title\" content=\"Habitaci\u00f3n Kyoto - Silver Motel\" \/>\n<meta property=\"og:description\" content=\"En la habitaci\u00f3n Kyoto se respira la refinada atm\u00f3sfera de Oriente y la originalidad del mobiliario, en un ambiente dise\u00f1ado para hacer de la estancia una experiencia especial. La habitaci\u00f3n recuerda el estilo japon\u00e9s, es decir, el estilo sobrio y minimalista que fusiona la elegancia atemporal propia de la est\u00e9tica japonesa con el estilo escandinavo [&hellip;]\" \/>\n<meta property=\"og:url\" content=\"https:\/\/www.motelsilver.it\/es\/habitaciones\/habitacion-kyoto\/\" \/>\n<meta property=\"og:site_name\" content=\"Silver Motel\" \/>\n<meta property=\"article:modified_time\" content=\"2024-02-29T09:47:35+00:00\" \/>\n<meta name=\"twitter:card\" content=\"summary_large_image\" \/>\n<meta name=\"twitter:label1\" content=\"Tiempo de lectura\" \/>\n\t<meta name=\"twitter:data1\" content=\"2 minutos\" \/>\n<script type=\"application\/ld+json\" class=\"yoast-schema-graph\">{\"@context\":\"https:\/\/schema.org\",\"@graph\":[{\"@type\":\"WebPage\",\"@id\":\"https:\/\/www.motelsilver.it\/es\/habitaciones\/habitacion-kyoto\/\",\"url\":\"https:\/\/www.motelsilver.it\/es\/habitaciones\/habitacion-kyoto\/\",\"name\":\"Habitaci\u00f3n Kyoto - Silver Motel\",\"isPartOf\":{\"@id\":\"https:\/\/www.motelsilver.it\/es\/#website\"},\"datePublished\":\"2019-05-08T14:50:34+00:00\",\"dateModified\":\"2024-02-29T09:47:35+00:00\",\"breadcrumb\":{\"@id\":\"https:\/\/www.motelsilver.it\/es\/habitaciones\/habitacion-kyoto\/#breadcrumb\"},\"inLanguage\":\"es\",\"potentialAction\":[{\"@type\":\"ReadAction\",\"target\":[\"https:\/\/www.motelsilver.it\/es\/habitaciones\/habitacion-kyoto\/\"]}]},{\"@type\":\"BreadcrumbList\",\"@id\":\"https:\/\/www.motelsilver.it\/es\/habitaciones\/habitacion-kyoto\/#breadcrumb\",\"itemListElement\":[{\"@type\":\"ListItem\",\"position\":1,\"name\":\"Home\",\"item\":\"https:\/\/www.motelsilver.it\/es\/\"},{\"@type\":\"ListItem\",\"position\":2,\"name\":\"Habitaciones\",\"item\":\"https:\/\/www.motelsilver.it\/es\/habitaciones\/\"},{\"@type\":\"ListItem\",\"position\":3,\"name\":\"Habitaci\u00f3n Kyoto\"}]},{\"@type\":\"WebSite\",\"@id\":\"https:\/\/www.motelsilver.it\/es\/#website\",\"url\":\"https:\/\/www.motelsilver.it\/es\/\",\"name\":\"Silver Motel\",\"description\":\"Ecco un altro sito ms.decms.eu\",\"potentialAction\":[{\"@type\":\"SearchAction\",\"target\":{\"@type\":\"EntryPoint\",\"urlTemplate\":\"https:\/\/www.motelsilver.it\/es\/?s={search_term_string}\"},\"query-input\":{\"@type\":\"PropertyValueSpecification\",\"valueRequired\":true,\"valueName\":\"search_term_string\"}}],\"inLanguage\":\"es\"}]}<\/script>\n<!-- \/ Yoast SEO plugin. -->","yoast_head_json":{"title":"Habitaci\u00f3n Kyoto - Silver Motel","robots":{"index":"index","follow":"follow","max-snippet":"max-snippet:-1","max-image-preview":"max-image-preview:large","max-video-preview":"max-video-preview:-1"},"canonical":"https:\/\/www.motelsilver.it\/es\/habitaciones\/habitacion-kyoto\/","og_locale":"es_ES","og_type":"article","og_title":"Habitaci\u00f3n Kyoto - Silver Motel","og_description":"En la habitaci\u00f3n Kyoto se respira la refinada atm\u00f3sfera de Oriente y la originalidad del mobiliario, en un ambiente dise\u00f1ado para hacer de la estancia una experiencia especial. La habitaci\u00f3n recuerda el estilo japon\u00e9s, es decir, el estilo sobrio y minimalista que fusiona la elegancia atemporal propia de la est\u00e9tica japonesa con el estilo escandinavo [&hellip;]","og_url":"https:\/\/www.motelsilver.it\/es\/habitaciones\/habitacion-kyoto\/","og_site_name":"Silver Motel","article_modified_time":"2024-02-29T09:47:35+00:00","twitter_card":"summary_large_image","twitter_misc":{"Tiempo de lectura":"2 minutos"},"schema":{"@context":"https:\/\/schema.org","@graph":[{"@type":"WebPage","@id":"https:\/\/www.motelsilver.it\/es\/habitaciones\/habitacion-kyoto\/","url":"https:\/\/www.motelsilver.it\/es\/habitaciones\/habitacion-kyoto\/","name":"Habitaci\u00f3n Kyoto - Silver Motel","isPartOf":{"@id":"https:\/\/www.motelsilver.it\/es\/#website"},"datePublished":"2019-05-08T14:50:34+00:00","dateModified":"2024-02-29T09:47:35+00:00","breadcrumb":{"@id":"https:\/\/www.motelsilver.it\/es\/habitaciones\/habitacion-kyoto\/#breadcrumb"},"inLanguage":"es","potentialAction":[{"@type":"ReadAction","target":["https:\/\/www.motelsilver.it\/es\/habitaciones\/habitacion-kyoto\/"]}]},{"@type":"BreadcrumbList","@id":"https:\/\/www.motelsilver.it\/es\/habitaciones\/habitacion-kyoto\/#breadcrumb","itemListElement":[{"@type":"ListItem","position":1,"name":"Home","item":"https:\/\/www.motelsilver.it\/es\/"},{"@type":"ListItem","position":2,"name":"Habitaciones","item":"https:\/\/www.motelsilver.it\/es\/habitaciones\/"},{"@type":"ListItem","position":3,"name":"Habitaci\u00f3n Kyoto"}]},{"@type":"WebSite","@id":"https:\/\/www.motelsilver.it\/es\/#website","url":"https:\/\/www.motelsilver.it\/es\/","name":"Silver Motel","description":"Ecco un altro sito ms.decms.eu","potentialAction":[{"@type":"SearchAction","target":{"@type":"EntryPoint","urlTemplate":"https:\/\/www.motelsilver.it\/es\/?s={search_term_string}"},"query-input":{"@type":"PropertyValueSpecification","valueRequired":true,"valueName":"search_term_string"}}],"inLanguage":"es"}]}},"acf":[],"_links":{"self":[{"href":"https:\/\/www.motelsilver.it\/es\/wp-json\/wp\/v2\/pages\/88","targetHints":{"allow":["GET"]}}],"collection":[{"href":"https:\/\/www.motelsilver.it\/es\/wp-json\/wp\/v2\/pages"}],"about":[{"href":"https:\/\/www.motelsilver.it\/es\/wp-json\/wp\/v2\/types\/page"}],"author":[{"embeddable":true,"href":"https:\/\/www.motelsilver.it\/es\/wp-json\/wp\/v2\/users\/3"}],"replies":[{"embeddable":true,"href":"https:\/\/www.motelsilver.it\/es\/wp-json\/wp\/v2\/comments?post=88"}],"version-history":[{"count":0,"href":"https:\/\/www.motelsilver.it\/es\/wp-json\/wp\/v2\/pages\/88\/revisions"}],"up":[{"embeddable":true,"href":"https:\/\/www.motelsilver.it\/es\/wp-json\/wp\/v2\/pages\/85"}],"wp:attachment":[{"href":"https:\/\/www.motelsilver.it\/es\/wp-json\/wp\/v2\/media?parent=88"}],"curies":[{"name":"wp","href":"https:\/\/api.w.org\/{rel}","templated":true}]}}