{"id":85,"date":"2019-05-08T16:47:24","date_gmt":"2019-05-08T14:47:24","guid":{"rendered":"http:\/\/silvermotel.ms.decms.eu\/?page_id=85"},"modified":"2020-05-20T16:42:29","modified_gmt":"2020-05-20T14:42:29","slug":"habitaciones","status":"publish","type":"page","link":"https:\/\/www.motelsilver.it\/es\/habitaciones\/","title":{"rendered":"Habitaciones"},"content":{"rendered":"<p><strong>Modernas y lujosas<\/strong>, las habitaciones de Motel Silver se caracterizan por una gran variedad de tem\u00e1ticas para que tu estancia sea \u00fanica y especial. Loco, Kyoto, Rom\u00e1ntico, Tranquilo, Murano, \u00c1frica, Suite Pool30, Suites St. Petersburg, Suite \u00c1frica Bamboo y Suite Imperial, elige la estancia que m\u00e1s te guste y pasa unos d\u00edas inolvidables en la zona.<\/p>\n<p>Todas las habitaciones est\u00e1n equipadas con <strong>aparcamiento privado<\/strong> con acceso independiente.<\/p>\n","protected":false},"excerpt":{"rendered":"<p>Modernas y lujosas, las habitaciones de Motel Silver se caracterizan por una gran variedad de tem\u00e1ticas para que tu estancia sea \u00fanica y especial. Loco, Kyoto, Rom\u00e1ntico, Tranquilo, Murano, \u00c1frica, Suite Pool30, Suites St. Petersburg, Suite \u00c1frica Bamboo y Suite Imperial, elige la estancia que m\u00e1s te guste y pasa unos d\u00edas inolvidables en la [&hellip;]<\/p>\n","protected":false},"author":3,"featured_media":0,"parent":0,"menu_order":2,"comment_status":"closed","ping_status":"closed","template":"","meta":{"footnotes":""},"class_list":["post-85","page","type-page","status-publish","hentry"],"yoast_head":"<!-- This site is optimized with the Yoast SEO plugin v26.9 - https:\/\/yoast.com\/product\/yoast-seo-wordpress\/ -->\n<title>Habitaciones - Silver Motel<\/title>\n<meta name=\"robots\" content=\"noindex, nofollow\" \/>\n<meta property=\"og:locale\" content=\"es_ES\" \/>\n<meta property=\"og:type\" content=\"article\" \/>\n<meta property=\"og:title\" content=\"Habitaciones - Silver Motel\" \/>\n<meta property=\"og:description\" content=\"Modernas y lujosas, las habitaciones de Motel Silver se caracterizan por una gran variedad de tem\u00e1ticas para que tu estancia sea \u00fanica y especial. Loco, Kyoto, Rom\u00e1ntico, Tranquilo, Murano, \u00c1frica, Suite Pool30, Suites St. Petersburg, Suite \u00c1frica Bamboo y Suite Imperial, elige la estancia que m\u00e1s te guste y pasa unos d\u00edas inolvidables en la [&hellip;]\" \/>\n<meta property=\"og:url\" content=\"https:\/\/www.motelsilver.it\/es\/habitaciones\/\" \/>\n<meta property=\"og:site_name\" content=\"Silver Motel\" \/>\n<meta property=\"article:modified_time\" content=\"2020-05-20T14:42:29+00:00\" \/>\n<meta name=\"twitter:card\" content=\"summary_large_image\" \/>\n<script type=\"application\/ld+json\" class=\"yoast-schema-graph\">{\"@context\":\"https:\/\/schema.org\",\"@graph\":[{\"@type\":\"WebPage\",\"@id\":\"https:\/\/www.motelsilver.it\/es\/habitaciones\/\",\"url\":\"https:\/\/www.motelsilver.it\/es\/habitaciones\/\",\"name\":\"Habitaciones - Silver Motel\",\"isPartOf\":{\"@id\":\"https:\/\/www.motelsilver.it\/es\/#website\"},\"datePublished\":\"2019-05-08T14:47:24+00:00\",\"dateModified\":\"2020-05-20T14:42:29+00:00\",\"breadcrumb\":{\"@id\":\"https:\/\/www.motelsilver.it\/es\/habitaciones\/#breadcrumb\"},\"inLanguage\":\"es\",\"potentialAction\":[{\"@type\":\"ReadAction\",\"target\":[\"https:\/\/www.motelsilver.it\/es\/habitaciones\/\"]}]},{\"@type\":\"BreadcrumbList\",\"@id\":\"https:\/\/www.motelsilver.it\/es\/habitaciones\/#breadcrumb\",\"itemListElement\":[{\"@type\":\"ListItem\",\"position\":1,\"name\":\"Home\",\"item\":\"https:\/\/www.motelsilver.it\/es\/\"},{\"@type\":\"ListItem\",\"position\":2,\"name\":\"Habitaciones\"}]},{\"@type\":\"WebSite\",\"@id\":\"https:\/\/www.motelsilver.it\/es\/#website\",\"url\":\"https:\/\/www.motelsilver.it\/es\/\",\"name\":\"Silver Motel\",\"description\":\"Ecco un altro sito ms.decms.eu\",\"potentialAction\":[{\"@type\":\"SearchAction\",\"target\":{\"@type\":\"EntryPoint\",\"urlTemplate\":\"https:\/\/www.motelsilver.it\/es\/?s={search_term_string}\"},\"query-input\":{\"@type\":\"PropertyValueSpecification\",\"valueRequired\":true,\"valueName\":\"search_term_string\"}}],\"inLanguage\":\"es\"}]}<\/script>\n<!-- \/ Yoast SEO plugin. -->","yoast_head_json":{"title":"Habitaciones - Silver Motel","robots":{"index":"noindex","follow":"nofollow"},"og_locale":"es_ES","og_type":"article","og_title":"Habitaciones - Silver Motel","og_description":"Modernas y lujosas, las habitaciones de Motel Silver se caracterizan por una gran variedad de tem\u00e1ticas para que tu estancia sea \u00fanica y especial. Loco, Kyoto, Rom\u00e1ntico, Tranquilo, Murano, \u00c1frica, Suite Pool30, Suites St. Petersburg, Suite \u00c1frica Bamboo y Suite Imperial, elige la estancia que m\u00e1s te guste y pasa unos d\u00edas inolvidables en la [&hellip;]","og_url":"https:\/\/www.motelsilver.it\/es\/habitaciones\/","og_site_name":"Silver Motel","article_modified_time":"2020-05-20T14:42:29+00:00","twitter_card":"summary_large_image","schema":{"@context":"https:\/\/schema.org","@graph":[{"@type":"WebPage","@id":"https:\/\/www.motelsilver.it\/es\/habitaciones\/","url":"https:\/\/www.motelsilver.it\/es\/habitaciones\/","name":"Habitaciones - Silver Motel","isPartOf":{"@id":"https:\/\/www.motelsilver.it\/es\/#website"},"datePublished":"2019-05-08T14:47:24+00:00","dateModified":"2020-05-20T14:42:29+00:00","breadcrumb":{"@id":"https:\/\/www.motelsilver.it\/es\/habitaciones\/#breadcrumb"},"inLanguage":"es","potentialAction":[{"@type":"ReadAction","target":["https:\/\/www.motelsilver.it\/es\/habitaciones\/"]}]},{"@type":"BreadcrumbList","@id":"https:\/\/www.motelsilver.it\/es\/habitaciones\/#breadcrumb","itemListElement":[{"@type":"ListItem","position":1,"name":"Home","item":"https:\/\/www.motelsilver.it\/es\/"},{"@type":"ListItem","position":2,"name":"Habitaciones"}]},{"@type":"WebSite","@id":"https:\/\/www.motelsilver.it\/es\/#website","url":"https:\/\/www.motelsilver.it\/es\/","name":"Silver Motel","description":"Ecco un altro sito ms.decms.eu","potentialAction":[{"@type":"SearchAction","target":{"@type":"EntryPoint","urlTemplate":"https:\/\/www.motelsilver.it\/es\/?s={search_term_string}"},"query-input":{"@type":"PropertyValueSpecification","valueRequired":true,"valueName":"search_term_string"}}],"inLanguage":"es"}]}},"acf":[],"_links":{"self":[{"href":"https:\/\/www.motelsilver.it\/es\/wp-json\/wp\/v2\/pages\/85","targetHints":{"allow":["GET"]}}],"collection":[{"href":"https:\/\/www.motelsilver.it\/es\/wp-json\/wp\/v2\/pages"}],"about":[{"href":"https:\/\/www.motelsilver.it\/es\/wp-json\/wp\/v2\/types\/page"}],"author":[{"embeddable":true,"href":"https:\/\/www.motelsilver.it\/es\/wp-json\/wp\/v2\/users\/3"}],"replies":[{"embeddable":true,"href":"https:\/\/www.motelsilver.it\/es\/wp-json\/wp\/v2\/comments?post=85"}],"version-history":[{"count":0,"href":"https:\/\/www.motelsilver.it\/es\/wp-json\/wp\/v2\/pages\/85\/revisions"}],"wp:attachment":[{"href":"https:\/\/www.motelsilver.it\/es\/wp-json\/wp\/v2\/media?parent=85"}],"curies":[{"name":"wp","href":"https:\/\/api.w.org\/{rel}","templated":true}]}}