{"id":844,"date":"2023-01-09T11:30:10","date_gmt":"2023-01-09T10:30:10","guid":{"rendered":"https:\/\/www.motelsilver.it\/?page_id=844"},"modified":"2023-01-09T11:30:57","modified_gmt":"2023-01-09T10:30:57","slug":"junior-suite-crazy-gold","status":"publish","type":"page","link":"https:\/\/www.motelsilver.it\/es\/habitaciones\/junior-suite-crazy-gold\/","title":{"rendered":"Junior Suite Crazy Gold"},"content":{"rendered":"<p>\u00a1La Crazy Junior Suite es la habitaci\u00f3n del Motel Silver para divertirse!<br \/>\nLa habitaci\u00f3n es una de nuestras habitaciones m\u00e1s extravagantes: la cama redonda est\u00e1 realzada por una litograf\u00eda gigante (iluminada en colores negro y dorado) que representa a una mujer con una mirada cautivadora envuelta por el fuego de la pasi\u00f3n. Muy originales son la pared de espejos frente a la cama, el juego de luces con el espejo en el techo y la posici\u00f3n de una barra de lap dance, entre la cama y la ba\u00f1era de hidromasaje.<br \/>\nLa Crazy Junior Suite es \u00fanica: es un emocionante viaje entre la fantas\u00eda y una pizca de locura.<\/p>\n<p>La Suite solo est\u00e1 disponible con ba\u00f1era de hidromasaje.<\/p>\n<p>4 horas 90\u20ac<br \/>\n6 horas 105\u20ac<br \/>\nToda la noche 180\u20ac<\/p>\n<p>Para el pasaje de 4 o 6 horas en la Crazy Junior Suite, puedes reservar por tel\u00e9fono, llamando una hora antes de la hora prevista de llegada, o puedes ir directamente al motel sin reserva previa.<\/p>\n<p><a href=\"https:\/\/www.motelsilver.it\/es\/contactos\/\"><strong>Cont\u00e1ctenos ahora<\/strong> <\/a>para solicitar informaci\u00f3n o si desea reservar una noche de estad\u00eda en esta habitaci\u00f3n.<\/p>\n","protected":false},"excerpt":{"rendered":"<p>\u00a1La Crazy Junior Suite es la habitaci\u00f3n del Motel Silver para divertirse! La habitaci\u00f3n es una de nuestras habitaciones m\u00e1s extravagantes: la cama redonda est\u00e1 realzada por una litograf\u00eda gigante (iluminada en colores negro y dorado) que representa a una mujer con una mirada cautivadora envuelta por el fuego de la pasi\u00f3n. Muy originales son [&hellip;]<\/p>\n","protected":false},"author":68,"featured_media":0,"parent":85,"menu_order":8,"comment_status":"closed","ping_status":"closed","template":"template-single-room.php","meta":{"footnotes":""},"class_list":["post-844","page","type-page","status-publish","hentry"],"yoast_head":"<!-- This site is optimized with the Yoast SEO plugin v26.9 - https:\/\/yoast.com\/product\/yoast-seo-wordpress\/ -->\n<title>Junior Suite Crazy Gold - Silver Motel<\/title>\n<meta name=\"robots\" content=\"index, follow, max-snippet:-1, max-image-preview:large, max-video-preview:-1\" \/>\n<link rel=\"canonical\" href=\"https:\/\/www.motelsilver.it\/es\/habitaciones\/junior-suite-crazy-gold\/\" \/>\n<meta property=\"og:locale\" content=\"es_ES\" \/>\n<meta property=\"og:type\" content=\"article\" \/>\n<meta property=\"og:title\" content=\"Junior Suite Crazy Gold - Silver Motel\" \/>\n<meta property=\"og:description\" content=\"\u00a1La Crazy Junior Suite es la habitaci\u00f3n del Motel Silver para divertirse! La habitaci\u00f3n es una de nuestras habitaciones m\u00e1s extravagantes: la cama redonda est\u00e1 realzada por una litograf\u00eda gigante (iluminada en colores negro y dorado) que representa a una mujer con una mirada cautivadora envuelta por el fuego de la pasi\u00f3n. Muy originales son [&hellip;]\" \/>\n<meta property=\"og:url\" content=\"https:\/\/www.motelsilver.it\/es\/habitaciones\/junior-suite-crazy-gold\/\" \/>\n<meta property=\"og:site_name\" content=\"Silver Motel\" \/>\n<meta property=\"article:modified_time\" content=\"2023-01-09T10:30:57+00:00\" \/>\n<meta name=\"twitter:card\" content=\"summary_large_image\" \/>\n<meta name=\"twitter:label1\" content=\"Tiempo de lectura\" \/>\n\t<meta name=\"twitter:data1\" content=\"1 minuto\" \/>\n<script type=\"application\/ld+json\" class=\"yoast-schema-graph\">{\"@context\":\"https:\/\/schema.org\",\"@graph\":[{\"@type\":\"WebPage\",\"@id\":\"https:\/\/www.motelsilver.it\/es\/habitaciones\/junior-suite-crazy-gold\/\",\"url\":\"https:\/\/www.motelsilver.it\/es\/habitaciones\/junior-suite-crazy-gold\/\",\"name\":\"Junior Suite Crazy Gold - Silver Motel\",\"isPartOf\":{\"@id\":\"https:\/\/www.motelsilver.it\/es\/#website\"},\"datePublished\":\"2023-01-09T10:30:10+00:00\",\"dateModified\":\"2023-01-09T10:30:57+00:00\",\"breadcrumb\":{\"@id\":\"https:\/\/www.motelsilver.it\/es\/habitaciones\/junior-suite-crazy-gold\/#breadcrumb\"},\"inLanguage\":\"es\",\"potentialAction\":[{\"@type\":\"ReadAction\",\"target\":[\"https:\/\/www.motelsilver.it\/es\/habitaciones\/junior-suite-crazy-gold\/\"]}]},{\"@type\":\"BreadcrumbList\",\"@id\":\"https:\/\/www.motelsilver.it\/es\/habitaciones\/junior-suite-crazy-gold\/#breadcrumb\",\"itemListElement\":[{\"@type\":\"ListItem\",\"position\":1,\"name\":\"Home\",\"item\":\"https:\/\/www.motelsilver.it\/es\/\"},{\"@type\":\"ListItem\",\"position\":2,\"name\":\"Habitaciones\",\"item\":\"https:\/\/www.motelsilver.it\/es\/habitaciones\/\"},{\"@type\":\"ListItem\",\"position\":3,\"name\":\"Junior Suite Crazy Gold\"}]},{\"@type\":\"WebSite\",\"@id\":\"https:\/\/www.motelsilver.it\/es\/#website\",\"url\":\"https:\/\/www.motelsilver.it\/es\/\",\"name\":\"Silver Motel\",\"description\":\"Ecco un altro sito ms.decms.eu\",\"potentialAction\":[{\"@type\":\"SearchAction\",\"target\":{\"@type\":\"EntryPoint\",\"urlTemplate\":\"https:\/\/www.motelsilver.it\/es\/?s={search_term_string}\"},\"query-input\":{\"@type\":\"PropertyValueSpecification\",\"valueRequired\":true,\"valueName\":\"search_term_string\"}}],\"inLanguage\":\"es\"}]}<\/script>\n<!-- \/ Yoast SEO plugin. -->","yoast_head_json":{"title":"Junior Suite Crazy Gold - Silver Motel","robots":{"index":"index","follow":"follow","max-snippet":"max-snippet:-1","max-image-preview":"max-image-preview:large","max-video-preview":"max-video-preview:-1"},"canonical":"https:\/\/www.motelsilver.it\/es\/habitaciones\/junior-suite-crazy-gold\/","og_locale":"es_ES","og_type":"article","og_title":"Junior Suite Crazy Gold - Silver Motel","og_description":"\u00a1La Crazy Junior Suite es la habitaci\u00f3n del Motel Silver para divertirse! La habitaci\u00f3n es una de nuestras habitaciones m\u00e1s extravagantes: la cama redonda est\u00e1 realzada por una litograf\u00eda gigante (iluminada en colores negro y dorado) que representa a una mujer con una mirada cautivadora envuelta por el fuego de la pasi\u00f3n. Muy originales son [&hellip;]","og_url":"https:\/\/www.motelsilver.it\/es\/habitaciones\/junior-suite-crazy-gold\/","og_site_name":"Silver Motel","article_modified_time":"2023-01-09T10:30:57+00:00","twitter_card":"summary_large_image","twitter_misc":{"Tiempo de lectura":"1 minuto"},"schema":{"@context":"https:\/\/schema.org","@graph":[{"@type":"WebPage","@id":"https:\/\/www.motelsilver.it\/es\/habitaciones\/junior-suite-crazy-gold\/","url":"https:\/\/www.motelsilver.it\/es\/habitaciones\/junior-suite-crazy-gold\/","name":"Junior Suite Crazy Gold - Silver Motel","isPartOf":{"@id":"https:\/\/www.motelsilver.it\/es\/#website"},"datePublished":"2023-01-09T10:30:10+00:00","dateModified":"2023-01-09T10:30:57+00:00","breadcrumb":{"@id":"https:\/\/www.motelsilver.it\/es\/habitaciones\/junior-suite-crazy-gold\/#breadcrumb"},"inLanguage":"es","potentialAction":[{"@type":"ReadAction","target":["https:\/\/www.motelsilver.it\/es\/habitaciones\/junior-suite-crazy-gold\/"]}]},{"@type":"BreadcrumbList","@id":"https:\/\/www.motelsilver.it\/es\/habitaciones\/junior-suite-crazy-gold\/#breadcrumb","itemListElement":[{"@type":"ListItem","position":1,"name":"Home","item":"https:\/\/www.motelsilver.it\/es\/"},{"@type":"ListItem","position":2,"name":"Habitaciones","item":"https:\/\/www.motelsilver.it\/es\/habitaciones\/"},{"@type":"ListItem","position":3,"name":"Junior Suite Crazy Gold"}]},{"@type":"WebSite","@id":"https:\/\/www.motelsilver.it\/es\/#website","url":"https:\/\/www.motelsilver.it\/es\/","name":"Silver Motel","description":"Ecco un altro sito ms.decms.eu","potentialAction":[{"@type":"SearchAction","target":{"@type":"EntryPoint","urlTemplate":"https:\/\/www.motelsilver.it\/es\/?s={search_term_string}"},"query-input":{"@type":"PropertyValueSpecification","valueRequired":true,"valueName":"search_term_string"}}],"inLanguage":"es"}]}},"acf":[],"_links":{"self":[{"href":"https:\/\/www.motelsilver.it\/es\/wp-json\/wp\/v2\/pages\/844","targetHints":{"allow":["GET"]}}],"collection":[{"href":"https:\/\/www.motelsilver.it\/es\/wp-json\/wp\/v2\/pages"}],"about":[{"href":"https:\/\/www.motelsilver.it\/es\/wp-json\/wp\/v2\/types\/page"}],"author":[{"embeddable":true,"href":"https:\/\/www.motelsilver.it\/es\/wp-json\/wp\/v2\/users\/68"}],"replies":[{"embeddable":true,"href":"https:\/\/www.motelsilver.it\/es\/wp-json\/wp\/v2\/comments?post=844"}],"version-history":[{"count":0,"href":"https:\/\/www.motelsilver.it\/es\/wp-json\/wp\/v2\/pages\/844\/revisions"}],"up":[{"embeddable":true,"href":"https:\/\/www.motelsilver.it\/es\/wp-json\/wp\/v2\/pages\/85"}],"wp:attachment":[{"href":"https:\/\/www.motelsilver.it\/es\/wp-json\/wp\/v2\/media?parent=844"}],"curies":[{"name":"wp","href":"https:\/\/api.w.org\/{rel}","templated":true}]}}