{"id":824,"date":"2022-03-31T14:11:49","date_gmt":"2022-03-31T12:11:49","guid":{"rendered":"https:\/\/www.motelsilver.it\/?page_id=824"},"modified":"2022-03-31T14:12:28","modified_gmt":"2022-03-31T12:12:28","slug":"wi-fi-gratis","status":"publish","type":"page","link":"https:\/\/www.motelsilver.it\/es\/servicios\/wi-fi-gratis\/","title":{"rendered":"Wi-Fi gratis"},"content":{"rendered":"<p><strong>WiFi gratis en todas las habitaciones: navega con total seguridad<\/strong><\/p>\n<p>Para nuestros hu\u00e9spedes, el acceso inal\u00e1mbrico a Internet es gratuito en todo el hotel: en las habitaciones, en el hall y en todas las \u00e1reas comunes.<\/p>\n<p>Gracias al wifi gratuito, puedes conectar tu port\u00e1til, iPhone, iPad u otros dispositivos a la red de Silver Hotel. Es suficiente solicitar una contrase\u00f1a en la recepci\u00f3n.<\/p>\n<p>La conexi\u00f3n est\u00e1 protegida y es para uso exclusivo de los usuarios habilitados y autorizados, en pleno cumplimiento de la legislaci\u00f3n vigente en materia de privacidad (<a href=\"https:\/\/www.garanteprivacy.it\/regolamentoue\" target=\"_blank\" rel=\"noopener\">Reglamento Europeo n\u00ba 2016\/679<\/a>).<\/p>\n","protected":false},"excerpt":{"rendered":"<p>WiFi gratis en todas las habitaciones: navega con total seguridad Para nuestros hu\u00e9spedes, el acceso inal\u00e1mbrico a Internet es gratuito en todo el hotel: en las habitaciones, en el hall y en todas las \u00e1reas comunes. Gracias al wifi gratuito, puedes conectar tu port\u00e1til, iPhone, iPad u otros dispositivos a la red de Silver Hotel. [&hellip;]<\/p>\n","protected":false},"author":298,"featured_media":0,"parent":98,"menu_order":0,"comment_status":"closed","ping_status":"closed","template":"template-single-service.php","meta":{"footnotes":""},"class_list":["post-824","page","type-page","status-publish","hentry"],"yoast_head":"<!-- This site is optimized with the Yoast SEO plugin v26.9 - https:\/\/yoast.com\/product\/yoast-seo-wordpress\/ -->\n<title>Wi-Fi gratis - Silver Motel<\/title>\n<meta name=\"robots\" content=\"index, follow, max-snippet:-1, max-image-preview:large, max-video-preview:-1\" \/>\n<link rel=\"canonical\" href=\"https:\/\/www.motelsilver.it\/es\/servicios\/wi-fi-gratis\/\" \/>\n<meta property=\"og:locale\" content=\"es_ES\" \/>\n<meta property=\"og:type\" content=\"article\" \/>\n<meta property=\"og:title\" content=\"Wi-Fi gratis - Silver Motel\" \/>\n<meta property=\"og:description\" content=\"WiFi gratis en todas las habitaciones: navega con total seguridad Para nuestros hu\u00e9spedes, el acceso inal\u00e1mbrico a Internet es gratuito en todo el hotel: en las habitaciones, en el hall y en todas las \u00e1reas comunes. Gracias al wifi gratuito, puedes conectar tu port\u00e1til, iPhone, iPad u otros dispositivos a la red de Silver Hotel. [&hellip;]\" \/>\n<meta property=\"og:url\" content=\"https:\/\/www.motelsilver.it\/es\/servicios\/wi-fi-gratis\/\" \/>\n<meta property=\"og:site_name\" content=\"Silver Motel\" \/>\n<meta property=\"article:modified_time\" content=\"2022-03-31T12:12:28+00:00\" \/>\n<meta name=\"twitter:card\" content=\"summary_large_image\" \/>\n<script type=\"application\/ld+json\" class=\"yoast-schema-graph\">{\"@context\":\"https:\/\/schema.org\",\"@graph\":[{\"@type\":\"WebPage\",\"@id\":\"https:\/\/www.motelsilver.it\/es\/servicios\/wi-fi-gratis\/\",\"url\":\"https:\/\/www.motelsilver.it\/es\/servicios\/wi-fi-gratis\/\",\"name\":\"Wi-Fi gratis - Silver Motel\",\"isPartOf\":{\"@id\":\"https:\/\/www.motelsilver.it\/es\/#website\"},\"datePublished\":\"2022-03-31T12:11:49+00:00\",\"dateModified\":\"2022-03-31T12:12:28+00:00\",\"breadcrumb\":{\"@id\":\"https:\/\/www.motelsilver.it\/es\/servicios\/wi-fi-gratis\/#breadcrumb\"},\"inLanguage\":\"es\",\"potentialAction\":[{\"@type\":\"ReadAction\",\"target\":[\"https:\/\/www.motelsilver.it\/es\/servicios\/wi-fi-gratis\/\"]}]},{\"@type\":\"BreadcrumbList\",\"@id\":\"https:\/\/www.motelsilver.it\/es\/servicios\/wi-fi-gratis\/#breadcrumb\",\"itemListElement\":[{\"@type\":\"ListItem\",\"position\":1,\"name\":\"Home\",\"item\":\"https:\/\/www.motelsilver.it\/es\/\"},{\"@type\":\"ListItem\",\"position\":2,\"name\":\"Servicios\",\"item\":\"https:\/\/www.motelsilver.it\/es\/servicios\/\"},{\"@type\":\"ListItem\",\"position\":3,\"name\":\"Wi-Fi gratis\"}]},{\"@type\":\"WebSite\",\"@id\":\"https:\/\/www.motelsilver.it\/es\/#website\",\"url\":\"https:\/\/www.motelsilver.it\/es\/\",\"name\":\"Silver Motel\",\"description\":\"Ecco un altro sito ms.decms.eu\",\"potentialAction\":[{\"@type\":\"SearchAction\",\"target\":{\"@type\":\"EntryPoint\",\"urlTemplate\":\"https:\/\/www.motelsilver.it\/es\/?s={search_term_string}\"},\"query-input\":{\"@type\":\"PropertyValueSpecification\",\"valueRequired\":true,\"valueName\":\"search_term_string\"}}],\"inLanguage\":\"es\"}]}<\/script>\n<!-- \/ Yoast SEO plugin. -->","yoast_head_json":{"title":"Wi-Fi gratis - Silver Motel","robots":{"index":"index","follow":"follow","max-snippet":"max-snippet:-1","max-image-preview":"max-image-preview:large","max-video-preview":"max-video-preview:-1"},"canonical":"https:\/\/www.motelsilver.it\/es\/servicios\/wi-fi-gratis\/","og_locale":"es_ES","og_type":"article","og_title":"Wi-Fi gratis - Silver Motel","og_description":"WiFi gratis en todas las habitaciones: navega con total seguridad Para nuestros hu\u00e9spedes, el acceso inal\u00e1mbrico a Internet es gratuito en todo el hotel: en las habitaciones, en el hall y en todas las \u00e1reas comunes. Gracias al wifi gratuito, puedes conectar tu port\u00e1til, iPhone, iPad u otros dispositivos a la red de Silver Hotel. [&hellip;]","og_url":"https:\/\/www.motelsilver.it\/es\/servicios\/wi-fi-gratis\/","og_site_name":"Silver Motel","article_modified_time":"2022-03-31T12:12:28+00:00","twitter_card":"summary_large_image","schema":{"@context":"https:\/\/schema.org","@graph":[{"@type":"WebPage","@id":"https:\/\/www.motelsilver.it\/es\/servicios\/wi-fi-gratis\/","url":"https:\/\/www.motelsilver.it\/es\/servicios\/wi-fi-gratis\/","name":"Wi-Fi gratis - Silver Motel","isPartOf":{"@id":"https:\/\/www.motelsilver.it\/es\/#website"},"datePublished":"2022-03-31T12:11:49+00:00","dateModified":"2022-03-31T12:12:28+00:00","breadcrumb":{"@id":"https:\/\/www.motelsilver.it\/es\/servicios\/wi-fi-gratis\/#breadcrumb"},"inLanguage":"es","potentialAction":[{"@type":"ReadAction","target":["https:\/\/www.motelsilver.it\/es\/servicios\/wi-fi-gratis\/"]}]},{"@type":"BreadcrumbList","@id":"https:\/\/www.motelsilver.it\/es\/servicios\/wi-fi-gratis\/#breadcrumb","itemListElement":[{"@type":"ListItem","position":1,"name":"Home","item":"https:\/\/www.motelsilver.it\/es\/"},{"@type":"ListItem","position":2,"name":"Servicios","item":"https:\/\/www.motelsilver.it\/es\/servicios\/"},{"@type":"ListItem","position":3,"name":"Wi-Fi gratis"}]},{"@type":"WebSite","@id":"https:\/\/www.motelsilver.it\/es\/#website","url":"https:\/\/www.motelsilver.it\/es\/","name":"Silver Motel","description":"Ecco un altro sito ms.decms.eu","potentialAction":[{"@type":"SearchAction","target":{"@type":"EntryPoint","urlTemplate":"https:\/\/www.motelsilver.it\/es\/?s={search_term_string}"},"query-input":{"@type":"PropertyValueSpecification","valueRequired":true,"valueName":"search_term_string"}}],"inLanguage":"es"}]}},"acf":[],"_links":{"self":[{"href":"https:\/\/www.motelsilver.it\/es\/wp-json\/wp\/v2\/pages\/824","targetHints":{"allow":["GET"]}}],"collection":[{"href":"https:\/\/www.motelsilver.it\/es\/wp-json\/wp\/v2\/pages"}],"about":[{"href":"https:\/\/www.motelsilver.it\/es\/wp-json\/wp\/v2\/types\/page"}],"author":[{"embeddable":true,"href":"https:\/\/www.motelsilver.it\/es\/wp-json\/wp\/v2\/users\/298"}],"replies":[{"embeddable":true,"href":"https:\/\/www.motelsilver.it\/es\/wp-json\/wp\/v2\/comments?post=824"}],"version-history":[{"count":0,"href":"https:\/\/www.motelsilver.it\/es\/wp-json\/wp\/v2\/pages\/824\/revisions"}],"up":[{"embeddable":true,"href":"https:\/\/www.motelsilver.it\/es\/wp-json\/wp\/v2\/pages\/98"}],"wp:attachment":[{"href":"https:\/\/www.motelsilver.it\/es\/wp-json\/wp\/v2\/media?parent=824"}],"curies":[{"name":"wp","href":"https:\/\/api.w.org\/{rel}","templated":true}]}}