{"id":817,"date":"2022-03-31T12:49:28","date_gmt":"2022-03-31T10:49:28","guid":{"rendered":"https:\/\/www.motelsilver.it\/?page_id=817"},"modified":"2023-03-13T19:55:32","modified_gmt":"2023-03-13T18:55:32","slug":"gourmet-de-lujo","status":"publish","type":"page","link":"https:\/\/www.motelsilver.it\/es\/promociones\/gourmet-de-lujo\/","title":{"rendered":"Gourmet de lujo"},"content":{"rendered":"<p><strong>Relax y sabor<\/strong> es el paquete Motel Silver, dise\u00f1ado para aquellos que quieren pasar dos d\u00edas relaj\u00e1ndose y descubriendo los verdaderos sabores.<br \/>\nEl paquete para 2 personas incluye:<\/p>\n<p>&#8211; 1 noche en habitaci\u00f3n cl\u00e1sica con ducha doble<br \/>\n&#8211; 1 desayuno buffet para dos personas<br \/>\n&#8211; Estacionamiento gratis<br \/>\n&#8211; 1 cena exclusiva para dos personas (2 platos m\u00e1s postre, bebidas no incluidas)<\/p>\n<p><strong>Precio de venta: \u20ac 189,00 \u20ac<br \/>\n<\/strong><\/p>\n<p style=\"text-align: center\"><a class=\"promobutton\" href=\"https:\/\/www.motelsilver.it\/es\/contactos\/\" target=\"_blank\" rel=\"noopener\">Informaci\u00f3n requeridai<\/a><\/p>\n","protected":false},"excerpt":{"rendered":"<p>Relax y sabor es el paquete Motel Silver, dise\u00f1ado para aquellos que quieren pasar dos d\u00edas relaj\u00e1ndose y descubriendo los verdaderos sabores. El paquete para 2 personas incluye: &#8211; 1 noche en habitaci\u00f3n cl\u00e1sica con ducha doble &#8211; 1 desayuno buffet para dos personas &#8211; Estacionamiento gratis &#8211; 1 cena exclusiva para dos personas (2 [&hellip;]<\/p>\n","protected":false},"author":298,"featured_media":0,"parent":285,"menu_order":0,"comment_status":"closed","ping_status":"closed","template":"","meta":{"footnotes":""},"class_list":["post-817","page","type-page","status-publish","hentry"],"yoast_head":"<!-- This site is optimized with the Yoast SEO plugin v26.9 - https:\/\/yoast.com\/product\/yoast-seo-wordpress\/ -->\n<title>Gourmet de lujo - Silver Motel<\/title>\n<meta name=\"robots\" content=\"index, follow, max-snippet:-1, max-image-preview:large, max-video-preview:-1\" \/>\n<link rel=\"canonical\" href=\"https:\/\/www.motelsilver.it\/es\/promociones\/gourmet-de-lujo\/\" \/>\n<meta property=\"og:locale\" content=\"es_ES\" \/>\n<meta property=\"og:type\" content=\"article\" \/>\n<meta property=\"og:title\" content=\"Gourmet de lujo - Silver Motel\" \/>\n<meta property=\"og:description\" content=\"Relax y sabor es el paquete Motel Silver, dise\u00f1ado para aquellos que quieren pasar dos d\u00edas relaj\u00e1ndose y descubriendo los verdaderos sabores. El paquete para 2 personas incluye: &#8211; 1 noche en habitaci\u00f3n cl\u00e1sica con ducha doble &#8211; 1 desayuno buffet para dos personas &#8211; Estacionamiento gratis &#8211; 1 cena exclusiva para dos personas (2 [&hellip;]\" \/>\n<meta property=\"og:url\" content=\"https:\/\/www.motelsilver.it\/es\/promociones\/gourmet-de-lujo\/\" \/>\n<meta property=\"og:site_name\" content=\"Silver Motel\" \/>\n<meta property=\"article:modified_time\" content=\"2023-03-13T18:55:32+00:00\" \/>\n<meta name=\"twitter:card\" content=\"summary_large_image\" \/>\n<meta name=\"twitter:label1\" content=\"Tiempo de lectura\" \/>\n\t<meta name=\"twitter:data1\" content=\"1 minuto\" \/>\n<script type=\"application\/ld+json\" class=\"yoast-schema-graph\">{\"@context\":\"https:\/\/schema.org\",\"@graph\":[{\"@type\":\"WebPage\",\"@id\":\"https:\/\/www.motelsilver.it\/es\/promociones\/gourmet-de-lujo\/\",\"url\":\"https:\/\/www.motelsilver.it\/es\/promociones\/gourmet-de-lujo\/\",\"name\":\"Gourmet de lujo - Silver Motel\",\"isPartOf\":{\"@id\":\"https:\/\/www.motelsilver.it\/es\/#website\"},\"datePublished\":\"2022-03-31T10:49:28+00:00\",\"dateModified\":\"2023-03-13T18:55:32+00:00\",\"breadcrumb\":{\"@id\":\"https:\/\/www.motelsilver.it\/es\/promociones\/gourmet-de-lujo\/#breadcrumb\"},\"inLanguage\":\"es\",\"potentialAction\":[{\"@type\":\"ReadAction\",\"target\":[\"https:\/\/www.motelsilver.it\/es\/promociones\/gourmet-de-lujo\/\"]}]},{\"@type\":\"BreadcrumbList\",\"@id\":\"https:\/\/www.motelsilver.it\/es\/promociones\/gourmet-de-lujo\/#breadcrumb\",\"itemListElement\":[{\"@type\":\"ListItem\",\"position\":1,\"name\":\"Home\",\"item\":\"https:\/\/www.motelsilver.it\/es\/\"},{\"@type\":\"ListItem\",\"position\":2,\"name\":\"Promociones\",\"item\":\"https:\/\/www.motelsilver.it\/es\/promociones\/\"},{\"@type\":\"ListItem\",\"position\":3,\"name\":\"Gourmet de lujo\"}]},{\"@type\":\"WebSite\",\"@id\":\"https:\/\/www.motelsilver.it\/es\/#website\",\"url\":\"https:\/\/www.motelsilver.it\/es\/\",\"name\":\"Silver Motel\",\"description\":\"Ecco un altro sito ms.decms.eu\",\"potentialAction\":[{\"@type\":\"SearchAction\",\"target\":{\"@type\":\"EntryPoint\",\"urlTemplate\":\"https:\/\/www.motelsilver.it\/es\/?s={search_term_string}\"},\"query-input\":{\"@type\":\"PropertyValueSpecification\",\"valueRequired\":true,\"valueName\":\"search_term_string\"}}],\"inLanguage\":\"es\"}]}<\/script>\n<!-- \/ Yoast SEO plugin. -->","yoast_head_json":{"title":"Gourmet de lujo - Silver Motel","robots":{"index":"index","follow":"follow","max-snippet":"max-snippet:-1","max-image-preview":"max-image-preview:large","max-video-preview":"max-video-preview:-1"},"canonical":"https:\/\/www.motelsilver.it\/es\/promociones\/gourmet-de-lujo\/","og_locale":"es_ES","og_type":"article","og_title":"Gourmet de lujo - Silver Motel","og_description":"Relax y sabor es el paquete Motel Silver, dise\u00f1ado para aquellos que quieren pasar dos d\u00edas relaj\u00e1ndose y descubriendo los verdaderos sabores. El paquete para 2 personas incluye: &#8211; 1 noche en habitaci\u00f3n cl\u00e1sica con ducha doble &#8211; 1 desayuno buffet para dos personas &#8211; Estacionamiento gratis &#8211; 1 cena exclusiva para dos personas (2 [&hellip;]","og_url":"https:\/\/www.motelsilver.it\/es\/promociones\/gourmet-de-lujo\/","og_site_name":"Silver Motel","article_modified_time":"2023-03-13T18:55:32+00:00","twitter_card":"summary_large_image","twitter_misc":{"Tiempo de lectura":"1 minuto"},"schema":{"@context":"https:\/\/schema.org","@graph":[{"@type":"WebPage","@id":"https:\/\/www.motelsilver.it\/es\/promociones\/gourmet-de-lujo\/","url":"https:\/\/www.motelsilver.it\/es\/promociones\/gourmet-de-lujo\/","name":"Gourmet de lujo - Silver Motel","isPartOf":{"@id":"https:\/\/www.motelsilver.it\/es\/#website"},"datePublished":"2022-03-31T10:49:28+00:00","dateModified":"2023-03-13T18:55:32+00:00","breadcrumb":{"@id":"https:\/\/www.motelsilver.it\/es\/promociones\/gourmet-de-lujo\/#breadcrumb"},"inLanguage":"es","potentialAction":[{"@type":"ReadAction","target":["https:\/\/www.motelsilver.it\/es\/promociones\/gourmet-de-lujo\/"]}]},{"@type":"BreadcrumbList","@id":"https:\/\/www.motelsilver.it\/es\/promociones\/gourmet-de-lujo\/#breadcrumb","itemListElement":[{"@type":"ListItem","position":1,"name":"Home","item":"https:\/\/www.motelsilver.it\/es\/"},{"@type":"ListItem","position":2,"name":"Promociones","item":"https:\/\/www.motelsilver.it\/es\/promociones\/"},{"@type":"ListItem","position":3,"name":"Gourmet de lujo"}]},{"@type":"WebSite","@id":"https:\/\/www.motelsilver.it\/es\/#website","url":"https:\/\/www.motelsilver.it\/es\/","name":"Silver Motel","description":"Ecco un altro sito ms.decms.eu","potentialAction":[{"@type":"SearchAction","target":{"@type":"EntryPoint","urlTemplate":"https:\/\/www.motelsilver.it\/es\/?s={search_term_string}"},"query-input":{"@type":"PropertyValueSpecification","valueRequired":true,"valueName":"search_term_string"}}],"inLanguage":"es"}]}},"acf":[],"_links":{"self":[{"href":"https:\/\/www.motelsilver.it\/es\/wp-json\/wp\/v2\/pages\/817","targetHints":{"allow":["GET"]}}],"collection":[{"href":"https:\/\/www.motelsilver.it\/es\/wp-json\/wp\/v2\/pages"}],"about":[{"href":"https:\/\/www.motelsilver.it\/es\/wp-json\/wp\/v2\/types\/page"}],"author":[{"embeddable":true,"href":"https:\/\/www.motelsilver.it\/es\/wp-json\/wp\/v2\/users\/298"}],"replies":[{"embeddable":true,"href":"https:\/\/www.motelsilver.it\/es\/wp-json\/wp\/v2\/comments?post=817"}],"version-history":[{"count":0,"href":"https:\/\/www.motelsilver.it\/es\/wp-json\/wp\/v2\/pages\/817\/revisions"}],"up":[{"embeddable":true,"href":"https:\/\/www.motelsilver.it\/es\/wp-json\/wp\/v2\/pages\/285"}],"wp:attachment":[{"href":"https:\/\/www.motelsilver.it\/es\/wp-json\/wp\/v2\/media?parent=817"}],"curies":[{"name":"wp","href":"https:\/\/api.w.org\/{rel}","templated":true}]}}