{"id":313,"date":"2019-06-03T09:55:28","date_gmt":"2019-06-03T07:55:28","guid":{"rendered":"http:\/\/silvermotel.ms.decms.eu\/?page_id=313"},"modified":"2021-06-15T15:30:54","modified_gmt":"2021-06-15T13:30:54","slug":"paquete-romance","status":"publish","type":"page","link":"https:\/\/www.motelsilver.it\/es\/promociones\/paquete-romance\/","title":{"rendered":"Paquete romance"},"content":{"rendered":"<p>Habitaci\u00f3n decorada de forma rom\u00e1ntica con p\u00e9talos de rosa<br \/>\nBotella de \u00abProsecco italiano\u00bbhttps:\/\/www.motelsilver.it\/es\/promociones\/paquete-romance\/<br \/>\nFruta fresca en la habitaci\u00f3n a la llegada<br \/>\nSet de cortes\u00eda VIP<\/p>\n<p>Disponible de lunes a domingo.<\/p>\n<p>40,00\u20ac Costo de la habitaci\u00f3n excluido<\/p>\n<p style=\"text-align: center;\"><a class=\"promobutton\" href=\"https:\/\/www.motelsilver.it\/es\/contactos\/\" target=\"_blank\" rel=\"noopener\">Solicitar reserva<\/a><\/p>\n","protected":false},"excerpt":{"rendered":"<p>Habitaci\u00f3n decorada de forma rom\u00e1ntica con p\u00e9talos de rosa Botella de \u00abProsecco italiano\u00bbhttps:\/\/www.motelsilver.it\/es\/promociones\/paquete-romance\/ Fruta fresca en la habitaci\u00f3n a la llegada Set de cortes\u00eda VIP Disponible de lunes a domingo. 40,00\u20ac Costo de la habitaci\u00f3n excluido Solicitar reserva<\/p>\n","protected":false},"author":13,"featured_media":0,"parent":285,"menu_order":6,"comment_status":"closed","ping_status":"closed","template":"","meta":{"footnotes":""},"class_list":["post-313","page","type-page","status-publish","hentry"],"yoast_head":"<!-- This site is optimized with the Yoast SEO plugin v26.9 - https:\/\/yoast.com\/product\/yoast-seo-wordpress\/ -->\n<title>Paquete romance - Silver Motel<\/title>\n<meta name=\"robots\" content=\"index, follow, max-snippet:-1, max-image-preview:large, max-video-preview:-1\" \/>\n<link rel=\"canonical\" href=\"https:\/\/www.motelsilver.it\/es\/promociones\/paquete-romance\/\" \/>\n<meta property=\"og:locale\" content=\"es_ES\" \/>\n<meta property=\"og:type\" content=\"article\" \/>\n<meta property=\"og:title\" content=\"Paquete romance - Silver Motel\" \/>\n<meta property=\"og:description\" content=\"Habitaci\u00f3n decorada de forma rom\u00e1ntica con p\u00e9talos de rosa Botella de \u00abProsecco italiano\u00bbhttps:\/\/www.motelsilver.it\/es\/promociones\/paquete-romance\/ Fruta fresca en la habitaci\u00f3n a la llegada Set de cortes\u00eda VIP Disponible de lunes a domingo. 40,00\u20ac Costo de la habitaci\u00f3n excluido Solicitar reserva\" \/>\n<meta property=\"og:url\" content=\"https:\/\/www.motelsilver.it\/es\/promociones\/paquete-romance\/\" \/>\n<meta property=\"og:site_name\" content=\"Silver Motel\" \/>\n<meta property=\"article:modified_time\" content=\"2021-06-15T13:30:54+00:00\" \/>\n<meta name=\"twitter:card\" content=\"summary_large_image\" \/>\n<script type=\"application\/ld+json\" class=\"yoast-schema-graph\">{\"@context\":\"https:\/\/schema.org\",\"@graph\":[{\"@type\":\"WebPage\",\"@id\":\"https:\/\/www.motelsilver.it\/es\/promociones\/paquete-romance\/\",\"url\":\"https:\/\/www.motelsilver.it\/es\/promociones\/paquete-romance\/\",\"name\":\"Paquete romance - Silver Motel\",\"isPartOf\":{\"@id\":\"https:\/\/www.motelsilver.it\/es\/#website\"},\"datePublished\":\"2019-06-03T07:55:28+00:00\",\"dateModified\":\"2021-06-15T13:30:54+00:00\",\"breadcrumb\":{\"@id\":\"https:\/\/www.motelsilver.it\/es\/promociones\/paquete-romance\/#breadcrumb\"},\"inLanguage\":\"es\",\"potentialAction\":[{\"@type\":\"ReadAction\",\"target\":[\"https:\/\/www.motelsilver.it\/es\/promociones\/paquete-romance\/\"]}]},{\"@type\":\"BreadcrumbList\",\"@id\":\"https:\/\/www.motelsilver.it\/es\/promociones\/paquete-romance\/#breadcrumb\",\"itemListElement\":[{\"@type\":\"ListItem\",\"position\":1,\"name\":\"Home\",\"item\":\"https:\/\/www.motelsilver.it\/es\/\"},{\"@type\":\"ListItem\",\"position\":2,\"name\":\"Promociones\",\"item\":\"https:\/\/www.motelsilver.it\/es\/promociones\/\"},{\"@type\":\"ListItem\",\"position\":3,\"name\":\"Paquete romance\"}]},{\"@type\":\"WebSite\",\"@id\":\"https:\/\/www.motelsilver.it\/es\/#website\",\"url\":\"https:\/\/www.motelsilver.it\/es\/\",\"name\":\"Silver Motel\",\"description\":\"Ecco un altro sito ms.decms.eu\",\"potentialAction\":[{\"@type\":\"SearchAction\",\"target\":{\"@type\":\"EntryPoint\",\"urlTemplate\":\"https:\/\/www.motelsilver.it\/es\/?s={search_term_string}\"},\"query-input\":{\"@type\":\"PropertyValueSpecification\",\"valueRequired\":true,\"valueName\":\"search_term_string\"}}],\"inLanguage\":\"es\"}]}<\/script>\n<!-- \/ Yoast SEO plugin. -->","yoast_head_json":{"title":"Paquete romance - Silver Motel","robots":{"index":"index","follow":"follow","max-snippet":"max-snippet:-1","max-image-preview":"max-image-preview:large","max-video-preview":"max-video-preview:-1"},"canonical":"https:\/\/www.motelsilver.it\/es\/promociones\/paquete-romance\/","og_locale":"es_ES","og_type":"article","og_title":"Paquete romance - Silver Motel","og_description":"Habitaci\u00f3n decorada de forma rom\u00e1ntica con p\u00e9talos de rosa Botella de \u00abProsecco italiano\u00bbhttps:\/\/www.motelsilver.it\/es\/promociones\/paquete-romance\/ Fruta fresca en la habitaci\u00f3n a la llegada Set de cortes\u00eda VIP Disponible de lunes a domingo. 40,00\u20ac Costo de la habitaci\u00f3n excluido Solicitar reserva","og_url":"https:\/\/www.motelsilver.it\/es\/promociones\/paquete-romance\/","og_site_name":"Silver Motel","article_modified_time":"2021-06-15T13:30:54+00:00","twitter_card":"summary_large_image","schema":{"@context":"https:\/\/schema.org","@graph":[{"@type":"WebPage","@id":"https:\/\/www.motelsilver.it\/es\/promociones\/paquete-romance\/","url":"https:\/\/www.motelsilver.it\/es\/promociones\/paquete-romance\/","name":"Paquete romance - Silver Motel","isPartOf":{"@id":"https:\/\/www.motelsilver.it\/es\/#website"},"datePublished":"2019-06-03T07:55:28+00:00","dateModified":"2021-06-15T13:30:54+00:00","breadcrumb":{"@id":"https:\/\/www.motelsilver.it\/es\/promociones\/paquete-romance\/#breadcrumb"},"inLanguage":"es","potentialAction":[{"@type":"ReadAction","target":["https:\/\/www.motelsilver.it\/es\/promociones\/paquete-romance\/"]}]},{"@type":"BreadcrumbList","@id":"https:\/\/www.motelsilver.it\/es\/promociones\/paquete-romance\/#breadcrumb","itemListElement":[{"@type":"ListItem","position":1,"name":"Home","item":"https:\/\/www.motelsilver.it\/es\/"},{"@type":"ListItem","position":2,"name":"Promociones","item":"https:\/\/www.motelsilver.it\/es\/promociones\/"},{"@type":"ListItem","position":3,"name":"Paquete romance"}]},{"@type":"WebSite","@id":"https:\/\/www.motelsilver.it\/es\/#website","url":"https:\/\/www.motelsilver.it\/es\/","name":"Silver Motel","description":"Ecco un altro sito ms.decms.eu","potentialAction":[{"@type":"SearchAction","target":{"@type":"EntryPoint","urlTemplate":"https:\/\/www.motelsilver.it\/es\/?s={search_term_string}"},"query-input":{"@type":"PropertyValueSpecification","valueRequired":true,"valueName":"search_term_string"}}],"inLanguage":"es"}]}},"acf":[],"_links":{"self":[{"href":"https:\/\/www.motelsilver.it\/es\/wp-json\/wp\/v2\/pages\/313","targetHints":{"allow":["GET"]}}],"collection":[{"href":"https:\/\/www.motelsilver.it\/es\/wp-json\/wp\/v2\/pages"}],"about":[{"href":"https:\/\/www.motelsilver.it\/es\/wp-json\/wp\/v2\/types\/page"}],"author":[{"embeddable":true,"href":"https:\/\/www.motelsilver.it\/es\/wp-json\/wp\/v2\/users\/13"}],"replies":[{"embeddable":true,"href":"https:\/\/www.motelsilver.it\/es\/wp-json\/wp\/v2\/comments?post=313"}],"version-history":[{"count":0,"href":"https:\/\/www.motelsilver.it\/es\/wp-json\/wp\/v2\/pages\/313\/revisions"}],"up":[{"embeddable":true,"href":"https:\/\/www.motelsilver.it\/es\/wp-json\/wp\/v2\/pages\/285"}],"wp:attachment":[{"href":"https:\/\/www.motelsilver.it\/es\/wp-json\/wp\/v2\/media?parent=313"}],"curies":[{"name":"wp","href":"https:\/\/api.w.org\/{rel}","templated":true}]}}