{"id":311,"date":"2019-06-03T09:54:16","date_gmt":"2019-06-03T07:54:16","guid":{"rendered":"http:\/\/silvermotel.ms.decms.eu\/?page_id=311"},"modified":"2023-03-13T19:59:36","modified_gmt":"2023-03-13T18:59:36","slug":"paquete-romantico-relax","status":"publish","type":"page","link":"https:\/\/www.motelsilver.it\/es\/promociones\/paquete-romantico-relax\/","title":{"rendered":"Paquete rom\u00e1ntico relax"},"content":{"rendered":"<p>Estancia de una noche en la \u00abPool Suite\u00bb.<br \/>\nBotella de prosecco italiano en la habitaci\u00f3n a la llegada.<br \/>\nSet de cortes\u00eda VIP.<br \/>\nCena para dos, 2 platos m\u00e0s postre, con velas en el restaurante \u00abSilver Bistrot Restaurant\u00bb (bebidas no incluidas).<br \/>\nDesayuno para dos en la habitaci\u00f3n.<\/p>\n<p>&nbsp;<\/p>\n<p>Disponible de lunes a S\u00e0bado reservando con al menos 48 horas de antelaci\u00f3n<\/p>\n<p>370.00\u20ac Todo incluido<\/p>\n<p style=\"text-align: center\"><a class=\"promobutton\" href=\"https:\/\/www.motelsilver.it\/es\/contactos\/\" target=\"_blank\" rel=\"noopener\">Solicitar reserva<\/a><\/p>\n","protected":false},"excerpt":{"rendered":"<p>Estancia de una noche en la \u00abPool Suite\u00bb. Botella de prosecco italiano en la habitaci\u00f3n a la llegada. Set de cortes\u00eda VIP. Cena para dos, 2 platos m\u00e0s postre, con velas en el restaurante \u00abSilver Bistrot Restaurant\u00bb (bebidas no incluidas). Desayuno para dos en la habitaci\u00f3n. &nbsp; Disponible de lunes a S\u00e0bado reservando con al [&hellip;]<\/p>\n","protected":false},"author":13,"featured_media":0,"parent":285,"menu_order":5,"comment_status":"closed","ping_status":"closed","template":"","meta":{"footnotes":""},"class_list":["post-311","page","type-page","status-publish","hentry"],"yoast_head":"<!-- This site is optimized with the Yoast SEO plugin v26.9 - https:\/\/yoast.com\/product\/yoast-seo-wordpress\/ -->\n<title>Paquete rom\u00e1ntico relax - Silver Motel<\/title>\n<meta name=\"robots\" content=\"index, follow, max-snippet:-1, max-image-preview:large, max-video-preview:-1\" \/>\n<link rel=\"canonical\" href=\"https:\/\/www.motelsilver.it\/es\/promociones\/paquete-romantico-relax\/\" \/>\n<meta property=\"og:locale\" content=\"es_ES\" \/>\n<meta property=\"og:type\" content=\"article\" \/>\n<meta property=\"og:title\" content=\"Paquete rom\u00e1ntico relax - Silver Motel\" \/>\n<meta property=\"og:description\" content=\"Estancia de una noche en la \u00abPool Suite\u00bb. Botella de prosecco italiano en la habitaci\u00f3n a la llegada. Set de cortes\u00eda VIP. Cena para dos, 2 platos m\u00e0s postre, con velas en el restaurante \u00abSilver Bistrot Restaurant\u00bb (bebidas no incluidas). Desayuno para dos en la habitaci\u00f3n. &nbsp; Disponible de lunes a S\u00e0bado reservando con al [&hellip;]\" \/>\n<meta property=\"og:url\" content=\"https:\/\/www.motelsilver.it\/es\/promociones\/paquete-romantico-relax\/\" \/>\n<meta property=\"og:site_name\" content=\"Silver Motel\" \/>\n<meta property=\"article:modified_time\" content=\"2023-03-13T18:59:36+00:00\" \/>\n<meta name=\"twitter:card\" content=\"summary_large_image\" \/>\n<meta name=\"twitter:label1\" content=\"Tiempo de lectura\" \/>\n\t<meta name=\"twitter:data1\" content=\"1 minuto\" \/>\n<script type=\"application\/ld+json\" class=\"yoast-schema-graph\">{\"@context\":\"https:\/\/schema.org\",\"@graph\":[{\"@type\":\"WebPage\",\"@id\":\"https:\/\/www.motelsilver.it\/es\/promociones\/paquete-romantico-relax\/\",\"url\":\"https:\/\/www.motelsilver.it\/es\/promociones\/paquete-romantico-relax\/\",\"name\":\"Paquete rom\u00e1ntico relax - Silver Motel\",\"isPartOf\":{\"@id\":\"https:\/\/www.motelsilver.it\/es\/#website\"},\"datePublished\":\"2019-06-03T07:54:16+00:00\",\"dateModified\":\"2023-03-13T18:59:36+00:00\",\"breadcrumb\":{\"@id\":\"https:\/\/www.motelsilver.it\/es\/promociones\/paquete-romantico-relax\/#breadcrumb\"},\"inLanguage\":\"es\",\"potentialAction\":[{\"@type\":\"ReadAction\",\"target\":[\"https:\/\/www.motelsilver.it\/es\/promociones\/paquete-romantico-relax\/\"]}]},{\"@type\":\"BreadcrumbList\",\"@id\":\"https:\/\/www.motelsilver.it\/es\/promociones\/paquete-romantico-relax\/#breadcrumb\",\"itemListElement\":[{\"@type\":\"ListItem\",\"position\":1,\"name\":\"Home\",\"item\":\"https:\/\/www.motelsilver.it\/es\/\"},{\"@type\":\"ListItem\",\"position\":2,\"name\":\"Promociones\",\"item\":\"https:\/\/www.motelsilver.it\/es\/promociones\/\"},{\"@type\":\"ListItem\",\"position\":3,\"name\":\"Paquete rom\u00e1ntico relax\"}]},{\"@type\":\"WebSite\",\"@id\":\"https:\/\/www.motelsilver.it\/es\/#website\",\"url\":\"https:\/\/www.motelsilver.it\/es\/\",\"name\":\"Silver Motel\",\"description\":\"Ecco un altro sito ms.decms.eu\",\"potentialAction\":[{\"@type\":\"SearchAction\",\"target\":{\"@type\":\"EntryPoint\",\"urlTemplate\":\"https:\/\/www.motelsilver.it\/es\/?s={search_term_string}\"},\"query-input\":{\"@type\":\"PropertyValueSpecification\",\"valueRequired\":true,\"valueName\":\"search_term_string\"}}],\"inLanguage\":\"es\"}]}<\/script>\n<!-- \/ Yoast SEO plugin. -->","yoast_head_json":{"title":"Paquete rom\u00e1ntico relax - Silver Motel","robots":{"index":"index","follow":"follow","max-snippet":"max-snippet:-1","max-image-preview":"max-image-preview:large","max-video-preview":"max-video-preview:-1"},"canonical":"https:\/\/www.motelsilver.it\/es\/promociones\/paquete-romantico-relax\/","og_locale":"es_ES","og_type":"article","og_title":"Paquete rom\u00e1ntico relax - Silver Motel","og_description":"Estancia de una noche en la \u00abPool Suite\u00bb. Botella de prosecco italiano en la habitaci\u00f3n a la llegada. Set de cortes\u00eda VIP. Cena para dos, 2 platos m\u00e0s postre, con velas en el restaurante \u00abSilver Bistrot Restaurant\u00bb (bebidas no incluidas). Desayuno para dos en la habitaci\u00f3n. &nbsp; Disponible de lunes a S\u00e0bado reservando con al [&hellip;]","og_url":"https:\/\/www.motelsilver.it\/es\/promociones\/paquete-romantico-relax\/","og_site_name":"Silver Motel","article_modified_time":"2023-03-13T18:59:36+00:00","twitter_card":"summary_large_image","twitter_misc":{"Tiempo de lectura":"1 minuto"},"schema":{"@context":"https:\/\/schema.org","@graph":[{"@type":"WebPage","@id":"https:\/\/www.motelsilver.it\/es\/promociones\/paquete-romantico-relax\/","url":"https:\/\/www.motelsilver.it\/es\/promociones\/paquete-romantico-relax\/","name":"Paquete rom\u00e1ntico relax - Silver Motel","isPartOf":{"@id":"https:\/\/www.motelsilver.it\/es\/#website"},"datePublished":"2019-06-03T07:54:16+00:00","dateModified":"2023-03-13T18:59:36+00:00","breadcrumb":{"@id":"https:\/\/www.motelsilver.it\/es\/promociones\/paquete-romantico-relax\/#breadcrumb"},"inLanguage":"es","potentialAction":[{"@type":"ReadAction","target":["https:\/\/www.motelsilver.it\/es\/promociones\/paquete-romantico-relax\/"]}]},{"@type":"BreadcrumbList","@id":"https:\/\/www.motelsilver.it\/es\/promociones\/paquete-romantico-relax\/#breadcrumb","itemListElement":[{"@type":"ListItem","position":1,"name":"Home","item":"https:\/\/www.motelsilver.it\/es\/"},{"@type":"ListItem","position":2,"name":"Promociones","item":"https:\/\/www.motelsilver.it\/es\/promociones\/"},{"@type":"ListItem","position":3,"name":"Paquete rom\u00e1ntico relax"}]},{"@type":"WebSite","@id":"https:\/\/www.motelsilver.it\/es\/#website","url":"https:\/\/www.motelsilver.it\/es\/","name":"Silver Motel","description":"Ecco un altro sito ms.decms.eu","potentialAction":[{"@type":"SearchAction","target":{"@type":"EntryPoint","urlTemplate":"https:\/\/www.motelsilver.it\/es\/?s={search_term_string}"},"query-input":{"@type":"PropertyValueSpecification","valueRequired":true,"valueName":"search_term_string"}}],"inLanguage":"es"}]}},"acf":[],"_links":{"self":[{"href":"https:\/\/www.motelsilver.it\/es\/wp-json\/wp\/v2\/pages\/311","targetHints":{"allow":["GET"]}}],"collection":[{"href":"https:\/\/www.motelsilver.it\/es\/wp-json\/wp\/v2\/pages"}],"about":[{"href":"https:\/\/www.motelsilver.it\/es\/wp-json\/wp\/v2\/types\/page"}],"author":[{"embeddable":true,"href":"https:\/\/www.motelsilver.it\/es\/wp-json\/wp\/v2\/users\/13"}],"replies":[{"embeddable":true,"href":"https:\/\/www.motelsilver.it\/es\/wp-json\/wp\/v2\/comments?post=311"}],"version-history":[{"count":0,"href":"https:\/\/www.motelsilver.it\/es\/wp-json\/wp\/v2\/pages\/311\/revisions"}],"up":[{"embeddable":true,"href":"https:\/\/www.motelsilver.it\/es\/wp-json\/wp\/v2\/pages\/285"}],"wp:attachment":[{"href":"https:\/\/www.motelsilver.it\/es\/wp-json\/wp\/v2\/media?parent=311"}],"curies":[{"name":"wp","href":"https:\/\/api.w.org\/{rel}","templated":true}]}}