{"id":309,"date":"2019-06-03T09:53:19","date_gmt":"2019-06-03T07:53:19","guid":{"rendered":"http:\/\/silvermotel.ms.decms.eu\/?page_id=309"},"modified":"2021-12-02T10:29:39","modified_gmt":"2021-12-02T09:29:39","slug":"paquete-luna-de-miel","status":"publish","type":"page","link":"https:\/\/www.motelsilver.it\/es\/promociones\/paquete-luna-de-miel\/","title":{"rendered":"Paquete luna de miel"},"content":{"rendered":"<p>Estancia de una noche en la \u00abSuite Presidencial\u00bb.<br \/>\nSala decorada de forma rom\u00e1ntica con p\u00e9talos.<br \/>\nBotella de prosecco italiano en la habitaci\u00f3n a la llegada.<br \/>\nSet de cortes\u00eda VIP.<br \/>\nCena para dos, 2 platos m\u00e0s postre, con velas en el restaurante \u00abSilver Bistrot Restaurant\u00bb (bebidas no incluidas).<br \/>\nDesayuno para dos en la habitaci\u00f3n.<\/p>\n<p>Disponible de lunes a s\u00e0bado reservando con al menos 48 horas de antelaci\u00f3n<\/p>\n<p>400.00\u20ac Todo incluido<\/p>\n<p>&nbsp;<\/p>\n<p style=\"text-align: center\"><a class=\"promobutton\" href=\"https:\/\/www.motelsilver.it\/es\/contactos\/\" target=\"_blank\" rel=\"noopener\">Solicitar reserva<\/a><\/p>\n","protected":false},"excerpt":{"rendered":"<p>Estancia de una noche en la \u00abSuite Presidencial\u00bb. Sala decorada de forma rom\u00e1ntica con p\u00e9talos. Botella de prosecco italiano en la habitaci\u00f3n a la llegada. Set de cortes\u00eda VIP. Cena para dos, 2 platos m\u00e0s postre, con velas en el restaurante \u00abSilver Bistrot Restaurant\u00bb (bebidas no incluidas). Desayuno para dos en la habitaci\u00f3n. Disponible de [&hellip;]<\/p>\n","protected":false},"author":13,"featured_media":0,"parent":285,"menu_order":4,"comment_status":"closed","ping_status":"closed","template":"","meta":{"footnotes":""},"class_list":["post-309","page","type-page","status-publish","hentry"],"yoast_head":"<!-- This site is optimized with the Yoast SEO plugin v26.9 - https:\/\/yoast.com\/product\/yoast-seo-wordpress\/ -->\n<title>Paquete luna de miel - Silver Motel<\/title>\n<meta name=\"robots\" content=\"index, follow, max-snippet:-1, max-image-preview:large, max-video-preview:-1\" \/>\n<link rel=\"canonical\" href=\"https:\/\/www.motelsilver.it\/es\/promociones\/paquete-luna-de-miel\/\" \/>\n<meta property=\"og:locale\" content=\"es_ES\" \/>\n<meta property=\"og:type\" content=\"article\" \/>\n<meta property=\"og:title\" content=\"Paquete luna de miel - Silver Motel\" \/>\n<meta property=\"og:description\" content=\"Estancia de una noche en la \u00abSuite Presidencial\u00bb. Sala decorada de forma rom\u00e1ntica con p\u00e9talos. Botella de prosecco italiano en la habitaci\u00f3n a la llegada. Set de cortes\u00eda VIP. Cena para dos, 2 platos m\u00e0s postre, con velas en el restaurante \u00abSilver Bistrot Restaurant\u00bb (bebidas no incluidas). Desayuno para dos en la habitaci\u00f3n. Disponible de [&hellip;]\" \/>\n<meta property=\"og:url\" content=\"https:\/\/www.motelsilver.it\/es\/promociones\/paquete-luna-de-miel\/\" \/>\n<meta property=\"og:site_name\" content=\"Silver Motel\" \/>\n<meta property=\"article:modified_time\" content=\"2021-12-02T09:29:39+00:00\" \/>\n<meta name=\"twitter:card\" content=\"summary_large_image\" \/>\n<script type=\"application\/ld+json\" class=\"yoast-schema-graph\">{\"@context\":\"https:\/\/schema.org\",\"@graph\":[{\"@type\":\"WebPage\",\"@id\":\"https:\/\/www.motelsilver.it\/es\/promociones\/paquete-luna-de-miel\/\",\"url\":\"https:\/\/www.motelsilver.it\/es\/promociones\/paquete-luna-de-miel\/\",\"name\":\"Paquete luna de miel - Silver Motel\",\"isPartOf\":{\"@id\":\"https:\/\/www.motelsilver.it\/es\/#website\"},\"datePublished\":\"2019-06-03T07:53:19+00:00\",\"dateModified\":\"2021-12-02T09:29:39+00:00\",\"breadcrumb\":{\"@id\":\"https:\/\/www.motelsilver.it\/es\/promociones\/paquete-luna-de-miel\/#breadcrumb\"},\"inLanguage\":\"es\",\"potentialAction\":[{\"@type\":\"ReadAction\",\"target\":[\"https:\/\/www.motelsilver.it\/es\/promociones\/paquete-luna-de-miel\/\"]}]},{\"@type\":\"BreadcrumbList\",\"@id\":\"https:\/\/www.motelsilver.it\/es\/promociones\/paquete-luna-de-miel\/#breadcrumb\",\"itemListElement\":[{\"@type\":\"ListItem\",\"position\":1,\"name\":\"Home\",\"item\":\"https:\/\/www.motelsilver.it\/es\/\"},{\"@type\":\"ListItem\",\"position\":2,\"name\":\"Promociones\",\"item\":\"https:\/\/www.motelsilver.it\/es\/promociones\/\"},{\"@type\":\"ListItem\",\"position\":3,\"name\":\"Paquete luna de miel\"}]},{\"@type\":\"WebSite\",\"@id\":\"https:\/\/www.motelsilver.it\/es\/#website\",\"url\":\"https:\/\/www.motelsilver.it\/es\/\",\"name\":\"Silver Motel\",\"description\":\"Ecco un altro sito ms.decms.eu\",\"potentialAction\":[{\"@type\":\"SearchAction\",\"target\":{\"@type\":\"EntryPoint\",\"urlTemplate\":\"https:\/\/www.motelsilver.it\/es\/?s={search_term_string}\"},\"query-input\":{\"@type\":\"PropertyValueSpecification\",\"valueRequired\":true,\"valueName\":\"search_term_string\"}}],\"inLanguage\":\"es\"}]}<\/script>\n<!-- \/ Yoast SEO plugin. -->","yoast_head_json":{"title":"Paquete luna de miel - Silver Motel","robots":{"index":"index","follow":"follow","max-snippet":"max-snippet:-1","max-image-preview":"max-image-preview:large","max-video-preview":"max-video-preview:-1"},"canonical":"https:\/\/www.motelsilver.it\/es\/promociones\/paquete-luna-de-miel\/","og_locale":"es_ES","og_type":"article","og_title":"Paquete luna de miel - Silver Motel","og_description":"Estancia de una noche en la \u00abSuite Presidencial\u00bb. Sala decorada de forma rom\u00e1ntica con p\u00e9talos. Botella de prosecco italiano en la habitaci\u00f3n a la llegada. Set de cortes\u00eda VIP. Cena para dos, 2 platos m\u00e0s postre, con velas en el restaurante \u00abSilver Bistrot Restaurant\u00bb (bebidas no incluidas). Desayuno para dos en la habitaci\u00f3n. Disponible de [&hellip;]","og_url":"https:\/\/www.motelsilver.it\/es\/promociones\/paquete-luna-de-miel\/","og_site_name":"Silver Motel","article_modified_time":"2021-12-02T09:29:39+00:00","twitter_card":"summary_large_image","schema":{"@context":"https:\/\/schema.org","@graph":[{"@type":"WebPage","@id":"https:\/\/www.motelsilver.it\/es\/promociones\/paquete-luna-de-miel\/","url":"https:\/\/www.motelsilver.it\/es\/promociones\/paquete-luna-de-miel\/","name":"Paquete luna de miel - Silver Motel","isPartOf":{"@id":"https:\/\/www.motelsilver.it\/es\/#website"},"datePublished":"2019-06-03T07:53:19+00:00","dateModified":"2021-12-02T09:29:39+00:00","breadcrumb":{"@id":"https:\/\/www.motelsilver.it\/es\/promociones\/paquete-luna-de-miel\/#breadcrumb"},"inLanguage":"es","potentialAction":[{"@type":"ReadAction","target":["https:\/\/www.motelsilver.it\/es\/promociones\/paquete-luna-de-miel\/"]}]},{"@type":"BreadcrumbList","@id":"https:\/\/www.motelsilver.it\/es\/promociones\/paquete-luna-de-miel\/#breadcrumb","itemListElement":[{"@type":"ListItem","position":1,"name":"Home","item":"https:\/\/www.motelsilver.it\/es\/"},{"@type":"ListItem","position":2,"name":"Promociones","item":"https:\/\/www.motelsilver.it\/es\/promociones\/"},{"@type":"ListItem","position":3,"name":"Paquete luna de miel"}]},{"@type":"WebSite","@id":"https:\/\/www.motelsilver.it\/es\/#website","url":"https:\/\/www.motelsilver.it\/es\/","name":"Silver Motel","description":"Ecco un altro sito ms.decms.eu","potentialAction":[{"@type":"SearchAction","target":{"@type":"EntryPoint","urlTemplate":"https:\/\/www.motelsilver.it\/es\/?s={search_term_string}"},"query-input":{"@type":"PropertyValueSpecification","valueRequired":true,"valueName":"search_term_string"}}],"inLanguage":"es"}]}},"acf":[],"_links":{"self":[{"href":"https:\/\/www.motelsilver.it\/es\/wp-json\/wp\/v2\/pages\/309","targetHints":{"allow":["GET"]}}],"collection":[{"href":"https:\/\/www.motelsilver.it\/es\/wp-json\/wp\/v2\/pages"}],"about":[{"href":"https:\/\/www.motelsilver.it\/es\/wp-json\/wp\/v2\/types\/page"}],"author":[{"embeddable":true,"href":"https:\/\/www.motelsilver.it\/es\/wp-json\/wp\/v2\/users\/13"}],"replies":[{"embeddable":true,"href":"https:\/\/www.motelsilver.it\/es\/wp-json\/wp\/v2\/comments?post=309"}],"version-history":[{"count":0,"href":"https:\/\/www.motelsilver.it\/es\/wp-json\/wp\/v2\/pages\/309\/revisions"}],"up":[{"embeddable":true,"href":"https:\/\/www.motelsilver.it\/es\/wp-json\/wp\/v2\/pages\/285"}],"wp:attachment":[{"href":"https:\/\/www.motelsilver.it\/es\/wp-json\/wp\/v2\/media?parent=309"}],"curies":[{"name":"wp","href":"https:\/\/api.w.org\/{rel}","templated":true}]}}