{"id":307,"date":"2019-06-03T09:52:37","date_gmt":"2019-06-03T07:52:37","guid":{"rendered":"http:\/\/silvermotel.ms.decms.eu\/?page_id=307"},"modified":"2023-02-23T09:09:30","modified_gmt":"2023-02-23T08:09:30","slug":"fin-de-semana-menores-de-30","status":"publish","type":"page","link":"https:\/\/www.motelsilver.it\/es\/promociones\/fin-de-semana-menores-de-30\/","title":{"rendered":"Fin de semana (menores de 30)"},"content":{"rendered":"<p>habitaci\u00f3n con ducha \u20ac 119 en vez de \u20ac 130 por noche. Con ba\u00f1era de hidromasaje el coste ser\u00eda de \u20ac 129 en lugar de \u20ac 150 por noche<\/p>\n<p>Promoci\u00f3n v\u00e1lida para clientes de entre 18 a 29 a\u00f1os.<\/p>\n<p>Se excluyen la suite y junior suite.<\/p>\n<p>Esta promoci\u00f3n no es v\u00e1lida en a\u00f1o nuevo ni en San Valent\u00edn<\/p>\n<p>&nbsp;<\/p>\n<p style=\"text-align: center\"><a class=\"promobutton\" href=\"https:\/\/www.motelsilver.it\/es\/contactos\/\" target=\"_blank\" rel=\"noopener\">Solicitar reserva<\/a><\/p>\n","protected":false},"excerpt":{"rendered":"<p>habitaci\u00f3n con ducha \u20ac 119 en vez de \u20ac 130 por noche. Con ba\u00f1era de hidromasaje el coste ser\u00eda de \u20ac 129 en lugar de \u20ac 150 por noche Promoci\u00f3n v\u00e1lida para clientes de entre 18 a 29 a\u00f1os. Se excluyen la suite y junior suite. Esta promoci\u00f3n no es v\u00e1lida en a\u00f1o nuevo ni [&hellip;]<\/p>\n","protected":false},"author":13,"featured_media":0,"parent":285,"menu_order":3,"comment_status":"closed","ping_status":"closed","template":"","meta":{"footnotes":""},"class_list":["post-307","page","type-page","status-publish","hentry"],"yoast_head":"<!-- This site is optimized with the Yoast SEO plugin v26.9 - https:\/\/yoast.com\/product\/yoast-seo-wordpress\/ -->\n<title>Fin de semana (menores de 30) - Silver Motel<\/title>\n<meta name=\"robots\" content=\"index, follow, max-snippet:-1, max-image-preview:large, max-video-preview:-1\" \/>\n<link rel=\"canonical\" href=\"https:\/\/www.motelsilver.it\/es\/promociones\/fin-de-semana-menores-de-30\/\" \/>\n<meta property=\"og:locale\" content=\"es_ES\" \/>\n<meta property=\"og:type\" content=\"article\" \/>\n<meta property=\"og:title\" content=\"Fin de semana (menores de 30) - Silver Motel\" \/>\n<meta property=\"og:description\" content=\"habitaci\u00f3n con ducha \u20ac 119 en vez de \u20ac 130 por noche. Con ba\u00f1era de hidromasaje el coste ser\u00eda de \u20ac 129 en lugar de \u20ac 150 por noche Promoci\u00f3n v\u00e1lida para clientes de entre 18 a 29 a\u00f1os. Se excluyen la suite y junior suite. Esta promoci\u00f3n no es v\u00e1lida en a\u00f1o nuevo ni [&hellip;]\" \/>\n<meta property=\"og:url\" content=\"https:\/\/www.motelsilver.it\/es\/promociones\/fin-de-semana-menores-de-30\/\" \/>\n<meta property=\"og:site_name\" content=\"Silver Motel\" \/>\n<meta property=\"article:modified_time\" content=\"2023-02-23T08:09:30+00:00\" \/>\n<meta name=\"twitter:card\" content=\"summary_large_image\" \/>\n<meta name=\"twitter:label1\" content=\"Tiempo de lectura\" \/>\n\t<meta name=\"twitter:data1\" content=\"1 minuto\" \/>\n<script type=\"application\/ld+json\" class=\"yoast-schema-graph\">{\"@context\":\"https:\/\/schema.org\",\"@graph\":[{\"@type\":\"WebPage\",\"@id\":\"https:\/\/www.motelsilver.it\/es\/promociones\/fin-de-semana-menores-de-30\/\",\"url\":\"https:\/\/www.motelsilver.it\/es\/promociones\/fin-de-semana-menores-de-30\/\",\"name\":\"Fin de semana (menores de 30) - Silver Motel\",\"isPartOf\":{\"@id\":\"https:\/\/www.motelsilver.it\/es\/#website\"},\"datePublished\":\"2019-06-03T07:52:37+00:00\",\"dateModified\":\"2023-02-23T08:09:30+00:00\",\"breadcrumb\":{\"@id\":\"https:\/\/www.motelsilver.it\/es\/promociones\/fin-de-semana-menores-de-30\/#breadcrumb\"},\"inLanguage\":\"es\",\"potentialAction\":[{\"@type\":\"ReadAction\",\"target\":[\"https:\/\/www.motelsilver.it\/es\/promociones\/fin-de-semana-menores-de-30\/\"]}]},{\"@type\":\"BreadcrumbList\",\"@id\":\"https:\/\/www.motelsilver.it\/es\/promociones\/fin-de-semana-menores-de-30\/#breadcrumb\",\"itemListElement\":[{\"@type\":\"ListItem\",\"position\":1,\"name\":\"Home\",\"item\":\"https:\/\/www.motelsilver.it\/es\/\"},{\"@type\":\"ListItem\",\"position\":2,\"name\":\"Promociones\",\"item\":\"https:\/\/www.motelsilver.it\/es\/promociones\/\"},{\"@type\":\"ListItem\",\"position\":3,\"name\":\"Fin de semana (menores de 30)\"}]},{\"@type\":\"WebSite\",\"@id\":\"https:\/\/www.motelsilver.it\/es\/#website\",\"url\":\"https:\/\/www.motelsilver.it\/es\/\",\"name\":\"Silver Motel\",\"description\":\"Ecco un altro sito ms.decms.eu\",\"potentialAction\":[{\"@type\":\"SearchAction\",\"target\":{\"@type\":\"EntryPoint\",\"urlTemplate\":\"https:\/\/www.motelsilver.it\/es\/?s={search_term_string}\"},\"query-input\":{\"@type\":\"PropertyValueSpecification\",\"valueRequired\":true,\"valueName\":\"search_term_string\"}}],\"inLanguage\":\"es\"}]}<\/script>\n<!-- \/ Yoast SEO plugin. -->","yoast_head_json":{"title":"Fin de semana (menores de 30) - Silver Motel","robots":{"index":"index","follow":"follow","max-snippet":"max-snippet:-1","max-image-preview":"max-image-preview:large","max-video-preview":"max-video-preview:-1"},"canonical":"https:\/\/www.motelsilver.it\/es\/promociones\/fin-de-semana-menores-de-30\/","og_locale":"es_ES","og_type":"article","og_title":"Fin de semana (menores de 30) - Silver Motel","og_description":"habitaci\u00f3n con ducha \u20ac 119 en vez de \u20ac 130 por noche. Con ba\u00f1era de hidromasaje el coste ser\u00eda de \u20ac 129 en lugar de \u20ac 150 por noche Promoci\u00f3n v\u00e1lida para clientes de entre 18 a 29 a\u00f1os. Se excluyen la suite y junior suite. Esta promoci\u00f3n no es v\u00e1lida en a\u00f1o nuevo ni [&hellip;]","og_url":"https:\/\/www.motelsilver.it\/es\/promociones\/fin-de-semana-menores-de-30\/","og_site_name":"Silver Motel","article_modified_time":"2023-02-23T08:09:30+00:00","twitter_card":"summary_large_image","twitter_misc":{"Tiempo de lectura":"1 minuto"},"schema":{"@context":"https:\/\/schema.org","@graph":[{"@type":"WebPage","@id":"https:\/\/www.motelsilver.it\/es\/promociones\/fin-de-semana-menores-de-30\/","url":"https:\/\/www.motelsilver.it\/es\/promociones\/fin-de-semana-menores-de-30\/","name":"Fin de semana (menores de 30) - Silver Motel","isPartOf":{"@id":"https:\/\/www.motelsilver.it\/es\/#website"},"datePublished":"2019-06-03T07:52:37+00:00","dateModified":"2023-02-23T08:09:30+00:00","breadcrumb":{"@id":"https:\/\/www.motelsilver.it\/es\/promociones\/fin-de-semana-menores-de-30\/#breadcrumb"},"inLanguage":"es","potentialAction":[{"@type":"ReadAction","target":["https:\/\/www.motelsilver.it\/es\/promociones\/fin-de-semana-menores-de-30\/"]}]},{"@type":"BreadcrumbList","@id":"https:\/\/www.motelsilver.it\/es\/promociones\/fin-de-semana-menores-de-30\/#breadcrumb","itemListElement":[{"@type":"ListItem","position":1,"name":"Home","item":"https:\/\/www.motelsilver.it\/es\/"},{"@type":"ListItem","position":2,"name":"Promociones","item":"https:\/\/www.motelsilver.it\/es\/promociones\/"},{"@type":"ListItem","position":3,"name":"Fin de semana (menores de 30)"}]},{"@type":"WebSite","@id":"https:\/\/www.motelsilver.it\/es\/#website","url":"https:\/\/www.motelsilver.it\/es\/","name":"Silver Motel","description":"Ecco un altro sito ms.decms.eu","potentialAction":[{"@type":"SearchAction","target":{"@type":"EntryPoint","urlTemplate":"https:\/\/www.motelsilver.it\/es\/?s={search_term_string}"},"query-input":{"@type":"PropertyValueSpecification","valueRequired":true,"valueName":"search_term_string"}}],"inLanguage":"es"}]}},"acf":[],"_links":{"self":[{"href":"https:\/\/www.motelsilver.it\/es\/wp-json\/wp\/v2\/pages\/307","targetHints":{"allow":["GET"]}}],"collection":[{"href":"https:\/\/www.motelsilver.it\/es\/wp-json\/wp\/v2\/pages"}],"about":[{"href":"https:\/\/www.motelsilver.it\/es\/wp-json\/wp\/v2\/types\/page"}],"author":[{"embeddable":true,"href":"https:\/\/www.motelsilver.it\/es\/wp-json\/wp\/v2\/users\/13"}],"replies":[{"embeddable":true,"href":"https:\/\/www.motelsilver.it\/es\/wp-json\/wp\/v2\/comments?post=307"}],"version-history":[{"count":0,"href":"https:\/\/www.motelsilver.it\/es\/wp-json\/wp\/v2\/pages\/307\/revisions"}],"up":[{"embeddable":true,"href":"https:\/\/www.motelsilver.it\/es\/wp-json\/wp\/v2\/pages\/285"}],"wp:attachment":[{"href":"https:\/\/www.motelsilver.it\/es\/wp-json\/wp\/v2\/media?parent=307"}],"curies":[{"name":"wp","href":"https:\/\/api.w.org\/{rel}","templated":true}]}}