{"id":125,"date":"2019-05-08T17:27:01","date_gmt":"2019-05-08T15:27:01","guid":{"rendered":"http:\/\/silvermotel.ms.decms.eu\/?page_id=125"},"modified":"2019-05-16T12:50:05","modified_gmt":"2019-05-16T10:50:05","slug":"motel-silver","status":"publish","type":"page","link":"https:\/\/www.motelsilver.it\/es\/","title":{"rendered":"Bienvenido a Motel Silver"},"content":{"rendered":"<p>Motel Silver es el primer y \u00fanico motel en Mil\u00e1n, un lugar especial para pasar <strong>momentos inolvidables<\/strong> donde la discreci\u00f3n, la elegancia y la sofisticaci\u00f3n son los ingredientes principales que lo distinguen. A tan solo 20 minutos en coche del centro de Mil\u00e1n, Motel Silver ofrece modernas habitaciones todas ellas con un estilo basado en diferentes tem\u00e1ticas.<\/p>\n<p>Para empezar el d\u00eda con energ\u00eda, todas las ma\u00f1anas puedes disfrutar de un delicioso y variado desayuno buf\u00e9 con sugerencias para todos los gustos. Adem\u00e1s, en el restaurante se sirven platos italianos t\u00edpicos y comida internacional.<\/p>\n<p>Para tu comodidad, a la entrada de la recepci\u00f3n se facilita entrada y salida discreta y r\u00e1pida, \u00a1sin esperas innecesarias! Al\u00f3jate en Motel Silver y visita Mil\u00e1n al <strong>mejor precio.<\/strong><\/p>\n","protected":false},"excerpt":{"rendered":"<p>Motel Silver es el primer y \u00fanico motel en Mil\u00e1n, un lugar especial para pasar momentos inolvidables donde la discreci\u00f3n, la elegancia y la sofisticaci\u00f3n son los ingredientes principales que lo distinguen. A tan solo 20 minutos en coche del centro de Mil\u00e1n, Motel Silver ofrece modernas habitaciones todas ellas con un estilo basado en [&hellip;]<\/p>\n","protected":false},"author":3,"featured_media":0,"parent":0,"menu_order":1,"comment_status":"closed","ping_status":"closed","template":"","meta":{"footnotes":""},"class_list":["post-125","page","type-page","status-publish","hentry"],"yoast_head":"<!-- This site is optimized with the Yoast SEO plugin v26.9 - https:\/\/yoast.com\/product\/yoast-seo-wordpress\/ -->\n<title>Bienvenido a Motel Silver - Silver Motel<\/title>\n<meta name=\"robots\" content=\"index, follow, max-snippet:-1, max-image-preview:large, max-video-preview:-1\" \/>\n<link rel=\"canonical\" href=\"https:\/\/www.motelsilver.it\/es\/\" \/>\n<meta property=\"og:locale\" content=\"es_ES\" \/>\n<meta property=\"og:type\" content=\"article\" \/>\n<meta property=\"og:title\" content=\"Bienvenido a Motel Silver - Silver Motel\" \/>\n<meta property=\"og:description\" content=\"Motel Silver es el primer y \u00fanico motel en Mil\u00e1n, un lugar especial para pasar momentos inolvidables donde la discreci\u00f3n, la elegancia y la sofisticaci\u00f3n son los ingredientes principales que lo distinguen. A tan solo 20 minutos en coche del centro de Mil\u00e1n, Motel Silver ofrece modernas habitaciones todas ellas con un estilo basado en [&hellip;]\" \/>\n<meta property=\"og:url\" content=\"https:\/\/www.motelsilver.it\/es\/\" \/>\n<meta property=\"og:site_name\" content=\"Silver Motel\" \/>\n<meta property=\"article:modified_time\" content=\"2019-05-16T10:50:05+00:00\" \/>\n<meta name=\"twitter:card\" content=\"summary_large_image\" \/>\n<meta name=\"twitter:label1\" content=\"Tiempo de lectura\" \/>\n\t<meta name=\"twitter:data1\" content=\"1 minuto\" \/>\n<script type=\"application\/ld+json\" class=\"yoast-schema-graph\">{\"@context\":\"https:\/\/schema.org\",\"@graph\":[{\"@type\":\"WebPage\",\"@id\":\"https:\/\/www.motelsilver.it\/es\/\",\"url\":\"https:\/\/www.motelsilver.it\/es\/\",\"name\":\"Bienvenido a Motel Silver - Silver Motel\",\"isPartOf\":{\"@id\":\"https:\/\/www.motelsilver.it\/es\/#website\"},\"datePublished\":\"2019-05-08T15:27:01+00:00\",\"dateModified\":\"2019-05-16T10:50:05+00:00\",\"breadcrumb\":{\"@id\":\"https:\/\/www.motelsilver.it\/es\/#breadcrumb\"},\"inLanguage\":\"es\",\"potentialAction\":[{\"@type\":\"ReadAction\",\"target\":[\"https:\/\/www.motelsilver.it\/es\/\"]}]},{\"@type\":\"BreadcrumbList\",\"@id\":\"https:\/\/www.motelsilver.it\/es\/#breadcrumb\",\"itemListElement\":[{\"@type\":\"ListItem\",\"position\":1,\"name\":\"Home\",\"item\":\"https:\/\/www.motelsilver.it\/es\/\"},{\"@type\":\"ListItem\",\"position\":2,\"name\":\"Bienvenido a Motel Silver\"}]},{\"@type\":\"WebSite\",\"@id\":\"https:\/\/www.motelsilver.it\/es\/#website\",\"url\":\"https:\/\/www.motelsilver.it\/es\/\",\"name\":\"Silver Motel\",\"description\":\"Ecco un altro sito ms.decms.eu\",\"potentialAction\":[{\"@type\":\"SearchAction\",\"target\":{\"@type\":\"EntryPoint\",\"urlTemplate\":\"https:\/\/www.motelsilver.it\/es\/?s={search_term_string}\"},\"query-input\":{\"@type\":\"PropertyValueSpecification\",\"valueRequired\":true,\"valueName\":\"search_term_string\"}}],\"inLanguage\":\"es\"}]}<\/script>\n<!-- \/ Yoast SEO plugin. -->","yoast_head_json":{"title":"Bienvenido a Motel Silver - Silver Motel","robots":{"index":"index","follow":"follow","max-snippet":"max-snippet:-1","max-image-preview":"max-image-preview:large","max-video-preview":"max-video-preview:-1"},"canonical":"https:\/\/www.motelsilver.it\/es\/","og_locale":"es_ES","og_type":"article","og_title":"Bienvenido a Motel Silver - Silver Motel","og_description":"Motel Silver es el primer y \u00fanico motel en Mil\u00e1n, un lugar especial para pasar momentos inolvidables donde la discreci\u00f3n, la elegancia y la sofisticaci\u00f3n son los ingredientes principales que lo distinguen. A tan solo 20 minutos en coche del centro de Mil\u00e1n, Motel Silver ofrece modernas habitaciones todas ellas con un estilo basado en [&hellip;]","og_url":"https:\/\/www.motelsilver.it\/es\/","og_site_name":"Silver Motel","article_modified_time":"2019-05-16T10:50:05+00:00","twitter_card":"summary_large_image","twitter_misc":{"Tiempo de lectura":"1 minuto"},"schema":{"@context":"https:\/\/schema.org","@graph":[{"@type":"WebPage","@id":"https:\/\/www.motelsilver.it\/es\/","url":"https:\/\/www.motelsilver.it\/es\/","name":"Bienvenido a Motel Silver - Silver Motel","isPartOf":{"@id":"https:\/\/www.motelsilver.it\/es\/#website"},"datePublished":"2019-05-08T15:27:01+00:00","dateModified":"2019-05-16T10:50:05+00:00","breadcrumb":{"@id":"https:\/\/www.motelsilver.it\/es\/#breadcrumb"},"inLanguage":"es","potentialAction":[{"@type":"ReadAction","target":["https:\/\/www.motelsilver.it\/es\/"]}]},{"@type":"BreadcrumbList","@id":"https:\/\/www.motelsilver.it\/es\/#breadcrumb","itemListElement":[{"@type":"ListItem","position":1,"name":"Home","item":"https:\/\/www.motelsilver.it\/es\/"},{"@type":"ListItem","position":2,"name":"Bienvenido a Motel Silver"}]},{"@type":"WebSite","@id":"https:\/\/www.motelsilver.it\/es\/#website","url":"https:\/\/www.motelsilver.it\/es\/","name":"Silver Motel","description":"Ecco un altro sito ms.decms.eu","potentialAction":[{"@type":"SearchAction","target":{"@type":"EntryPoint","urlTemplate":"https:\/\/www.motelsilver.it\/es\/?s={search_term_string}"},"query-input":{"@type":"PropertyValueSpecification","valueRequired":true,"valueName":"search_term_string"}}],"inLanguage":"es"}]}},"acf":[],"_links":{"self":[{"href":"https:\/\/www.motelsilver.it\/es\/wp-json\/wp\/v2\/pages\/125","targetHints":{"allow":["GET"]}}],"collection":[{"href":"https:\/\/www.motelsilver.it\/es\/wp-json\/wp\/v2\/pages"}],"about":[{"href":"https:\/\/www.motelsilver.it\/es\/wp-json\/wp\/v2\/types\/page"}],"author":[{"embeddable":true,"href":"https:\/\/www.motelsilver.it\/es\/wp-json\/wp\/v2\/users\/3"}],"replies":[{"embeddable":true,"href":"https:\/\/www.motelsilver.it\/es\/wp-json\/wp\/v2\/comments?post=125"}],"version-history":[{"count":0,"href":"https:\/\/www.motelsilver.it\/es\/wp-json\/wp\/v2\/pages\/125\/revisions"}],"wp:attachment":[{"href":"https:\/\/www.motelsilver.it\/es\/wp-json\/wp\/v2\/media?parent=125"}],"curies":[{"name":"wp","href":"https:\/\/api.w.org\/{rel}","templated":true}]}}