{"id":109,"date":"2019-05-08T17:01:48","date_gmt":"2019-05-08T15:01:48","guid":{"rendered":"http:\/\/silvermotel.ms.decms.eu\/?page_id=109"},"modified":"2021-04-07T17:23:15","modified_gmt":"2021-04-07T15:23:15","slug":"politica-de-cookies","status":"publish","type":"page","link":"https:\/\/www.motelsilver.it\/es\/politica-de-cookies\/","title":{"rendered":"Pol\u00edtica de cookies"},"content":{"rendered":"<p style=\"text-align: center;\"><strong>POL\u00cdTICA DE COOKIES<\/strong><\/p>\n<p>Una cookie es un peque\u00f1o fichero de texto que almacena informaci\u00f3n \u00fatil en el disco duro de su ordenador. Cada vez que visite este sitio Web, nuestro servidor reconocer\u00e1 la cookie y nos proporcionar\u00e1 informaci\u00f3n sobre su \u00faltima visita.<\/p>\n<p>En este sitio web se utilizan las siguientes cookies que se detallan a continuaci\u00f3n:<\/p>\n<p style=\"text-align: center;\"><strong>COOKIES PROPIAS<\/strong><\/p>\n<p>Cookies estrictamente necesarias para la prestaci\u00f3n de determinados servicios solicitados expresamente por el usuario: si se desactivan estas cookies, no podr\u00e1 recibir correctamente nuestros contenidos y servicios.<\/p>\n<p style=\"text-align: center;\"><strong>COOKIES DE TERCEROS<\/strong><\/p>\n<p>Son las cookies que instala un sitio web que no es el que est\u00e1 visitando en ese momento por acci\u00f3n de un tercero, por ejemplo, el anunciante de un banner que esta en una web que est\u00e1 visitando, o un bot\u00f3n de \u201cMe gusta\u201d de una red social en una web de las que est\u00e1s visitando y que esa red social podr\u00e1 rastrear.<\/p>\n<p>\u2022 Cookies anal\u00edticas: son las cookies que recopilan datos estad\u00edsticos de la actividad en el sitio web (Google Analytics).<\/p>\n<p>\u2022 Cookies sociales: son necesarias para las redes sociales externas (Facebook, Google+ y Twitter). Su funci\u00f3n es controlar la interacci\u00f3n con los widgets sociales dentro de la p\u00e1gina. Este tipo de cookies se utilizan en los dominios \u201cfacebook.com\u201d, \u201cgoogle.com\u201d y \u201ctwitter.com\u201d.<\/p>\n<p>\u2022 Cookies de afiliados: son las cookies que hacen un seguimiento de las visitas procedentes de otras Webs con las que tenemos un contrato de afiliaci\u00f3n (Trivago).<\/p>\n<p style=\"text-align: center;\"><strong>DESACTIVAR LAS COOKIES<\/strong><\/p>\n<p>El usuario puede elegir y desactivar las cookies que no desee que funcionen en este sitio web. A continuaci\u00f3n encontrar\u00e1 informaci\u00f3n sobre como configurarlas en su respectivo navegador.<\/p>\n<div id=\"macaron_inline_cookie_box\"><\/div>\n<p>Google Chrome &#8211; https:\/\/support.google.com\/chrome\/answer\/95647?hl=es Internet Explorer &#8211; http:\/\/windows.microsoft.com\/es-es\/windows7\/how-to-manage-cookies-in-internet-explorer-9 Firefox &#8211; http:\/\/support.mozilla.org\/es\/kb\/habilitar-y-deshabilitar-cookies-que-los-sitios-web Safari &#8211; http:\/\/support.apple.com\/kb\/ph5042<\/p>\n","protected":false},"excerpt":{"rendered":"<p>POL\u00cdTICA DE COOKIES Una cookie es un peque\u00f1o fichero de texto que almacena informaci\u00f3n \u00fatil en el disco duro de su ordenador. Cada vez que visite este sitio Web, nuestro servidor reconocer\u00e1 la cookie y nos proporcionar\u00e1 informaci\u00f3n sobre su \u00faltima visita. En este sitio web se utilizan las siguientes cookies que se detallan a [&hellip;]<\/p>\n","protected":false},"author":3,"featured_media":0,"parent":0,"menu_order":12,"comment_status":"closed","ping_status":"closed","template":"","meta":{"footnotes":""},"class_list":["post-109","page","type-page","status-publish","hentry"],"yoast_head":"<!-- This site is optimized with the Yoast SEO plugin v26.9 - https:\/\/yoast.com\/product\/yoast-seo-wordpress\/ -->\n<title>Pol\u00edtica de cookies - Silver Motel<\/title>\n<meta name=\"robots\" content=\"index, follow, max-snippet:-1, max-image-preview:large, max-video-preview:-1\" \/>\n<link rel=\"canonical\" href=\"https:\/\/www.motelsilver.it\/es\/politica-de-cookies\/\" \/>\n<meta property=\"og:locale\" content=\"es_ES\" \/>\n<meta property=\"og:type\" content=\"article\" \/>\n<meta property=\"og:title\" content=\"Pol\u00edtica de cookies - Silver Motel\" \/>\n<meta property=\"og:description\" content=\"POL\u00cdTICA DE COOKIES Una cookie es un peque\u00f1o fichero de texto que almacena informaci\u00f3n \u00fatil en el disco duro de su ordenador. Cada vez que visite este sitio Web, nuestro servidor reconocer\u00e1 la cookie y nos proporcionar\u00e1 informaci\u00f3n sobre su \u00faltima visita. En este sitio web se utilizan las siguientes cookies que se detallan a [&hellip;]\" \/>\n<meta property=\"og:url\" content=\"https:\/\/www.motelsilver.it\/es\/politica-de-cookies\/\" \/>\n<meta property=\"og:site_name\" content=\"Silver Motel\" \/>\n<meta property=\"article:modified_time\" content=\"2021-04-07T15:23:15+00:00\" \/>\n<meta name=\"twitter:card\" content=\"summary_large_image\" \/>\n<meta name=\"twitter:label1\" content=\"Tiempo de lectura\" \/>\n\t<meta name=\"twitter:data1\" content=\"2 minutos\" \/>\n<script type=\"application\/ld+json\" class=\"yoast-schema-graph\">{\"@context\":\"https:\/\/schema.org\",\"@graph\":[{\"@type\":\"WebPage\",\"@id\":\"https:\/\/www.motelsilver.it\/es\/politica-de-cookies\/\",\"url\":\"https:\/\/www.motelsilver.it\/es\/politica-de-cookies\/\",\"name\":\"Pol\u00edtica de cookies - Silver Motel\",\"isPartOf\":{\"@id\":\"https:\/\/www.motelsilver.it\/es\/#website\"},\"datePublished\":\"2019-05-08T15:01:48+00:00\",\"dateModified\":\"2021-04-07T15:23:15+00:00\",\"breadcrumb\":{\"@id\":\"https:\/\/www.motelsilver.it\/es\/politica-de-cookies\/#breadcrumb\"},\"inLanguage\":\"es\",\"potentialAction\":[{\"@type\":\"ReadAction\",\"target\":[\"https:\/\/www.motelsilver.it\/es\/politica-de-cookies\/\"]}]},{\"@type\":\"BreadcrumbList\",\"@id\":\"https:\/\/www.motelsilver.it\/es\/politica-de-cookies\/#breadcrumb\",\"itemListElement\":[{\"@type\":\"ListItem\",\"position\":1,\"name\":\"Home\",\"item\":\"https:\/\/www.motelsilver.it\/es\/\"},{\"@type\":\"ListItem\",\"position\":2,\"name\":\"Pol\u00edtica de cookies\"}]},{\"@type\":\"WebSite\",\"@id\":\"https:\/\/www.motelsilver.it\/es\/#website\",\"url\":\"https:\/\/www.motelsilver.it\/es\/\",\"name\":\"Silver Motel\",\"description\":\"Ecco un altro sito ms.decms.eu\",\"potentialAction\":[{\"@type\":\"SearchAction\",\"target\":{\"@type\":\"EntryPoint\",\"urlTemplate\":\"https:\/\/www.motelsilver.it\/es\/?s={search_term_string}\"},\"query-input\":{\"@type\":\"PropertyValueSpecification\",\"valueRequired\":true,\"valueName\":\"search_term_string\"}}],\"inLanguage\":\"es\"}]}<\/script>\n<!-- \/ Yoast SEO plugin. -->","yoast_head_json":{"title":"Pol\u00edtica de cookies - Silver Motel","robots":{"index":"index","follow":"follow","max-snippet":"max-snippet:-1","max-image-preview":"max-image-preview:large","max-video-preview":"max-video-preview:-1"},"canonical":"https:\/\/www.motelsilver.it\/es\/politica-de-cookies\/","og_locale":"es_ES","og_type":"article","og_title":"Pol\u00edtica de cookies - Silver Motel","og_description":"POL\u00cdTICA DE COOKIES Una cookie es un peque\u00f1o fichero de texto que almacena informaci\u00f3n \u00fatil en el disco duro de su ordenador. Cada vez que visite este sitio Web, nuestro servidor reconocer\u00e1 la cookie y nos proporcionar\u00e1 informaci\u00f3n sobre su \u00faltima visita. En este sitio web se utilizan las siguientes cookies que se detallan a [&hellip;]","og_url":"https:\/\/www.motelsilver.it\/es\/politica-de-cookies\/","og_site_name":"Silver Motel","article_modified_time":"2021-04-07T15:23:15+00:00","twitter_card":"summary_large_image","twitter_misc":{"Tiempo de lectura":"2 minutos"},"schema":{"@context":"https:\/\/schema.org","@graph":[{"@type":"WebPage","@id":"https:\/\/www.motelsilver.it\/es\/politica-de-cookies\/","url":"https:\/\/www.motelsilver.it\/es\/politica-de-cookies\/","name":"Pol\u00edtica de cookies - Silver Motel","isPartOf":{"@id":"https:\/\/www.motelsilver.it\/es\/#website"},"datePublished":"2019-05-08T15:01:48+00:00","dateModified":"2021-04-07T15:23:15+00:00","breadcrumb":{"@id":"https:\/\/www.motelsilver.it\/es\/politica-de-cookies\/#breadcrumb"},"inLanguage":"es","potentialAction":[{"@type":"ReadAction","target":["https:\/\/www.motelsilver.it\/es\/politica-de-cookies\/"]}]},{"@type":"BreadcrumbList","@id":"https:\/\/www.motelsilver.it\/es\/politica-de-cookies\/#breadcrumb","itemListElement":[{"@type":"ListItem","position":1,"name":"Home","item":"https:\/\/www.motelsilver.it\/es\/"},{"@type":"ListItem","position":2,"name":"Pol\u00edtica de cookies"}]},{"@type":"WebSite","@id":"https:\/\/www.motelsilver.it\/es\/#website","url":"https:\/\/www.motelsilver.it\/es\/","name":"Silver Motel","description":"Ecco un altro sito ms.decms.eu","potentialAction":[{"@type":"SearchAction","target":{"@type":"EntryPoint","urlTemplate":"https:\/\/www.motelsilver.it\/es\/?s={search_term_string}"},"query-input":{"@type":"PropertyValueSpecification","valueRequired":true,"valueName":"search_term_string"}}],"inLanguage":"es"}]}},"acf":[],"_links":{"self":[{"href":"https:\/\/www.motelsilver.it\/es\/wp-json\/wp\/v2\/pages\/109","targetHints":{"allow":["GET"]}}],"collection":[{"href":"https:\/\/www.motelsilver.it\/es\/wp-json\/wp\/v2\/pages"}],"about":[{"href":"https:\/\/www.motelsilver.it\/es\/wp-json\/wp\/v2\/types\/page"}],"author":[{"embeddable":true,"href":"https:\/\/www.motelsilver.it\/es\/wp-json\/wp\/v2\/users\/3"}],"replies":[{"embeddable":true,"href":"https:\/\/www.motelsilver.it\/es\/wp-json\/wp\/v2\/comments?post=109"}],"version-history":[{"count":0,"href":"https:\/\/www.motelsilver.it\/es\/wp-json\/wp\/v2\/pages\/109\/revisions"}],"wp:attachment":[{"href":"https:\/\/www.motelsilver.it\/es\/wp-json\/wp\/v2\/media?parent=109"}],"curies":[{"name":"wp","href":"https:\/\/api.w.org\/{rel}","templated":true}]}}