{"id":104,"date":"2019-05-08T17:00:03","date_gmt":"2019-05-08T15:00:03","guid":{"rendered":"http:\/\/silvermotel.ms.decms.eu\/?page_id=104"},"modified":"2022-03-31T12:46:46","modified_gmt":"2022-03-31T10:46:46","slug":"recepcion-segura-y-covid19","status":"publish","type":"page","link":"https:\/\/www.motelsilver.it\/es\/recepcion-segura-y-covid19\/","title":{"rendered":"Recepci\u00f3n Segura y Covid19"},"content":{"rendered":"<p><strong>Bienvenida segura<\/strong>: \u00a1Motel Silver prioriza la salud de sus hu\u00e9spedes!<br \/>\nTras un breve cierre por la emergencia del Covid 19, volvemos a abrir al p\u00fablico garantizando al cliente la m\u00e1xima seguridad aplicando los siguientes procedimientos y dispositivos:<\/p>\n<p>&#8211; saneamiento diario con gas ozono de habitaciones, zonas comunes, bar, restaurante, gimnasio y lugares de trabajo<br \/>\n&#8211; colocaci\u00f3n de desinfectantes de manos, ubicados en las \u00e1reas de contacto de los Hu\u00e9spedes<br \/>\n&#8211; instalaci\u00f3n de term\u00f3metros disponibles en la recepci\u00f3n para realizar controles de temperatura de los Hu\u00e9spedes del Motel<br \/>\n&#8211; todos nuestros empleados trabajan con los dispositivos de seguridad adecuados exigidos por la ley<\/p>\n<p><strong>Para garantizar la m\u00e1xima tranquilidad de los hu\u00e9spedes de nuestro hotel, hemos adoptado e implementado las disposiciones del protocolo nacional \u00ab<em>Bienvenida segura<\/em>\u00bb firmado por Confindustria, Federalberghi, Asshotel en colaboraci\u00f3n con la Cruz Roja Italiana.<\/strong><\/p>\n","protected":false},"excerpt":{"rendered":"<p>Bienvenida segura: \u00a1Motel Silver prioriza la salud de sus hu\u00e9spedes! Tras un breve cierre por la emergencia del Covid 19, volvemos a abrir al p\u00fablico garantizando al cliente la m\u00e1xima seguridad aplicando los siguientes procedimientos y dispositivos: &#8211; saneamiento diario con gas ozono de habitaciones, zonas comunes, bar, restaurante, gimnasio y lugares de trabajo &#8211; [&hellip;]<\/p>\n","protected":false},"author":3,"featured_media":0,"parent":0,"menu_order":6,"comment_status":"closed","ping_status":"closed","template":"","meta":{"footnotes":""},"class_list":["post-104","page","type-page","status-publish","hentry"],"yoast_head":"<!-- This site is optimized with the Yoast SEO plugin v26.9 - https:\/\/yoast.com\/product\/yoast-seo-wordpress\/ -->\n<title>Recepci\u00f3n Segura y Covid19 - Silver Motel<\/title>\n<meta name=\"robots\" content=\"index, follow, max-snippet:-1, max-image-preview:large, max-video-preview:-1\" \/>\n<link rel=\"canonical\" href=\"https:\/\/www.motelsilver.it\/es\/recepcion-segura-y-covid19\/\" \/>\n<meta property=\"og:locale\" content=\"es_ES\" \/>\n<meta property=\"og:type\" content=\"article\" \/>\n<meta property=\"og:title\" content=\"Recepci\u00f3n Segura y Covid19 - Silver Motel\" \/>\n<meta property=\"og:description\" content=\"Bienvenida segura: \u00a1Motel Silver prioriza la salud de sus hu\u00e9spedes! Tras un breve cierre por la emergencia del Covid 19, volvemos a abrir al p\u00fablico garantizando al cliente la m\u00e1xima seguridad aplicando los siguientes procedimientos y dispositivos: &#8211; saneamiento diario con gas ozono de habitaciones, zonas comunes, bar, restaurante, gimnasio y lugares de trabajo &#8211; [&hellip;]\" \/>\n<meta property=\"og:url\" content=\"https:\/\/www.motelsilver.it\/es\/recepcion-segura-y-covid19\/\" \/>\n<meta property=\"og:site_name\" content=\"Silver Motel\" \/>\n<meta property=\"article:modified_time\" content=\"2022-03-31T10:46:46+00:00\" \/>\n<meta name=\"twitter:card\" content=\"summary_large_image\" \/>\n<meta name=\"twitter:label1\" content=\"Tiempo de lectura\" \/>\n\t<meta name=\"twitter:data1\" content=\"1 minuto\" \/>\n<script type=\"application\/ld+json\" class=\"yoast-schema-graph\">{\"@context\":\"https:\/\/schema.org\",\"@graph\":[{\"@type\":\"WebPage\",\"@id\":\"https:\/\/www.motelsilver.it\/es\/recepcion-segura-y-covid19\/\",\"url\":\"https:\/\/www.motelsilver.it\/es\/recepcion-segura-y-covid19\/\",\"name\":\"Recepci\u00f3n Segura y Covid19 - Silver Motel\",\"isPartOf\":{\"@id\":\"https:\/\/www.motelsilver.it\/es\/#website\"},\"datePublished\":\"2019-05-08T15:00:03+00:00\",\"dateModified\":\"2022-03-31T10:46:46+00:00\",\"breadcrumb\":{\"@id\":\"https:\/\/www.motelsilver.it\/es\/recepcion-segura-y-covid19\/#breadcrumb\"},\"inLanguage\":\"es\",\"potentialAction\":[{\"@type\":\"ReadAction\",\"target\":[\"https:\/\/www.motelsilver.it\/es\/recepcion-segura-y-covid19\/\"]}]},{\"@type\":\"BreadcrumbList\",\"@id\":\"https:\/\/www.motelsilver.it\/es\/recepcion-segura-y-covid19\/#breadcrumb\",\"itemListElement\":[{\"@type\":\"ListItem\",\"position\":1,\"name\":\"Home\",\"item\":\"https:\/\/www.motelsilver.it\/es\/\"},{\"@type\":\"ListItem\",\"position\":2,\"name\":\"Recepci\u00f3n Segura y Covid19\"}]},{\"@type\":\"WebSite\",\"@id\":\"https:\/\/www.motelsilver.it\/es\/#website\",\"url\":\"https:\/\/www.motelsilver.it\/es\/\",\"name\":\"Silver Motel\",\"description\":\"Ecco un altro sito ms.decms.eu\",\"potentialAction\":[{\"@type\":\"SearchAction\",\"target\":{\"@type\":\"EntryPoint\",\"urlTemplate\":\"https:\/\/www.motelsilver.it\/es\/?s={search_term_string}\"},\"query-input\":{\"@type\":\"PropertyValueSpecification\",\"valueRequired\":true,\"valueName\":\"search_term_string\"}}],\"inLanguage\":\"es\"}]}<\/script>\n<!-- \/ Yoast SEO plugin. -->","yoast_head_json":{"title":"Recepci\u00f3n Segura y Covid19 - Silver Motel","robots":{"index":"index","follow":"follow","max-snippet":"max-snippet:-1","max-image-preview":"max-image-preview:large","max-video-preview":"max-video-preview:-1"},"canonical":"https:\/\/www.motelsilver.it\/es\/recepcion-segura-y-covid19\/","og_locale":"es_ES","og_type":"article","og_title":"Recepci\u00f3n Segura y Covid19 - Silver Motel","og_description":"Bienvenida segura: \u00a1Motel Silver prioriza la salud de sus hu\u00e9spedes! Tras un breve cierre por la emergencia del Covid 19, volvemos a abrir al p\u00fablico garantizando al cliente la m\u00e1xima seguridad aplicando los siguientes procedimientos y dispositivos: &#8211; saneamiento diario con gas ozono de habitaciones, zonas comunes, bar, restaurante, gimnasio y lugares de trabajo &#8211; [&hellip;]","og_url":"https:\/\/www.motelsilver.it\/es\/recepcion-segura-y-covid19\/","og_site_name":"Silver Motel","article_modified_time":"2022-03-31T10:46:46+00:00","twitter_card":"summary_large_image","twitter_misc":{"Tiempo de lectura":"1 minuto"},"schema":{"@context":"https:\/\/schema.org","@graph":[{"@type":"WebPage","@id":"https:\/\/www.motelsilver.it\/es\/recepcion-segura-y-covid19\/","url":"https:\/\/www.motelsilver.it\/es\/recepcion-segura-y-covid19\/","name":"Recepci\u00f3n Segura y Covid19 - Silver Motel","isPartOf":{"@id":"https:\/\/www.motelsilver.it\/es\/#website"},"datePublished":"2019-05-08T15:00:03+00:00","dateModified":"2022-03-31T10:46:46+00:00","breadcrumb":{"@id":"https:\/\/www.motelsilver.it\/es\/recepcion-segura-y-covid19\/#breadcrumb"},"inLanguage":"es","potentialAction":[{"@type":"ReadAction","target":["https:\/\/www.motelsilver.it\/es\/recepcion-segura-y-covid19\/"]}]},{"@type":"BreadcrumbList","@id":"https:\/\/www.motelsilver.it\/es\/recepcion-segura-y-covid19\/#breadcrumb","itemListElement":[{"@type":"ListItem","position":1,"name":"Home","item":"https:\/\/www.motelsilver.it\/es\/"},{"@type":"ListItem","position":2,"name":"Recepci\u00f3n Segura y Covid19"}]},{"@type":"WebSite","@id":"https:\/\/www.motelsilver.it\/es\/#website","url":"https:\/\/www.motelsilver.it\/es\/","name":"Silver Motel","description":"Ecco un altro sito ms.decms.eu","potentialAction":[{"@type":"SearchAction","target":{"@type":"EntryPoint","urlTemplate":"https:\/\/www.motelsilver.it\/es\/?s={search_term_string}"},"query-input":{"@type":"PropertyValueSpecification","valueRequired":true,"valueName":"search_term_string"}}],"inLanguage":"es"}]}},"acf":[],"_links":{"self":[{"href":"https:\/\/www.motelsilver.it\/es\/wp-json\/wp\/v2\/pages\/104","targetHints":{"allow":["GET"]}}],"collection":[{"href":"https:\/\/www.motelsilver.it\/es\/wp-json\/wp\/v2\/pages"}],"about":[{"href":"https:\/\/www.motelsilver.it\/es\/wp-json\/wp\/v2\/types\/page"}],"author":[{"embeddable":true,"href":"https:\/\/www.motelsilver.it\/es\/wp-json\/wp\/v2\/users\/3"}],"replies":[{"embeddable":true,"href":"https:\/\/www.motelsilver.it\/es\/wp-json\/wp\/v2\/comments?post=104"}],"version-history":[{"count":0,"href":"https:\/\/www.motelsilver.it\/es\/wp-json\/wp\/v2\/pages\/104\/revisions"}],"wp:attachment":[{"href":"https:\/\/www.motelsilver.it\/es\/wp-json\/wp\/v2\/media?parent=104"}],"curies":[{"name":"wp","href":"https:\/\/api.w.org\/{rel}","templated":true}]}}