{"id":101,"date":"2019-05-08T16:58:08","date_gmt":"2019-05-08T14:58:08","guid":{"rendered":"http:\/\/silvermotel.ms.decms.eu\/?page_id=101"},"modified":"2022-04-13T17:03:50","modified_gmt":"2022-04-13T15:03:50","slug":"restaurante","status":"publish","type":"page","link":"https:\/\/www.motelsilver.it\/es\/restaurante\/","title":{"rendered":"Restaurante"},"content":{"rendered":"<div class=\"QmZWSe\">\n<div class=\"DHcWmd\">\n<div id=\"tw-target\">\n<div id=\"kAz1tf\" class=\"g9WsWb\">\n<div id=\"tw-target-text-container\" class=\"tw-ta-container hide-focus-ring tw-nfl\">\n<p id=\"tw-target-text\" class=\"tw-data-text tw-text-large XcVN5d tw-ta\" dir=\"ltr\" data-placeholder=\"Traduzione\"><span lang=\"es\">El Motel Silver tiene un excelente servicio de restaurante, abierto de lunes a s\u00e1bado de 19.00 a 21.00.<br \/>\nNuestra cocina ofrece recetas cl\u00e1sicas, pero revisadas en una clave moderna para sorprender a nuestros hu\u00e9spedes con sabores y aromas siempre nuevos y acogedores.<\/span><\/p>\n<p>Clic en el siguiente <a href=\"https:\/\/silverbistrotrestaurant.menuclick24.it\/en\">link<\/a> para ver nuestro men\u00fa!<\/p>\n<p>Para todos aquellos que deseen probar las delicias preparadas por nuestro chef en la privacidad de su propia habitaci\u00f3n, hay un servicio de habitaciones disponible de 12 a 21 pm.<\/p>\n<\/div>\n<\/div>\n<\/div>\n<\/div>\n<\/div>\n","protected":false},"excerpt":{"rendered":"<p>El Motel Silver tiene un excelente servicio de restaurante, abierto de lunes a s\u00e1bado de 19.00 a 21.00. Nuestra cocina ofrece recetas cl\u00e1sicas, pero revisadas en una clave moderna para sorprender a nuestros hu\u00e9spedes con sabores y aromas siempre nuevos y acogedores. Clic en el siguiente link para ver nuestro men\u00fa! Para todos aquellos que [&hellip;]<\/p>\n","protected":false},"author":3,"featured_media":0,"parent":0,"menu_order":4,"comment_status":"closed","ping_status":"closed","template":"","meta":{"footnotes":""},"class_list":["post-101","page","type-page","status-publish","hentry"],"yoast_head":"<!-- This site is optimized with the Yoast SEO plugin v26.9 - https:\/\/yoast.com\/product\/yoast-seo-wordpress\/ -->\n<title>Restaurante - Silver Motel<\/title>\n<meta name=\"robots\" content=\"index, follow, max-snippet:-1, max-image-preview:large, max-video-preview:-1\" \/>\n<link rel=\"canonical\" href=\"https:\/\/www.motelsilver.it\/es\/restaurante\/\" \/>\n<meta property=\"og:locale\" content=\"es_ES\" \/>\n<meta property=\"og:type\" content=\"article\" \/>\n<meta property=\"og:title\" content=\"Restaurante - Silver Motel\" \/>\n<meta property=\"og:description\" content=\"El Motel Silver tiene un excelente servicio de restaurante, abierto de lunes a s\u00e1bado de 19.00 a 21.00. Nuestra cocina ofrece recetas cl\u00e1sicas, pero revisadas en una clave moderna para sorprender a nuestros hu\u00e9spedes con sabores y aromas siempre nuevos y acogedores. Clic en el siguiente link para ver nuestro men\u00fa! Para todos aquellos que [&hellip;]\" \/>\n<meta property=\"og:url\" content=\"https:\/\/www.motelsilver.it\/es\/restaurante\/\" \/>\n<meta property=\"og:site_name\" content=\"Silver Motel\" \/>\n<meta property=\"article:modified_time\" content=\"2022-04-13T15:03:50+00:00\" \/>\n<meta name=\"twitter:card\" content=\"summary_large_image\" \/>\n<script type=\"application\/ld+json\" class=\"yoast-schema-graph\">{\"@context\":\"https:\/\/schema.org\",\"@graph\":[{\"@type\":\"WebPage\",\"@id\":\"https:\/\/www.motelsilver.it\/es\/restaurante\/\",\"url\":\"https:\/\/www.motelsilver.it\/es\/restaurante\/\",\"name\":\"Restaurante - Silver Motel\",\"isPartOf\":{\"@id\":\"https:\/\/www.motelsilver.it\/es\/#website\"},\"datePublished\":\"2019-05-08T14:58:08+00:00\",\"dateModified\":\"2022-04-13T15:03:50+00:00\",\"breadcrumb\":{\"@id\":\"https:\/\/www.motelsilver.it\/es\/restaurante\/#breadcrumb\"},\"inLanguage\":\"es\",\"potentialAction\":[{\"@type\":\"ReadAction\",\"target\":[\"https:\/\/www.motelsilver.it\/es\/restaurante\/\"]}]},{\"@type\":\"BreadcrumbList\",\"@id\":\"https:\/\/www.motelsilver.it\/es\/restaurante\/#breadcrumb\",\"itemListElement\":[{\"@type\":\"ListItem\",\"position\":1,\"name\":\"Home\",\"item\":\"https:\/\/www.motelsilver.it\/es\/\"},{\"@type\":\"ListItem\",\"position\":2,\"name\":\"Restaurante\"}]},{\"@type\":\"WebSite\",\"@id\":\"https:\/\/www.motelsilver.it\/es\/#website\",\"url\":\"https:\/\/www.motelsilver.it\/es\/\",\"name\":\"Silver Motel\",\"description\":\"Ecco un altro sito ms.decms.eu\",\"potentialAction\":[{\"@type\":\"SearchAction\",\"target\":{\"@type\":\"EntryPoint\",\"urlTemplate\":\"https:\/\/www.motelsilver.it\/es\/?s={search_term_string}\"},\"query-input\":{\"@type\":\"PropertyValueSpecification\",\"valueRequired\":true,\"valueName\":\"search_term_string\"}}],\"inLanguage\":\"es\"}]}<\/script>\n<!-- \/ Yoast SEO plugin. -->","yoast_head_json":{"title":"Restaurante - Silver Motel","robots":{"index":"index","follow":"follow","max-snippet":"max-snippet:-1","max-image-preview":"max-image-preview:large","max-video-preview":"max-video-preview:-1"},"canonical":"https:\/\/www.motelsilver.it\/es\/restaurante\/","og_locale":"es_ES","og_type":"article","og_title":"Restaurante - Silver Motel","og_description":"El Motel Silver tiene un excelente servicio de restaurante, abierto de lunes a s\u00e1bado de 19.00 a 21.00. Nuestra cocina ofrece recetas cl\u00e1sicas, pero revisadas en una clave moderna para sorprender a nuestros hu\u00e9spedes con sabores y aromas siempre nuevos y acogedores. Clic en el siguiente link para ver nuestro men\u00fa! Para todos aquellos que [&hellip;]","og_url":"https:\/\/www.motelsilver.it\/es\/restaurante\/","og_site_name":"Silver Motel","article_modified_time":"2022-04-13T15:03:50+00:00","twitter_card":"summary_large_image","schema":{"@context":"https:\/\/schema.org","@graph":[{"@type":"WebPage","@id":"https:\/\/www.motelsilver.it\/es\/restaurante\/","url":"https:\/\/www.motelsilver.it\/es\/restaurante\/","name":"Restaurante - Silver Motel","isPartOf":{"@id":"https:\/\/www.motelsilver.it\/es\/#website"},"datePublished":"2019-05-08T14:58:08+00:00","dateModified":"2022-04-13T15:03:50+00:00","breadcrumb":{"@id":"https:\/\/www.motelsilver.it\/es\/restaurante\/#breadcrumb"},"inLanguage":"es","potentialAction":[{"@type":"ReadAction","target":["https:\/\/www.motelsilver.it\/es\/restaurante\/"]}]},{"@type":"BreadcrumbList","@id":"https:\/\/www.motelsilver.it\/es\/restaurante\/#breadcrumb","itemListElement":[{"@type":"ListItem","position":1,"name":"Home","item":"https:\/\/www.motelsilver.it\/es\/"},{"@type":"ListItem","position":2,"name":"Restaurante"}]},{"@type":"WebSite","@id":"https:\/\/www.motelsilver.it\/es\/#website","url":"https:\/\/www.motelsilver.it\/es\/","name":"Silver Motel","description":"Ecco un altro sito ms.decms.eu","potentialAction":[{"@type":"SearchAction","target":{"@type":"EntryPoint","urlTemplate":"https:\/\/www.motelsilver.it\/es\/?s={search_term_string}"},"query-input":{"@type":"PropertyValueSpecification","valueRequired":true,"valueName":"search_term_string"}}],"inLanguage":"es"}]}},"acf":[],"_links":{"self":[{"href":"https:\/\/www.motelsilver.it\/es\/wp-json\/wp\/v2\/pages\/101","targetHints":{"allow":["GET"]}}],"collection":[{"href":"https:\/\/www.motelsilver.it\/es\/wp-json\/wp\/v2\/pages"}],"about":[{"href":"https:\/\/www.motelsilver.it\/es\/wp-json\/wp\/v2\/types\/page"}],"author":[{"embeddable":true,"href":"https:\/\/www.motelsilver.it\/es\/wp-json\/wp\/v2\/users\/3"}],"replies":[{"embeddable":true,"href":"https:\/\/www.motelsilver.it\/es\/wp-json\/wp\/v2\/comments?post=101"}],"version-history":[{"count":0,"href":"https:\/\/www.motelsilver.it\/es\/wp-json\/wp\/v2\/pages\/101\/revisions"}],"wp:attachment":[{"href":"https:\/\/www.motelsilver.it\/es\/wp-json\/wp\/v2\/media?parent=101"}],"curies":[{"name":"wp","href":"https:\/\/api.w.org\/{rel}","templated":true}]}}