{"id":100,"date":"2019-05-08T16:57:47","date_gmt":"2019-05-08T14:57:47","guid":{"rendered":"http:\/\/silvermotel.ms.decms.eu\/?page_id=100"},"modified":"2019-08-24T13:33:17","modified_gmt":"2019-08-24T11:33:17","slug":"desayuno-bufe","status":"publish","type":"page","link":"https:\/\/www.motelsilver.it\/es\/servicios\/desayuno-bufe\/","title":{"rendered":"Desayuno Buf\u00e9"},"content":{"rendered":"<p id=\"tw-target-text\" class=\"tw-data-text tw-text-large tw-ta\" dir=\"ltr\" data-placeholder=\"Traduzione\"><span lang=\"es\">El desayuno se sirve en nuestro restaurante de 07.00 a 10.00 y ofrece un rico buf\u00e9 continental capaz de proporcionarle la energ\u00eda adecuada para comenzar el d\u00eda de la mejor manera.<\/span><\/p>\n<p class=\"tw-data-text tw-text-large tw-ta\" dir=\"ltr\" data-placeholder=\"Traduzione\"><span lang=\"es\"> El desayuno tambi\u00e9n se puede servir en la habitaci\u00f3n por un suplemento.<\/span><\/p>\n","protected":false},"excerpt":{"rendered":"<p>El desayuno se sirve en nuestro restaurante de 07.00 a 10.00 y ofrece un rico buf\u00e9 continental capaz de proporcionarle la energ\u00eda adecuada para comenzar el d\u00eda de la mejor manera. El desayuno tambi\u00e9n se puede servir en la habitaci\u00f3n por un suplemento.<\/p>\n","protected":false},"author":3,"featured_media":0,"parent":98,"menu_order":1,"comment_status":"closed","ping_status":"closed","template":"template-single-service.php","meta":{"footnotes":""},"class_list":["post-100","page","type-page","status-publish","hentry"],"yoast_head":"<!-- This site is optimized with the Yoast SEO plugin v26.9 - https:\/\/yoast.com\/product\/yoast-seo-wordpress\/ -->\n<title>Desayuno Buf\u00e9 - Silver Motel<\/title>\n<meta name=\"robots\" content=\"index, follow, max-snippet:-1, max-image-preview:large, max-video-preview:-1\" \/>\n<link rel=\"canonical\" href=\"https:\/\/www.motelsilver.it\/es\/servicios\/desayuno-bufe\/\" \/>\n<meta property=\"og:locale\" content=\"es_ES\" \/>\n<meta property=\"og:type\" content=\"article\" \/>\n<meta property=\"og:title\" content=\"Desayuno Buf\u00e9 - Silver Motel\" \/>\n<meta property=\"og:description\" content=\"El desayuno se sirve en nuestro restaurante de 07.00 a 10.00 y ofrece un rico buf\u00e9 continental capaz de proporcionarle la energ\u00eda adecuada para comenzar el d\u00eda de la mejor manera. El desayuno tambi\u00e9n se puede servir en la habitaci\u00f3n por un suplemento.\" \/>\n<meta property=\"og:url\" content=\"https:\/\/www.motelsilver.it\/es\/servicios\/desayuno-bufe\/\" \/>\n<meta property=\"og:site_name\" content=\"Silver Motel\" \/>\n<meta property=\"article:modified_time\" content=\"2019-08-24T11:33:17+00:00\" \/>\n<meta name=\"twitter:card\" content=\"summary_large_image\" \/>\n<script type=\"application\/ld+json\" class=\"yoast-schema-graph\">{\"@context\":\"https:\/\/schema.org\",\"@graph\":[{\"@type\":\"WebPage\",\"@id\":\"https:\/\/www.motelsilver.it\/es\/servicios\/desayuno-bufe\/\",\"url\":\"https:\/\/www.motelsilver.it\/es\/servicios\/desayuno-bufe\/\",\"name\":\"Desayuno Buf\u00e9 - Silver Motel\",\"isPartOf\":{\"@id\":\"https:\/\/www.motelsilver.it\/es\/#website\"},\"datePublished\":\"2019-05-08T14:57:47+00:00\",\"dateModified\":\"2019-08-24T11:33:17+00:00\",\"breadcrumb\":{\"@id\":\"https:\/\/www.motelsilver.it\/es\/servicios\/desayuno-bufe\/#breadcrumb\"},\"inLanguage\":\"es\",\"potentialAction\":[{\"@type\":\"ReadAction\",\"target\":[\"https:\/\/www.motelsilver.it\/es\/servicios\/desayuno-bufe\/\"]}]},{\"@type\":\"BreadcrumbList\",\"@id\":\"https:\/\/www.motelsilver.it\/es\/servicios\/desayuno-bufe\/#breadcrumb\",\"itemListElement\":[{\"@type\":\"ListItem\",\"position\":1,\"name\":\"Home\",\"item\":\"https:\/\/www.motelsilver.it\/es\/\"},{\"@type\":\"ListItem\",\"position\":2,\"name\":\"Servicios\",\"item\":\"https:\/\/www.motelsilver.it\/es\/servicios\/\"},{\"@type\":\"ListItem\",\"position\":3,\"name\":\"Desayuno Buf\u00e9\"}]},{\"@type\":\"WebSite\",\"@id\":\"https:\/\/www.motelsilver.it\/es\/#website\",\"url\":\"https:\/\/www.motelsilver.it\/es\/\",\"name\":\"Silver Motel\",\"description\":\"Ecco un altro sito ms.decms.eu\",\"potentialAction\":[{\"@type\":\"SearchAction\",\"target\":{\"@type\":\"EntryPoint\",\"urlTemplate\":\"https:\/\/www.motelsilver.it\/es\/?s={search_term_string}\"},\"query-input\":{\"@type\":\"PropertyValueSpecification\",\"valueRequired\":true,\"valueName\":\"search_term_string\"}}],\"inLanguage\":\"es\"}]}<\/script>\n<!-- \/ Yoast SEO plugin. -->","yoast_head_json":{"title":"Desayuno Buf\u00e9 - Silver Motel","robots":{"index":"index","follow":"follow","max-snippet":"max-snippet:-1","max-image-preview":"max-image-preview:large","max-video-preview":"max-video-preview:-1"},"canonical":"https:\/\/www.motelsilver.it\/es\/servicios\/desayuno-bufe\/","og_locale":"es_ES","og_type":"article","og_title":"Desayuno Buf\u00e9 - Silver Motel","og_description":"El desayuno se sirve en nuestro restaurante de 07.00 a 10.00 y ofrece un rico buf\u00e9 continental capaz de proporcionarle la energ\u00eda adecuada para comenzar el d\u00eda de la mejor manera. El desayuno tambi\u00e9n se puede servir en la habitaci\u00f3n por un suplemento.","og_url":"https:\/\/www.motelsilver.it\/es\/servicios\/desayuno-bufe\/","og_site_name":"Silver Motel","article_modified_time":"2019-08-24T11:33:17+00:00","twitter_card":"summary_large_image","schema":{"@context":"https:\/\/schema.org","@graph":[{"@type":"WebPage","@id":"https:\/\/www.motelsilver.it\/es\/servicios\/desayuno-bufe\/","url":"https:\/\/www.motelsilver.it\/es\/servicios\/desayuno-bufe\/","name":"Desayuno Buf\u00e9 - Silver Motel","isPartOf":{"@id":"https:\/\/www.motelsilver.it\/es\/#website"},"datePublished":"2019-05-08T14:57:47+00:00","dateModified":"2019-08-24T11:33:17+00:00","breadcrumb":{"@id":"https:\/\/www.motelsilver.it\/es\/servicios\/desayuno-bufe\/#breadcrumb"},"inLanguage":"es","potentialAction":[{"@type":"ReadAction","target":["https:\/\/www.motelsilver.it\/es\/servicios\/desayuno-bufe\/"]}]},{"@type":"BreadcrumbList","@id":"https:\/\/www.motelsilver.it\/es\/servicios\/desayuno-bufe\/#breadcrumb","itemListElement":[{"@type":"ListItem","position":1,"name":"Home","item":"https:\/\/www.motelsilver.it\/es\/"},{"@type":"ListItem","position":2,"name":"Servicios","item":"https:\/\/www.motelsilver.it\/es\/servicios\/"},{"@type":"ListItem","position":3,"name":"Desayuno Buf\u00e9"}]},{"@type":"WebSite","@id":"https:\/\/www.motelsilver.it\/es\/#website","url":"https:\/\/www.motelsilver.it\/es\/","name":"Silver Motel","description":"Ecco un altro sito ms.decms.eu","potentialAction":[{"@type":"SearchAction","target":{"@type":"EntryPoint","urlTemplate":"https:\/\/www.motelsilver.it\/es\/?s={search_term_string}"},"query-input":{"@type":"PropertyValueSpecification","valueRequired":true,"valueName":"search_term_string"}}],"inLanguage":"es"}]}},"acf":[],"_links":{"self":[{"href":"https:\/\/www.motelsilver.it\/es\/wp-json\/wp\/v2\/pages\/100","targetHints":{"allow":["GET"]}}],"collection":[{"href":"https:\/\/www.motelsilver.it\/es\/wp-json\/wp\/v2\/pages"}],"about":[{"href":"https:\/\/www.motelsilver.it\/es\/wp-json\/wp\/v2\/types\/page"}],"author":[{"embeddable":true,"href":"https:\/\/www.motelsilver.it\/es\/wp-json\/wp\/v2\/users\/3"}],"replies":[{"embeddable":true,"href":"https:\/\/www.motelsilver.it\/es\/wp-json\/wp\/v2\/comments?post=100"}],"version-history":[{"count":0,"href":"https:\/\/www.motelsilver.it\/es\/wp-json\/wp\/v2\/pages\/100\/revisions"}],"up":[{"embeddable":true,"href":"https:\/\/www.motelsilver.it\/es\/wp-json\/wp\/v2\/pages\/98"}],"wp:attachment":[{"href":"https:\/\/www.motelsilver.it\/es\/wp-json\/wp\/v2\/media?parent=100"}],"curies":[{"name":"wp","href":"https:\/\/api.w.org\/{rel}","templated":true}]}}