{"id":70,"date":"2019-05-08T16:34:02","date_gmt":"2019-05-08T14:34:02","guid":{"rendered":"http:\/\/silvermotel.ms.decms.eu\/?page_id=70"},"modified":"2021-06-14T17:30:48","modified_gmt":"2021-06-14T15:30:48","slug":"contacts","status":"publish","type":"page","link":"https:\/\/www.motelsilver.it\/en\/contacts\/","title":{"rendered":"Contacts"},"content":{"rendered":"<p style=\"text-align: center\">\n                <div class='gf_browser_gecko gform_wrapper' id='gform_wrapper_2' ><form method='post' enctype='multipart\/form-data'  id='gform_2'  action='\/en\/wp-json\/wp\/v2\/pages\/70'>\n                        <div class='gform_body'><ul id='gform_fields_2' class='gform_fields top_label form_sublabel_below description_below'><li id='field_2_1'  class='gfield gfield_contains_required field_sublabel_below field_description_below gfield_visibility_visible' ><label class='gfield_label' for='input_2_1' >First Name<span class='gfield_required'>*<\/span><\/label><div class='ginput_container ginput_container_text'><input name='input_1' id='input_2_1' type='text' value='' class='medium'    placeholder='Your Name' aria-required=\"true\" aria-invalid=\"false\" \/><\/div><\/li><li id='field_2_2'  class='gfield gfield_contains_required field_sublabel_below field_description_below gfield_visibility_visible' ><label class='gfield_label' for='input_2_2' >Last name<span class='gfield_required'>*<\/span><\/label><div class='ginput_container ginput_container_text'><input name='input_2' id='input_2_2' type='text' value='' class='medium'    placeholder='Your Last name' aria-required=\"true\" aria-invalid=\"false\" \/><\/div><\/li><li id='field_2_3'  class='gfield gfield_contains_required field_sublabel_below field_description_below gfield_visibility_visible' ><label class='gfield_label' for='input_2_3' >Email<span class='gfield_required'>*<\/span><\/label><div class='ginput_container ginput_container_email'>\n                            <input name='input_3' id='input_2_3' type='text' value='' class='medium'   placeholder='Please enter your e-mail address' aria-required=\"true\" aria-invalid=\"false\" \/>\n                        <\/div><\/li><li id='field_2_4'  class='gfield gfield_contains_required field_sublabel_below field_description_below gfield_visibility_visible' ><label class='gfield_label' for='input_2_4' >Phone number<span class='gfield_required'>*<\/span><\/label><div class='ginput_container ginput_container_phone'><input name='input_4' id='input_2_4' type='text' value='' class='medium'  placeholder='Please enter your phone number' aria-required=\"true\" aria-invalid=\"false\"  \/><\/div><\/li><li id='field_2_5'  class='gfield field_sublabel_below field_description_below gfield_visibility_visible' ><label class='gfield_label' for='input_2_5' >Message<\/label><div class='ginput_container ginput_container_text'><input name='input_5' id='input_2_5' type='text' value='' class='medium'    placeholder='Briefly describe your needs here ...'  aria-invalid=\"false\" \/><\/div><\/li><li id='field_2_6'  class='gfield gfield_contains_required field_sublabel_below field_description_below gfield_visibility_visible' ><label class='gfield_label'  >GDPR<span class='gfield_required'>*<\/span><\/label><div class='ginput_container ginput_container_consent'><input name='input_6.1' id='input_2_6_1' type='checkbox' value='1'  aria-describedby='gfield_consent_description_2_6' aria-required=\"true\" aria-invalid=\"false\"   \/> <label class=\"gfield_consent_label\" for='input_2_6_1' >I consent to the processing of personal data (EU Reg. 679\/2016)<\/label><input type='hidden' name='input_6.2' value='I consent to the processing of personal data (EU Reg. 679\/2016)' class='gform_hidden' \/><input type='hidden' name='input_6.3' value='2' class='gform_hidden' \/><\/div><div class='gfield_description gfield_consent_description' id='gfield_consent_description_2_6'><strong>INFORMATIVA SUL TRATTAMENTO DEI DATI PERSONALI ai sensi degli artt.13 e 14 del Regolamento UE 2016\/679 del 27\/04\/2016<\/strong><br \/>\n<br \/>\nGentile Cliente,<br \/>\ndesideriamo informarLa, ai sensi dell\u2019articolo 13 del Regolamento UE 2016\/679 del 27\/04\/2016, di seguito denominato come <strong>GDPR<\/strong> (Regolamento Generale per la Protezione dei Dati Personali) che, il trattamento dei suoi dati personali avverr\u00e0 con correttezza e trasparenza, per fini leciti e tutelando la sua riservatezza ed i suoi diritti.<br \/>\nTitolare del trattamento \u00e8 la Lombardi Srl sita in via Riccardo Lombardi n. 9\/11-Milano, Tel. 02 48916779, info@silvehm.com, al quale ci si potr\u00e0 rivolgere per esercitare i diritti riconosciuti dal GDPR.<br \/>\n<br \/>\n<strong>FINALIT\u00c0 DEL TRATTAMENTO<\/strong><br \/>\nI dati personalida Lei forniti verranno trattati esclusivamente per le seguenti finalit\u00e0:<br \/>\na) prestazione del servizio di ospitalit\u00e0 alberghiera e altri servizi offerti daHotel Silver;<br \/>\nempimento degli obblighi previsti dalla legge, regolamenti, normativa applicabilee altre disposizioni impartite da autorit\u00e0 investite dalla legge e da organi di vigilanza e controllo.<br \/>\n<strong>Il trattamento dei dati personali per le finalit\u00e0 di cui sopra non richiede il Suo consenso espresso (art. 6 lett. b) e e) del GDPR).<\/strong><br \/>\nI dati richiesti per le finalit\u00e0 di cui alle precedenti lettere a) e b) devono essere obbligatoriamente forniti per l\u2019adempimento degli obblighi di legge e\/o per la conclusione ed esecuzione del rapporto contrattuale e la fornitura dei servizi richiesti. Pertanto il Suo eventuale rifiuto, anche parziale, di fornire tali dati comporterebbe l\u2019impossibilit\u00e0 per il Fornitore di instaurare e gestire il rapporto stesso e di fornire il servizio richiesto.<br \/>\nc) svolgimento di attivit\u00e0 di marketing e promozionali di prodotti e servizi del Titolare, comunicazioni commerciali, sia con mezzi automatizzati senza intervento dell\u2019operatore (es. sms, fax, mms, posta elettronica ecc.) che tradizionali (tramite telefono, posta);<br \/>\nd) elaborazione di studi e ricerche di mercato;<br \/>\ne) conservazione didati anagrafici dell\u2019interessato al fine di accelerare le procedure di registrazione in caso di successivi soggiorni;<br \/>\nf) possibilit\u00e0 di comunicare, da parte del personale autorizzato, a terzi che lo richiedano la presenza dell\u2019interessato nella struttura ricettiva e trasferimento all\u2019interessato delle telefonate o messaggio provenienti dall\u2019esterno.<br \/>\n<strong>Il trattamento dei dati personali per le finalit\u00e0 di cui sopra richiede il suo consenso espresso (art. 7 delGDPR).<\/strong><br \/>\nDetto consenso riguarda sia le modalit\u00e0 di comunicazione automatizzate che quelle tradizionali sopra descritte. Lei avr\u00e0 sempre il diritto di opporsi in maniera agevole e gratuitamente, in tutto o anche solo in parte al trattamento dei Suoi dati per dette finalit\u00e0, escludendo ad esempio le modalit\u00e0 automatizzate di contatto ed esprimendo la sua volont\u00e0 di ricevere comunicazioni commerciali e promozionali esclusivamente attraverso modalit\u00e0 tradizionali di contatto.<br \/>\n<br \/>\n<strong>MODALIT\u00c0 DI TRATTAMENTO DEI DATI<\/strong><br \/>\nIl trattamento dei dati personali \u00e8 realizzato per mezzo delle operazioni indicate all\u2019art. 4 n. 2) GDPR, per le finalit\u00e0 di cui sopra, sia su supporto cartaceo che informatico, per mezzo di strumenti elettronici o comunque automatizzati, nel rispetto della normativa vigente in particolare in materia di riservatezza e sicurezza e in conformit\u00e0 ai principi di correttezza, liceit\u00e0 e trasparenza e tutela dei diritti del Cliente.<br \/>\nIl trattamento \u00e8 svolto direttamente dall\u2019organizzazione del titolare, dai suoi responsabili e\/o incaricati.<br \/>\n<br \/>\n<strong>COMUNICAZIONE E DIFFUSIONE<\/strong><br \/>\nI Suoi dati personali potranno essere comunicati, nei limiti strettamente pertinenti agli obblighi, ai compiti ed alle finalit\u00e0 di cui sopra e nel rispetto della normativa vigente in materia, alle seguenti categorie di soggetti:<br \/>\n<ul><br \/>\n \t<li>soggetti incaricati facenti parte dell'area amministrativa della nostra azienda;<\/li><br \/>\n \t<li>soggetti esterni che eventualmente svolgono per conto della nostra azienda adempimenti fiscali, adempimenti contabili, gestione dei sistemi informativi, nonch\u00e9 trasportatori;<\/li><br \/>\n \t<li>istituti di credito per la gestione dei pagamenti e incassi derivanti dall'esecuzione dei contratti;<\/li><br \/>\n \t<li>soggetti ai quali la facolt\u00e0 di accedere ai dati stessi sia accordata da disposizioni di legge o regolamenti;<\/li><br \/>\n \t<li>altri soggetti previsti dalla legge.<\/li><br \/>\n<\/ul><br \/>\n<strong>PERIODO DI CONSERVAZIONE DEI DATI PERSONALI<\/strong><br \/>\nI dati personali saranno conservati per l\u2019intera durata espressa dal contratto stipulato con il Titolare concluso il quale i dati saranno conservati per l\u2019espletazione dei termini previsti per legge per la conservazione dei documenti amministrativi,dopodich\u00e9,saranno eliminati.<br \/>\n<br \/>\n<strong>DIRITTI DELL\u2019INTERESSATO<\/strong><br \/>\nNella Sua qualit\u00e0 di interessato, Ai sensi dell'art. 13, par.2, lett. b), c), d) del Reg. UE 2016\/679, rivolgendosi al Titolare del trattamento, Lei potr\u00e0 far valere i seguenti diritti, relativi al trattamento dei dati personali:<br \/>\n<ul><br \/>\n \t<li><strong>Diritto di accesso e rettifica<\/strong>\u00a0(articoli 15 e 16 del Regolamento): hai il diritto ad accedere ai tuoi dati personali e di chiedere che gli stessi siano corretti, modificati o integrati. Se lo desideri, ti forniremo una copia dei tuoi dati in nostro possesso.<\/li><br \/>\n \t<li><strong>Diritto alla cancellazione dei dati<\/strong>\u00a0(Art. 17 del Regolamento): nei casi previsti dalla normativa vigente puoi chiedere la cancellazione dei tuoi dati personali. Ricevuta e analizzata la tua richiesta, sar\u00e0 nostra cura cessare il trattamento e cancellare i tuoi dati personali, ove rinvenuta legittima.<\/li><br \/>\n \t<li><strong>Diritto di limitazione di trattamento<\/strong>\u00a0(Art. 18 del Regolamento): hai il diritto di chiedere la limitazione del trattamento dei tuoi dati personali nel caso di trattamenti illeciti o contestazione dell\u2019esattezza dei dati personali da parte dell\u2019interessato.<\/li><br \/>\n \t<li><strong>Diritto alla portabilit\u00e0 dei dati<\/strong>\u00a0(Art. 20 del Regolamento): hai il diritto di chiedere di ottenere, da parte del Titolare del trattamento, i tuoi dati personali al fine di trasmetterli ad altro Titolare, nei casi previsti dall\u2019articolo richiamato.<\/li><br \/>\n \t<li><strong>Diritto di opposizione<\/strong>\u00a0(Art. 21 del Regolamento): hai il diritto di opporti in qualsiasi momento al trattamento dei tuoi dati personali effettuato sulla base di un nostro legittimo interesse, spiegandoci i motivi che giustificano la tua richiesta; prima di accoglierla, E.G.A. Emiliana Grandi Alberghi S.r.l. dovr\u00e0 valutare i motivi della tua richiesta.<\/li><br \/>\n \t<li><strong>Diritto di proporre reclamo<\/strong>\u00a0(Art. 77 del Regolamento): hai il diritto di proporre reclamo innanzi alla competente Autorit\u00e0 Garante per la protezione dei Dati Personali qualora ritenga che sia avvenuta, o sia in corso, una violazione dei tuoi diritti in riferimento al trattamento dei tuoi dati personali.<\/li><br \/>\n \t<li><strong>Diritto di revocare il consenso,<\/strong> nei casi previsti dall'Art.6, par.1, lett. a(oppure dall'art.9, par.2, lett.a)<\/li><br \/>\n<\/ul><br \/>\nPuoi esercitare in qualunque momento i suddetti diritti con riferimento agli specifici trattamenti dei tuoi dati personali da parte di Lombardi srl, scrivendo all\u2019indirizzo email: info@silverhm.com.<\/div><\/li>\n                            <\/ul><\/div>\n        <div class='gform_footer top_label'> <input type='submit' id='gform_submit_button_2' class='gform_button button' value='Submit'  onclick='if(window[\"gf_submitting_2\"]){return false;}  window[\"gf_submitting_2\"]=true;  ' onkeypress='if( event.keyCode == 13 ){ if(window[\"gf_submitting_2\"]){return false;} window[\"gf_submitting_2\"]=true;  jQuery(\"#gform_2\").trigger(\"submit\",[true]); }' \/> \n            <input type='hidden' class='gform_hidden' name='is_submit_2' value='1' \/>\n            <input type='hidden' class='gform_hidden' name='gform_submit' value='2' \/>\n            \n            <input type='hidden' class='gform_hidden' name='gform_unique_id' value='' \/>\n            <input type='hidden' class='gform_hidden' name='state_2' value='WyJ7XCI2LjFcIjpcImYxZmM1MjFlYjZkMjBhN2NlMTc5YzMwOWZlYTgzN2Q3XCIsXCI2LjJcIjpcIjExNTQ5ZmNkOTZlNjgxYzRhY2U2MjhjMmFmODk4ZDk5XCIsXCI2LjNcIjpcImEyNjhjZmQzYTMwOTUyY2JlZWYyZDJhNWVmYmZhZTBmXCJ9IiwiNDdkZTI5M2Y2NjFiNDhkMGE1NWI2ZmRjZmVkN2NhNzIiXQ==' \/>\n            <input type='hidden' class='gform_hidden' name='gform_target_page_number_2' id='gform_target_page_number_2' value='0' \/>\n            <input type='hidden' class='gform_hidden' name='gform_source_page_number_2' id='gform_source_page_number_2' value='1' \/>\n            <input type='hidden' name='gform_field_values' value='' \/>\n            \n        <\/div>\n                        <\/form>\n                        <\/div><\/p>\n","protected":false},"excerpt":{"rendered":"","protected":false},"author":3,"featured_media":0,"parent":0,"menu_order":9,"comment_status":"closed","ping_status":"closed","template":"template-contact-us.php","meta":{"footnotes":""},"class_list":["post-70","page","type-page","status-publish","hentry"],"yoast_head":"<!-- This site is optimized with the Yoast SEO plugin v26.9 - https:\/\/yoast.com\/product\/yoast-seo-wordpress\/ -->\n<title>Contacts - Silver Motel<\/title>\n<meta name=\"robots\" content=\"index, follow, max-snippet:-1, max-image-preview:large, max-video-preview:-1\" \/>\n<link rel=\"canonical\" href=\"https:\/\/www.motelsilver.it\/en\/contacts\/\" \/>\n<meta property=\"og:locale\" content=\"en_US\" \/>\n<meta property=\"og:type\" content=\"article\" \/>\n<meta property=\"og:title\" content=\"Contacts - Silver Motel\" \/>\n<meta property=\"og:url\" content=\"https:\/\/www.motelsilver.it\/en\/contacts\/\" \/>\n<meta property=\"og:site_name\" content=\"Silver Motel\" \/>\n<meta property=\"article:modified_time\" content=\"2021-06-14T15:30:48+00:00\" \/>\n<meta name=\"twitter:card\" content=\"summary_large_image\" \/>\n<script type=\"application\/ld+json\" class=\"yoast-schema-graph\">{\"@context\":\"https:\/\/schema.org\",\"@graph\":[{\"@type\":\"WebPage\",\"@id\":\"https:\/\/www.motelsilver.it\/en\/contacts\/\",\"url\":\"https:\/\/www.motelsilver.it\/en\/contacts\/\",\"name\":\"Contacts - Silver Motel\",\"isPartOf\":{\"@id\":\"https:\/\/www.motelsilver.it\/en\/#website\"},\"datePublished\":\"2019-05-08T14:34:02+00:00\",\"dateModified\":\"2021-06-14T15:30:48+00:00\",\"breadcrumb\":{\"@id\":\"https:\/\/www.motelsilver.it\/en\/contacts\/#breadcrumb\"},\"inLanguage\":\"en-US\",\"potentialAction\":[{\"@type\":\"ReadAction\",\"target\":[\"https:\/\/www.motelsilver.it\/en\/contacts\/\"]}]},{\"@type\":\"BreadcrumbList\",\"@id\":\"https:\/\/www.motelsilver.it\/en\/contacts\/#breadcrumb\",\"itemListElement\":[{\"@type\":\"ListItem\",\"position\":1,\"name\":\"Home\",\"item\":\"https:\/\/www.motelsilver.it\/en\/\"},{\"@type\":\"ListItem\",\"position\":2,\"name\":\"Contacts\"}]},{\"@type\":\"WebSite\",\"@id\":\"https:\/\/www.motelsilver.it\/en\/#website\",\"url\":\"https:\/\/www.motelsilver.it\/en\/\",\"name\":\"Silver Motel\",\"description\":\"Ecco un altro sito ms.decms.eu\",\"potentialAction\":[{\"@type\":\"SearchAction\",\"target\":{\"@type\":\"EntryPoint\",\"urlTemplate\":\"https:\/\/www.motelsilver.it\/en\/?s={search_term_string}\"},\"query-input\":{\"@type\":\"PropertyValueSpecification\",\"valueRequired\":true,\"valueName\":\"search_term_string\"}}],\"inLanguage\":\"en-US\"}]}<\/script>\n<!-- \/ Yoast SEO plugin. -->","yoast_head_json":{"title":"Contacts - Silver Motel","robots":{"index":"index","follow":"follow","max-snippet":"max-snippet:-1","max-image-preview":"max-image-preview:large","max-video-preview":"max-video-preview:-1"},"canonical":"https:\/\/www.motelsilver.it\/en\/contacts\/","og_locale":"en_US","og_type":"article","og_title":"Contacts - Silver Motel","og_url":"https:\/\/www.motelsilver.it\/en\/contacts\/","og_site_name":"Silver Motel","article_modified_time":"2021-06-14T15:30:48+00:00","twitter_card":"summary_large_image","schema":{"@context":"https:\/\/schema.org","@graph":[{"@type":"WebPage","@id":"https:\/\/www.motelsilver.it\/en\/contacts\/","url":"https:\/\/www.motelsilver.it\/en\/contacts\/","name":"Contacts - Silver Motel","isPartOf":{"@id":"https:\/\/www.motelsilver.it\/en\/#website"},"datePublished":"2019-05-08T14:34:02+00:00","dateModified":"2021-06-14T15:30:48+00:00","breadcrumb":{"@id":"https:\/\/www.motelsilver.it\/en\/contacts\/#breadcrumb"},"inLanguage":"en-US","potentialAction":[{"@type":"ReadAction","target":["https:\/\/www.motelsilver.it\/en\/contacts\/"]}]},{"@type":"BreadcrumbList","@id":"https:\/\/www.motelsilver.it\/en\/contacts\/#breadcrumb","itemListElement":[{"@type":"ListItem","position":1,"name":"Home","item":"https:\/\/www.motelsilver.it\/en\/"},{"@type":"ListItem","position":2,"name":"Contacts"}]},{"@type":"WebSite","@id":"https:\/\/www.motelsilver.it\/en\/#website","url":"https:\/\/www.motelsilver.it\/en\/","name":"Silver Motel","description":"Ecco un altro sito ms.decms.eu","potentialAction":[{"@type":"SearchAction","target":{"@type":"EntryPoint","urlTemplate":"https:\/\/www.motelsilver.it\/en\/?s={search_term_string}"},"query-input":{"@type":"PropertyValueSpecification","valueRequired":true,"valueName":"search_term_string"}}],"inLanguage":"en-US"}]}},"acf":[],"_links":{"self":[{"href":"https:\/\/www.motelsilver.it\/en\/wp-json\/wp\/v2\/pages\/70","targetHints":{"allow":["GET"]}}],"collection":[{"href":"https:\/\/www.motelsilver.it\/en\/wp-json\/wp\/v2\/pages"}],"about":[{"href":"https:\/\/www.motelsilver.it\/en\/wp-json\/wp\/v2\/types\/page"}],"author":[{"embeddable":true,"href":"https:\/\/www.motelsilver.it\/en\/wp-json\/wp\/v2\/users\/3"}],"replies":[{"embeddable":true,"href":"https:\/\/www.motelsilver.it\/en\/wp-json\/wp\/v2\/comments?post=70"}],"version-history":[{"count":0,"href":"https:\/\/www.motelsilver.it\/en\/wp-json\/wp\/v2\/pages\/70\/revisions"}],"wp:attachment":[{"href":"https:\/\/www.motelsilver.it\/en\/wp-json\/wp\/v2\/media?parent=70"}],"curies":[{"name":"wp","href":"https:\/\/api.w.org\/{rel}","templated":true}]}}